{"id":1258,"date":"2025-02-11T20:48:20","date_gmt":"2025-02-11T23:48:20","guid":{"rendered":"https:\/\/pos.uel.br\/ppgeciv\/?page_id=1258"},"modified":"2025-08-04T16:12:42","modified_gmt":"2025-08-04T19:12:42","slug":"processo-de-selecao","status":"publish","type":"page","link":"https:\/\/pos.uel.br\/ppgeciv\/processo-de-selecao\/","title":{"rendered":"Processo Seletivo"},"content":{"rendered":"\n<p>O&nbsp;<strong>Programa de P\u00f3s-Gradua\u00e7\u00e3o em Engenharia Civil (PPGECiv)<\/strong>&nbsp;da Universidade Estadual de Londrina oferece uma forma\u00e7\u00e3o s\u00f3lida e atualizada, com oportunidades de pesquisa alinhadas aos desafios contempor\u00e2neos da engenharia.<\/p>\n\n\n\n<p>Anualmente, s\u00e3o disponibilizadas at\u00e9&nbsp;<strong>30 vagas para o curso de Mestrado<\/strong>&nbsp;e&nbsp;<strong>15 vagas para o curso de Doutorado<\/strong>, destinadas a candidatos com potencial acad\u00eamico e interesse em atuar nas \u00e1reas de concentra\u00e7\u00e3o do programa. O processo seletivo \u00e9 realizado&nbsp;<strong>uma vez por ano<\/strong>, com inscri\u00e7\u00f5es geralmente abertas nos meses de&nbsp;<strong>setembro e outubro<\/strong>&nbsp;do ano anterior ao ingresso. A sele\u00e7\u00e3o considera a&nbsp;<strong>disponibilidade de orienta\u00e7\u00e3o dos docentes<\/strong>&nbsp;e o&nbsp;<strong>desempenho do candidato nas etapas do edital<\/strong>.<\/p>\n\n\n\n<p>Al\u00e9m do ingresso como aluno regular, o PPGECiv tamb\u00e9m oferece a possibilidade de participa\u00e7\u00e3o como&nbsp;<strong>Estudante Especial<\/strong>, com matr\u00edcula em disciplinas isoladas dos cursos de mestrado ou doutorado. Essa modalidade \u00e9 ideal para quem deseja iniciar sua trajet\u00f3ria acad\u00eamica, aprofundar conhecimentos espec\u00edficos ou se preparar para futuras sele\u00e7\u00f5es. Geralmente, s\u00e3o publicados&nbsp;<strong>dois editais anuais<\/strong>, um no in\u00edcio do ano letivo e outro pr\u00f3ximo ao segundo semestre.<\/p>\n\n\n\n<p>Os estudantes com dedica\u00e7\u00e3o exclusiva ao programa podem concorrer a&nbsp;<strong>bolsas de fomento<\/strong>&nbsp;oferecidas por ag\u00eancias como a&nbsp;<strong>Capes<\/strong>, o&nbsp;<strong>CNPq<\/strong>&nbsp;e a&nbsp;<strong>Funda\u00e7\u00e3o Arauc\u00e1ria<\/strong>, de acordo com a disponibilidade e crit\u00e9rios vigentes.<\/p>\n\n\n\n<h3 class=\"wp-block-heading\"><\/h3>\n\n\n\n<h3 class=\"wp-block-heading\"><a href=\"https:\/\/pos.uel.br\/ppgeciv\/ingresso_aluno_regular\/\" data-type=\"page\" data-id=\"1004\">Processo Seletivo para Estudante Regular<\/a><\/h3>\n\n\n\n<h3 class=\"wp-block-heading\"><a href=\"https:\/\/pos.uel.br\/ppgeciv\/ingresso_estudante_especial\/\" data-type=\"page\" data-id=\"161\">Processo Seletivo para Estudante Especial<\/a><\/h3>\n\n\n\n<p><\/p>\n","protected":false},"excerpt":{"rendered":"<p>O&nbsp;Programa de P\u00f3s-Gradua\u00e7\u00e3o em Engenharia Civil (PPGECiv)&nbsp;da Universidade Estadual de Londrina oferece uma forma\u00e7\u00e3o s\u00f3lida e atualizada, com oportunidades de pesquisa alinhadas aos desafios contempor\u00e2neos da engenharia. Anualmente, s\u00e3o disponibilizadas at\u00e9&nbsp;30 vagas para o curso de Mestrado&nbsp;e&nbsp;15 vagas para o curso de Doutorado, destinadas a candidatos com potencial acad\u00eamico e interesse em atuar nas \u00e1reas [&hellip;]<\/p>\n","protected":false},"author":7,"featured_media":0,"parent":0,"menu_order":0,"comment_status":"closed","ping_status":"closed","template":"","meta":{"_acf_changed":false,"footnotes":""},"class_list":["post-1258","page","type-page","status-publish","hentry"],"acf":[],"_links":{"self":[{"href":"https:\/\/pos.uel.br\/ppgeciv\/wp-json\/wp\/v2\/pages\/1258","targetHints":{"allow":["GET"]}}],"collection":[{"href":"https:\/\/pos.uel.br\/ppgeciv\/wp-json\/wp\/v2\/pages"}],"about":[{"href":"https:\/\/pos.uel.br\/ppgeciv\/wp-json\/wp\/v2\/types\/page"}],"author":[{"embeddable":true,"href":"https:\/\/pos.uel.br\/ppgeciv\/wp-json\/wp\/v2\/users\/7"}],"replies":[{"embeddable":true,"href":"https:\/\/pos.uel.br\/ppgeciv\/wp-json\/wp\/v2\/comments?post=1258"}],"version-history":[{"count":7,"href":"https:\/\/pos.uel.br\/ppgeciv\/wp-json\/wp\/v2\/pages\/1258\/revisions"}],"predecessor-version":[{"id":3509,"href":"https:\/\/pos.uel.br\/ppgeciv\/wp-json\/wp\/v2\/pages\/1258\/revisions\/3509"}],"wp:attachment":[{"href":"https:\/\/pos.uel.br\/ppgeciv\/wp-json\/wp\/v2\/media?parent=1258"}],"curies":[{"name":"wp","href":"https:\/\/api.w.org\/{rel}","templated":true}]}}