{"id":1248,"date":"2025-02-11T20:32:35","date_gmt":"2025-02-11T23:32:35","guid":{"rendered":"https:\/\/pos.uel.br\/ppgeciv\/?page_id=1248"},"modified":"2025-02-11T20:32:35","modified_gmt":"2025-02-11T23:32:35","slug":"linhas-de-pesquisa","status":"publish","type":"page","link":"https:\/\/pos.uel.br\/ppgeciv\/linhas-de-pesquisa\/","title":{"rendered":"Linhas de Pesquisa"},"content":{"rendered":"\n<p><\/p>\n\n\n\n<ul class=\"wp-block-list\">\n<li><strong><a href=\"https:\/\/pos.uel.br\/ppgeciv\/tecnologia-e-gestao-na-construcao-civil-2\/\" data-type=\"page\" data-id=\"151\">Tecnologia e Gest\u00e3o na Constru\u00e7\u00e3o Civil<\/a><\/strong><br><\/li>\n\n\n\n<li><strong><a href=\"https:\/\/pos.uel.br\/ppgeciv\/geotecnia-e-transportes\/\" data-type=\"page\" data-id=\"157\">Geotecnia e Transportes<\/a><\/strong><br><\/li>\n\n\n\n<li><strong><a href=\"https:\/\/pos.uel.br\/ppgeciv\/saneamento-e-recursos-hidricos\/\" data-type=\"page\" data-id=\"168\">Saneamento e Recursos H\u00eddricos<\/a><\/strong><br><\/li>\n<\/ul>\n\n\n\n<p><\/p>\n","protected":false},"excerpt":{"rendered":"","protected":false},"author":7,"featured_media":0,"parent":0,"menu_order":0,"comment_status":"closed","ping_status":"closed","template":"","meta":{"_acf_changed":false,"footnotes":""},"class_list":["post-1248","page","type-page","status-publish","hentry"],"acf":[],"_links":{"self":[{"href":"https:\/\/pos.uel.br\/ppgeciv\/wp-json\/wp\/v2\/pages\/1248","targetHints":{"allow":["GET"]}}],"collection":[{"href":"https:\/\/pos.uel.br\/ppgeciv\/wp-json\/wp\/v2\/pages"}],"about":[{"href":"https:\/\/pos.uel.br\/ppgeciv\/wp-json\/wp\/v2\/types\/page"}],"author":[{"embeddable":true,"href":"https:\/\/pos.uel.br\/ppgeciv\/wp-json\/wp\/v2\/users\/7"}],"replies":[{"embeddable":true,"href":"https:\/\/pos.uel.br\/ppgeciv\/wp-json\/wp\/v2\/comments?post=1248"}],"version-history":[{"count":1,"href":"https:\/\/pos.uel.br\/ppgeciv\/wp-json\/wp\/v2\/pages\/1248\/revisions"}],"predecessor-version":[{"id":1249,"href":"https:\/\/pos.uel.br\/ppgeciv\/wp-json\/wp\/v2\/pages\/1248\/revisions\/1249"}],"wp:attachment":[{"href":"https:\/\/pos.uel.br\/ppgeciv\/wp-json\/wp\/v2\/media?parent=1248"}],"curies":[{"name":"wp","href":"https:\/\/api.w.org\/{rel}","templated":true}]}}