{"id":114,"date":"2025-02-07T15:36:41","date_gmt":"2025-02-07T18:36:41","guid":{"rendered":"https:\/\/pos.uel.br\/ppgeciv\/?page_id=114"},"modified":"2026-03-25T11:48:34","modified_gmt":"2026-03-25T14:48:34","slug":"regimentos","status":"publish","type":"page","link":"https:\/\/pos.uel.br\/ppgeciv\/regimentos\/","title":{"rendered":"Regimentos"},"content":{"rendered":"\n<h3 class=\"wp-block-heading\">Regulamentos da P\u00f3s-Gradua\u00e7\u00e3o da UEL<\/h3>\n\n\n\n<div class=\"wp-block-file\"><a id=\"wp-block-file--media-e11a955b-edb1-45b6-b153-3d8365539e5f\" href=\"https:\/\/pos.uel.br\/ppgeciv\/wp-content\/uploads\/2025\/02\/RegulamentoStrictosensu-2016-2-CEPE-37-2016.pdf\">REGULAMENTO STRICTO SENSU -2016-2-CEPE-37-2016<\/a><a href=\"https:\/\/pos.uel.br\/ppgeciv\/wp-content\/uploads\/2025\/02\/RegulamentoStrictosensu-2016-2-CEPE-37-2016.pdf\" class=\"wp-block-file__button wp-element-button\" download aria-describedby=\"wp-block-file--media-e11a955b-edb1-45b6-b153-3d8365539e5f\">Baixar<\/a><\/div>\n\n\n\n<p><\/p>\n\n\n\n<p><\/p>\n\n\n\n<h3 class=\"wp-block-heading\">Regulamentos do PPGECiv<\/h3>\n\n\n\n<p><a href=\"https:\/\/pos.uel.br\/ppgeciv\/editais-ppgeciv\/edital-ppgeciv-no-02-2026\/resolucao-n_12026-ppgeciv\/\">Resolu\u00e7\u00e3o PPGECiv n.1\/2026<\/a> &#8211;<\/p>\n\n\n\n<p>Normas e crit\u00e9rios para a classifica\u00e7\u00e3o, distribui\u00e7\u00e3o e manuten\u00e7\u00e3o de Bolsas\u00a0de\u00a0Demanda\u00a0Social.<\/p>\n\n\n\n<div class=\"wp-block-file\"><a id=\"wp-block-file--media-d35fe77c-9555-485b-b877-cedaaef121f0\" href=\"https:\/\/pos.uel.br\/ppgeciv\/wp-content\/uploads\/2025\/02\/Delib-21-2016-Reest-PPG-Eng-Edificacoes-compactado-compressed.pdf\">DELIBERA\u00c7\u00c3O \u2013 C\u00e2mara de P\u00f3s-Gradua\u00e7\u00e3o N\u00ba 21\/2016<\/a><a href=\"https:\/\/pos.uel.br\/ppgeciv\/wp-content\/uploads\/2025\/02\/Delib-21-2016-Reest-PPG-Eng-Edificacoes-compactado-compressed.pdf\" class=\"wp-block-file__button wp-element-button\" download aria-describedby=\"wp-block-file--media-d35fe77c-9555-485b-b877-cedaaef121f0\">Baixar<\/a><\/div>\n\n\n\n<p>Reestrutura o Programa de P\u00f3s-Gradua\u00e7\u00e3o em Engenharia de Edifica\u00e7\u00f5es e Saneamento, que passa a denominar-se Programa de P\u00f3s-Gradua\u00e7\u00e3o em Engenharia Civil, com Cursos de Mestrado e Doutorado.<\/p>\n\n\n\n<p><\/p>\n\n\n\n<div class=\"wp-block-file\"><a id=\"wp-block-file--media-baace7eb-4b7e-42e1-8923-ac84b0ef194f\" href=\"https:\/\/pos.uel.br\/ppgeciv\/wp-content\/uploads\/2025\/02\/Regimento-Dout-Eng-Civil-Res-CEPE-47-2015-compactado.pdf\">REGIMENTO -Dout Eng Civil \u2013 Res CEPE 47 2015<\/a><a href=\"https:\/\/pos.uel.br\/ppgeciv\/wp-content\/uploads\/2025\/02\/Regimento-Dout-Eng-Civil-Res-CEPE-47-2015-compactado.pdf\" class=\"wp-block-file__button wp-element-button\" download aria-describedby=\"wp-block-file--media-baace7eb-4b7e-42e1-8923-ac84b0ef194f\">Baixar<\/a><\/div>\n\n\n\n<p><\/p>\n\n\n\n<p><\/p>\n\n\n\n<p><\/p>\n\n\n\n<h3 class=\"wp-block-heading\">Regulamentos da CAPES e do CNPq<\/h3>\n\n\n\n<div class=\"wp-block-file\"><a id=\"wp-block-file--media-2b7c92f7-48dd-4f63-972e-577850851ec0\" href=\"https:\/\/pos.uel.br\/ppgeciv\/wp-content\/uploads\/2025\/02\/Portaria76-2010-Capes.pdf\">PORTARIA 76-2010 CAPES \u2013 REGULAMENTO DO PROGRAMA DEMANDA SOCIAL<\/a><a href=\"https:\/\/pos.uel.br\/ppgeciv\/wp-content\/uploads\/2025\/02\/Portaria76-2010-Capes.pdf\" class=\"wp-block-file__button wp-element-button\" download aria-describedby=\"wp-block-file--media-2b7c92f7-48dd-4f63-972e-577850851ec0\">Baixar<\/a><\/div>\n\n\n\n<p><\/p>\n\n\n\n<div class=\"wp-block-file\"><a id=\"wp-block-file--media-24379000-c872-4f5f-b7b7-715fd4feccc5\" href=\"https:\/\/pos.uel.br\/ppgeciv\/wp-content\/uploads\/2025\/02\/Portarias_conjuntas_n_1_e_2_Capes_CNPq.pdf\">PORTARIA CONJUNTAS n\u00ba 1 e 2 CAPES CNPQ DE 15 DE JULHO DE 2010<\/a><a href=\"https:\/\/pos.uel.br\/ppgeciv\/wp-content\/uploads\/2025\/02\/Portarias_conjuntas_n_1_e_2_Capes_CNPq.pdf\" class=\"wp-block-file__button wp-element-button\" download aria-describedby=\"wp-block-file--media-24379000-c872-4f5f-b7b7-715fd4feccc5\">Baixar<\/a><\/div>\n\n\n\n<p><\/p>\n\n\n\n<p><\/p>\n\n\n\n<p><\/p>\n","protected":false},"excerpt":{"rendered":"<p>Regulamentos da P\u00f3s-Gradua\u00e7\u00e3o da UEL Regulamentos do PPGECiv Resolu\u00e7\u00e3o PPGECiv n.1\/2026 &#8211; Normas e crit\u00e9rios para a classifica\u00e7\u00e3o, distribui\u00e7\u00e3o e manuten\u00e7\u00e3o de Bolsas\u00a0de\u00a0Demanda\u00a0Social. Reestrutura o Programa de P\u00f3s-Gradua\u00e7\u00e3o em Engenharia de Edifica\u00e7\u00f5es e Saneamento, que passa a denominar-se Programa de P\u00f3s-Gradua\u00e7\u00e3o em Engenharia Civil, com Cursos de Mestrado e Doutorado. Regulamentos da CAPES e do [&hellip;]<\/p>\n","protected":false},"author":7,"featured_media":0,"parent":0,"menu_order":0,"comment_status":"closed","ping_status":"closed","template":"","meta":{"_acf_changed":false,"footnotes":""},"class_list":["post-114","page","type-page","status-publish","hentry"],"acf":[],"_links":{"self":[{"href":"https:\/\/pos.uel.br\/ppgeciv\/wp-json\/wp\/v2\/pages\/114","targetHints":{"allow":["GET"]}}],"collection":[{"href":"https:\/\/pos.uel.br\/ppgeciv\/wp-json\/wp\/v2\/pages"}],"about":[{"href":"https:\/\/pos.uel.br\/ppgeciv\/wp-json\/wp\/v2\/types\/page"}],"author":[{"embeddable":true,"href":"https:\/\/pos.uel.br\/ppgeciv\/wp-json\/wp\/v2\/users\/7"}],"replies":[{"embeddable":true,"href":"https:\/\/pos.uel.br\/ppgeciv\/wp-json\/wp\/v2\/comments?post=114"}],"version-history":[{"count":10,"href":"https:\/\/pos.uel.br\/ppgeciv\/wp-json\/wp\/v2\/pages\/114\/revisions"}],"predecessor-version":[{"id":4142,"href":"https:\/\/pos.uel.br\/ppgeciv\/wp-json\/wp\/v2\/pages\/114\/revisions\/4142"}],"wp:attachment":[{"href":"https:\/\/pos.uel.br\/ppgeciv\/wp-json\/wp\/v2\/media?parent=114"}],"curies":[{"name":"wp","href":"https:\/\/api.w.org\/{rel}","templated":true}]}}