{"id":106,"date":"2025-02-07T15:18:39","date_gmt":"2025-02-07T18:18:39","guid":{"rendered":"https:\/\/pos.uel.br\/ppgeciv\/?page_id=106"},"modified":"2025-02-07T15:35:17","modified_gmt":"2025-02-07T18:35:17","slug":"organizacao-curricular","status":"publish","type":"page","link":"https:\/\/pos.uel.br\/ppgeciv\/organizacao-curricular\/","title":{"rendered":"Organiza\u00e7\u00e3o Curricular"},"content":{"rendered":"\n<p><strong>A organiza\u00e7\u00e3o curricular do Programa de P\u00f3s-Gradua\u00e7\u00e3o em Engenharia Civil, em n\u00edvel de mestrado e doutorado, est\u00e1 estabelecida conforme Delibera\u00e7\u00e3o&nbsp;N\u00ba 21\/2016 da C\u00e2mara de P\u00f3s-Gradua\u00e7\u00e3o, de 12\/2016.<\/strong><\/p>\n\n\n\n<p><strong>I) Para o Mestrado o aluno dever\u00e1 completar 64 (sessenta e quatro) cr\u00e9ditos, correspondentes a 960 (novecentas e sessenta) horas, assim distribu\u00eddas:<\/strong><\/p>\n\n\n\n<p>a) 12 (doze) cr\u00e9ditos em disciplinas obrigat\u00f3rias;<br>b) 12 (doze) cr\u00e9ditos em disciplinas optativas;<br>c) 40 (quarenta) cr\u00e9ditos em Disserta\u00e7\u00e3o;<br>d) 2 (dois) cr\u00e9ditos em Est\u00e1gio em Doc\u00eancia na Gradua\u00e7\u00e3o I.<\/p>\n\n\n\n<p><strong>II) Para o Doutorado o aluno dever\u00e1 completar, pelo menos, 157 (cento e cinquenta e sete) unidades de cr\u00e9dito, assim distribu\u00eddas:<\/strong><\/p>\n\n\n\n<p>a) 09 (nove) cr\u00e9ditos em disciplinas obrigat\u00f3rias;<br>b) 24 (vinte e quatro) cr\u00e9ditos em disciplinas optativas;<br>c) 120 (cento e vinte) cr\u00e9ditos em Tese de Doutorado;<br>d) 4 (quatro) cr\u00e9ditos em Est\u00e1gio em Doc\u00eancia na Gradua\u00e7\u00e3o II e III.<\/p>\n\n\n\n<p><strong>A) DISCIPLINAS DO N\u00daCLEO OBRIGAT\u00d3RIO:<\/strong><\/p>\n\n\n\n<figure class=\"wp-block-table aligncenter\"><table><thead><tr><th class=\"has-text-align-center\" data-align=\"center\"><strong>C\u00f3digo<\/strong><\/th><th class=\"has-text-align-left\" data-align=\"left\"><strong>Disciplina<\/strong><\/th><th class=\"has-text-align-center\" data-align=\"center\">C<strong>r\u00e9ditos<\/strong><\/th><th class=\"has-text-align-center\" data-align=\"center\"><strong>Horas<\/strong><\/th><th class=\"has-text-align-center\" data-align=\"center\"><strong>Curso<\/strong><\/th><\/tr><\/thead><tbody><tr><td class=\"has-text-align-center\" data-align=\"center\">2 CIV 083<\/td><td class=\"has-text-align-left\" data-align=\"left\">Planejamento de Experimentos em Engenharia<\/td><td class=\"has-text-align-center\" data-align=\"center\">3<\/td><td class=\"has-text-align-center\" data-align=\"center\">45<\/td><td class=\"has-text-align-center\" data-align=\"center\">M\/D<\/td><\/tr><tr><td class=\"has-text-align-center\" data-align=\"center\">2 CIV 267<\/td><td class=\"has-text-align-left\" data-align=\"left\">Metodologia de pesquisa em engenharia&nbsp;<\/td><td class=\"has-text-align-center\" data-align=\"center\">3<\/td><td class=\"has-text-align-center\" data-align=\"center\">45<\/td><td class=\"has-text-align-center\" data-align=\"center\">M\/D<\/td><\/tr><tr><td class=\"has-text-align-center\" data-align=\"center\">2 CIV 368<\/td><td class=\"has-text-align-left\" data-align=\"left\">Semin\u00e1rios I<\/td><td class=\"has-text-align-center\" data-align=\"center\">1<\/td><td class=\"has-text-align-center\" data-align=\"center\">15<\/td><td class=\"has-text-align-center\" data-align=\"center\">M<\/td><\/tr><tr><td class=\"has-text-align-center\" data-align=\"center\">2 CIV 140<\/td><td class=\"has-text-align-left\" data-align=\"left\">Semin\u00e1rios II<\/td><td class=\"has-text-align-center\" data-align=\"center\">2<\/td><td class=\"has-text-align-center\" data-align=\"center\">30<\/td><td class=\"has-text-align-center\" data-align=\"center\">M<\/td><\/tr><tr><td class=\"has-text-align-center\" data-align=\"center\">2 CIV 268<\/td><td class=\"has-text-align-left\" data-align=\"left\">Semin\u00e1rios III&nbsp;<\/td><td class=\"has-text-align-center\" data-align=\"center\">1<\/td><td class=\"has-text-align-center\" data-align=\"center\">15<\/td><td class=\"has-text-align-center\" data-align=\"center\">D<\/td><\/tr><tr><td class=\"has-text-align-center\" data-align=\"center\">2 CIV 269<\/td><td class=\"has-text-align-left\" data-align=\"left\">Semin\u00e1rios IV&nbsp;<\/td><td class=\"has-text-align-center\" data-align=\"center\">2<\/td><td class=\"has-text-align-center\" data-align=\"center\">30<\/td><td class=\"has-text-align-center\" data-align=\"center\">D<\/td><\/tr><tr><td class=\"has-text-align-center\" data-align=\"center\">2 CIV 270<\/td><td class=\"has-text-align-left\" data-align=\"left\">Sustentabilidade ambiental urbana<\/td><td class=\"has-text-align-center\" data-align=\"center\">3<\/td><td class=\"has-text-align-center\" data-align=\"center\">45<\/td><td class=\"has-text-align-center\" data-align=\"center\">M\/D<\/td><\/tr><\/tbody><\/table><\/figure>\n\n\n\n<p><strong>B) DISCIPLINAS DO N\u00daCLEO COMPLEMENTAR:<\/strong><\/p>\n\n\n\n<figure class=\"wp-block-table aligncenter\"><table><thead><tr><th>C\u00f3digo<\/th><th>Disciplina<\/th><th class=\"has-text-align-center\" data-align=\"center\">Cr\u00e9ditos<\/th><th class=\"has-text-align-center\" data-align=\"center\">Horas<\/th><th class=\"has-text-align-center\" data-align=\"center\">Curso<\/th><\/tr><\/thead><tbody><tr><td>2 CIV 271<\/td><td>Gerenciamento e reciclagem de res\u00edduos s\u00f3lidos urbanos&nbsp;<\/td><td class=\"has-text-align-center\" data-align=\"center\">3<\/td><td class=\"has-text-align-center\" data-align=\"center\">45<\/td><td class=\"has-text-align-center\" data-align=\"center\">M\/D<\/td><\/tr><tr><td>2 CIV 272<\/td><td>Tratamento de \u00e1guas residu\u00e1rias<\/td><td class=\"has-text-align-center\" data-align=\"center\">3<\/td><td class=\"has-text-align-center\" data-align=\"center\">45<\/td><td class=\"has-text-align-center\" data-align=\"center\">M\/D<\/td><\/tr><tr><td>2 CIV 273<\/td><td>Tecnologia e Dosagem dos Concretos Convencionais e Especiais<\/td><td class=\"has-text-align-center\" data-align=\"center\">3<\/td><td class=\"has-text-align-center\" data-align=\"center\">45<\/td><td class=\"has-text-align-center\" data-align=\"center\">M\/D<\/td><\/tr><tr><td>2 CIV 274<\/td><td>Concretos e argamassas produzidos com res\u00edduos<\/td><td class=\"has-text-align-center\" data-align=\"center\">3<\/td><td class=\"has-text-align-center\" data-align=\"center\">45<\/td><td class=\"has-text-align-center\" data-align=\"center\">M\/D<\/td><\/tr><tr><td>2 CIV XXX<\/td><td>Planejamento urbano, transportes e mobilidade<\/td><td class=\"has-text-align-center\" data-align=\"center\">3<\/td><td class=\"has-text-align-center\" data-align=\"center\">45<\/td><td class=\"has-text-align-center\" data-align=\"center\">M\/D<\/td><\/tr><tr><td>2 CIV 275<\/td><td>Tecnologia das argamassas<\/td><td class=\"has-text-align-center\" data-align=\"center\">3<\/td><td class=\"has-text-align-center\" data-align=\"center\">45<\/td><td class=\"has-text-align-center\" data-align=\"center\">M\/D<\/td><\/tr><tr><td>2 CIV 276<\/td><td>Manifesta\u00e7\u00f5es Patol\u00f3gicas em Edifica\u00e7\u00f5es&nbsp;<\/td><td class=\"has-text-align-center\" data-align=\"center\">3<\/td><td class=\"has-text-align-center\" data-align=\"center\">45<\/td><td class=\"has-text-align-center\" data-align=\"center\">M\/D<\/td><\/tr><tr><td>2 CIV 277<\/td><td>Tratamento avan\u00e7ado de \u00e1guas residu\u00e1rias<\/td><td class=\"has-text-align-center\" data-align=\"center\">3<\/td><td class=\"has-text-align-center\" data-align=\"center\">45<\/td><td class=\"has-text-align-center\" data-align=\"center\">M\/D<\/td><\/tr><tr><td>2 CIV 278<\/td><td>Qualidade de \u00e1guas&nbsp;<\/td><td class=\"has-text-align-center\" data-align=\"center\">3<\/td><td class=\"has-text-align-center\" data-align=\"center\">45<\/td><td class=\"has-text-align-center\" data-align=\"center\">M\/D<\/td><\/tr><tr><td>2 CIV 279<\/td><td>Tratamento de \u00e1guas para consumo humano&nbsp;<\/td><td class=\"has-text-align-center\" data-align=\"center\">3<\/td><td class=\"has-text-align-center\" data-align=\"center\">45<\/td><td class=\"has-text-align-center\" data-align=\"center\">M\/D<\/td><\/tr><tr><td>2 CIV 280<\/td><td>M\u00e9todos Anal\u00edticos Aplicados a Engenharia Sanit\u00e1ria<\/td><td class=\"has-text-align-center\" data-align=\"center\">3<\/td><td class=\"has-text-align-center\" data-align=\"center\">45<\/td><td class=\"has-text-align-center\" data-align=\"center\">M\/D<\/td><\/tr><tr><td>2 CIV 385<\/td><td>An\u00e1lise de sistemas de transporte<\/td><td class=\"has-text-align-center\" data-align=\"center\">3<\/td><td class=\"has-text-align-center\" data-align=\"center\">45<\/td><td class=\"has-text-align-center\" data-align=\"center\">M\/D<\/td><\/tr><tr><td>2 CIV 375<\/td><td>Desempenho T\u00e9rmico de Edifica\u00e7\u00f5es<\/td><td class=\"has-text-align-center\" data-align=\"center\">3<\/td><td class=\"has-text-align-center\" data-align=\"center\">45<\/td><td class=\"has-text-align-center\" data-align=\"center\">M\/D<\/td><\/tr><tr><td>2 CIV 378&nbsp;<\/td><td>Efici\u00eancia Energ\u00e9tica em Edifica\u00e7\u00f5es<\/td><td class=\"has-text-align-center\" data-align=\"center\">3<\/td><td class=\"has-text-align-center\" data-align=\"center\">45<\/td><td class=\"has-text-align-center\" data-align=\"center\">M\/D<\/td><\/tr><tr><td>2 CIV 386<\/td><td>Projeto de pavimentos flex\u00edveis<\/td><td class=\"has-text-align-center\" data-align=\"center\">3<\/td><td class=\"has-text-align-center\" data-align=\"center\">45<\/td><td class=\"has-text-align-center\" data-align=\"center\">M\/D<\/td><\/tr><tr><td>2 CIV 281<\/td><td>Res\u00edduos Gerados nos Processos de Tratamento de \u00c1guas e Esgoto Sanit\u00e1rio<\/td><td class=\"has-text-align-center\" data-align=\"center\">3<\/td><td class=\"has-text-align-center\" data-align=\"center\">45<\/td><td class=\"has-text-align-center\" data-align=\"center\">M\/D<\/td><\/tr><tr><td>2 CIV 282<\/td><td>Prototipagem do processo de produ\u00e7\u00e3o na constru\u00e7\u00e3o civil&nbsp;<\/td><td class=\"has-text-align-center\" data-align=\"center\">3<\/td><td class=\"has-text-align-center\" data-align=\"center\">45<\/td><td class=\"has-text-align-center\" data-align=\"center\">M\/D<\/td><\/tr><tr><td>2 CIV 283<\/td><td>Gerenciamento na constru\u00e7\u00e3o civil&nbsp;<\/td><td class=\"has-text-align-center\" data-align=\"center\">3<\/td><td class=\"has-text-align-center\" data-align=\"center\">45<\/td><td class=\"has-text-align-center\" data-align=\"center\">M\/D<\/td><\/tr><tr><td>2 CIV 284<\/td><td>Sistemas de ger\u00eancia de pavimentos&nbsp;<\/td><td class=\"has-text-align-center\" data-align=\"center\">3<\/td><td class=\"has-text-align-center\" data-align=\"center\">45<\/td><td class=\"has-text-align-center\" data-align=\"center\">M\/D<\/td><\/tr><tr><td>2 CIV 285<\/td><td>Mec\u00e2nica dos solos experimental<\/td><td class=\"has-text-align-center\" data-align=\"center\">3<\/td><td class=\"has-text-align-center\" data-align=\"center\">45<\/td><td class=\"has-text-align-center\" data-align=\"center\">M\/D<\/td><\/tr><tr><td>2 CIV 286<\/td><td>Hidrologia&nbsp;<\/td><td class=\"has-text-align-center\" data-align=\"center\">3<\/td><td class=\"has-text-align-center\" data-align=\"center\">45<\/td><td class=\"has-text-align-center\" data-align=\"center\">M\/D<\/td><\/tr><tr><td>2 CIV XXX<\/td><td>T\u00f3picos especiais em Constru\u00e7\u00e3o Civil<\/td><td class=\"has-text-align-center\" data-align=\"center\"><\/td><td class=\"has-text-align-center\" data-align=\"center\"><\/td><td class=\"has-text-align-center\" data-align=\"center\">&nbsp;M\/D<\/td><\/tr><tr><td>2 CIV XXX<\/td><td>T\u00f3picos especiais em Saneamento e Recursos H\u00eddricos<\/td><td class=\"has-text-align-center\" data-align=\"center\"><\/td><td class=\"has-text-align-center\" data-align=\"center\"><\/td><td class=\"has-text-align-center\" data-align=\"center\">&nbsp;M\/D<\/td><\/tr><\/tbody><\/table><\/figure>\n\n\n\n<p><\/p>\n","protected":false},"excerpt":{"rendered":"<p>A organiza\u00e7\u00e3o curricular do Programa de P\u00f3s-Gradua\u00e7\u00e3o em Engenharia Civil, em n\u00edvel de mestrado e doutorado, est\u00e1 estabelecida conforme Delibera\u00e7\u00e3o&nbsp;N\u00ba 21\/2016 da C\u00e2mara de P\u00f3s-Gradua\u00e7\u00e3o, de 12\/2016. I) Para o Mestrado o aluno dever\u00e1 completar 64 (sessenta e quatro) cr\u00e9ditos, correspondentes a 960 (novecentas e sessenta) horas, assim distribu\u00eddas: a) 12 (doze) cr\u00e9ditos em disciplinas [&hellip;]<\/p>\n","protected":false},"author":7,"featured_media":0,"parent":0,"menu_order":0,"comment_status":"closed","ping_status":"closed","template":"","meta":{"_acf_changed":false,"footnotes":""},"class_list":["post-106","page","type-page","status-publish","hentry"],"acf":[],"_links":{"self":[{"href":"https:\/\/pos.uel.br\/ppgeciv\/wp-json\/wp\/v2\/pages\/106","targetHints":{"allow":["GET"]}}],"collection":[{"href":"https:\/\/pos.uel.br\/ppgeciv\/wp-json\/wp\/v2\/pages"}],"about":[{"href":"https:\/\/pos.uel.br\/ppgeciv\/wp-json\/wp\/v2\/types\/page"}],"author":[{"embeddable":true,"href":"https:\/\/pos.uel.br\/ppgeciv\/wp-json\/wp\/v2\/users\/7"}],"replies":[{"embeddable":true,"href":"https:\/\/pos.uel.br\/ppgeciv\/wp-json\/wp\/v2\/comments?post=106"}],"version-history":[{"count":4,"href":"https:\/\/pos.uel.br\/ppgeciv\/wp-json\/wp\/v2\/pages\/106\/revisions"}],"predecessor-version":[{"id":113,"href":"https:\/\/pos.uel.br\/ppgeciv\/wp-json\/wp\/v2\/pages\/106\/revisions\/113"}],"wp:attachment":[{"href":"https:\/\/pos.uel.br\/ppgeciv\/wp-json\/wp\/v2\/media?parent=106"}],"curies":[{"name":"wp","href":"https:\/\/api.w.org\/{rel}","templated":true}]}}