{"id":883,"date":"2023-02-18T12:45:39","date_gmt":"2023-02-18T15:45:39","guid":{"rendered":"https:\/\/pos.uel.br\/ppgci\/?page_id=883"},"modified":"2023-03-07T14:05:43","modified_gmt":"2023-03-07T17:05:43","slug":"doutorado-sanduiche","status":"publish","type":"page","link":"https:\/\/pos.uel.br\/ppgci\/doutorado-sanduiche\/","title":{"rendered":"Doutorado sandu\u00edche"},"content":{"rendered":"\n<p><\/p>\n\n\n\n<p class=\"has-text-align-center has-medium-font-size\"><strong>O Programa de P\u00f3s-gradua\u00e7\u00e3o em Ci\u00eancia da Informa\u00e7\u00e3o (PPGCI UEL) divulga os editais e resultados dos processos seletivos de Doutorado Sandu\u00edche no Exterior.<\/strong><\/p>\n\n\n\n<div class=\"wp-block-uel-card\">\n<h4 class=\"has-text-align-center has-primary-accent-color has-text-color has-medium-font-size wp-block-heading\">2023<\/h4>\n\n\n\n<div class=\"wp-block-group has-site-background-background-color has-background is-content-justification-center is-nowrap is-layout-flex wp-container-core-group-is-layout-94bc23d7 wp-block-group-is-layout-flex\">\n<p class=\"has-text-align-center has-primary-text-color has-site-background-background-color has-text-color has-background\" style=\"font-size:16px\"><a rel=\"noreferrer noopener\" href=\"https:\/\/pos.uel.br\/ppgci\/wp-content\/uploads\/2023\/02\/Edital-PPGCI-04-2023_DoutoradoSanduiche.pdf\" data-type=\"URL\" data-id=\"https:\/\/pos.uel.br\/ppgci\/wp-content\/uploads\/2023\/02\/Edital-PPGCI-04-2023_DoutoradoSanduiche.pdf\" target=\"_blank\"><strong>EDITAL DE SELE\u00c7\u00c3O<\/strong><\/a><\/p>\n\n\n\n<p class=\"has-text-align-center has-site-background-background-color has-background\"><strong><a href=\"https:\/\/pos.uel.br\/ppgci\/wp-content\/uploads\/2023\/03\/Edital-PPGCI-07-2023-resultado-bolsa-doutorado-sanduiche.pdf\" data-type=\"URL\" data-id=\"https:\/\/pos.uel.br\/ppgci\/wp-content\/uploads\/2023\/03\/Edital-PPGCI-07-2023-resultado-bolsa-doutorado-sanduiche.pdf\" target=\"_blank\" rel=\"noreferrer noopener\">RESULTADO FINAL DA SELE\u00c7\u00c3O INTERNA<\/a><\/strong><\/p>\n<\/div>\n<\/div>\n\n\n\n<div class=\"wp-block-uel-card\">\n<h4 class=\"has-text-align-center has-primary-accent-color has-text-color has-medium-font-size wp-block-heading\">2020<\/h4>\n\n\n\n<div class=\"wp-block-group has-site-background-background-color has-background is-horizontal is-content-justification-center is-layout-flex wp-container-core-group-is-layout-ddb39544 wp-block-group-is-layout-flex\">\n<p class=\"has-site-background-background-color has-background\" style=\"font-size:16px\"><strong><a rel=\"noreferrer noopener\" href=\"https:\/\/pos.uel.br\/ppgci\/wp-content\/uploads\/2023\/02\/EDITAL-No-006-2020_Doutorado-Sanduiche_PPGCI.pdf\" data-type=\"URL\" data-id=\"https:\/\/pos.uel.br\/ppgci\/wp-content\/uploads\/2023\/02\/EDITAL-No-006-2020_Doutorado-Sanduiche_PPGCI.pdf\" target=\"_blank\">EDITAL DE SELE\u00c7\u00c3O<\/a><\/strong><\/p>\n\n\n\n<p class=\"has-text-align-center has-site-background-background-color has-background\" style=\"font-size:16px\"><strong><a rel=\"noreferrer noopener\" href=\"https:\/\/pos.uel.br\/ppgci\/wp-content\/uploads\/2023\/02\/Ata-Edital-EDITAL-No-006-2020_Doutorado-Sanduiche_PPGCI.pdf\" data-type=\"URL\" data-id=\"https:\/\/pos.uel.br\/ppgci\/wp-content\/uploads\/2023\/02\/Ata-Edital-EDITAL-No-006-2020_Doutorado-Sanduiche_PPGCI.pdf\" target=\"_blank\">ATA REFERENTE AO EDITAL<\/a><\/strong><\/p>\n\n\n\n<p class=\"has-text-align-center has-site-background-background-color has-background\" style=\"font-size:16px\"><strong><a rel=\"noreferrer noopener\" href=\"https:\/\/pos.uel.br\/ppgci\/wp-content\/uploads\/2023\/02\/Edital-004-2020_Doutorado-Sanduiche_RESULTADO-final.pdf\" data-type=\"URL\" data-id=\"https:\/\/pos.uel.br\/ppgci\/wp-content\/uploads\/2023\/02\/Edital-004-2020_Doutorado-Sanduiche_RESULTADO-final.pdf\" target=\"_blank\">RESULTADO FINAL DA SELE\u00c7\u00c3O INTERNA<\/a><\/strong><\/p>\n<\/div>\n<\/div>\n","protected":false},"excerpt":{"rendered":"<p>O Programa de P\u00f3s-gradua\u00e7\u00e3o em Ci\u00eancia da Informa\u00e7\u00e3o (PPGCI UEL) divulga os editais e resultados dos processos seletivos de Doutorado Sandu\u00edche no Exterior.<\/p>\n","protected":false},"author":9,"featured_media":0,"parent":0,"menu_order":0,"comment_status":"closed","ping_status":"closed","template":"","meta":{"footnotes":""},"class_list":["post-883","page","type-page","status-publish","hentry"],"_links":{"self":[{"href":"https:\/\/pos.uel.br\/ppgci\/wp-json\/wp\/v2\/pages\/883","targetHints":{"allow":["GET"]}}],"collection":[{"href":"https:\/\/pos.uel.br\/ppgci\/wp-json\/wp\/v2\/pages"}],"about":[{"href":"https:\/\/pos.uel.br\/ppgci\/wp-json\/wp\/v2\/types\/page"}],"author":[{"embeddable":true,"href":"https:\/\/pos.uel.br\/ppgci\/wp-json\/wp\/v2\/users\/9"}],"replies":[{"embeddable":true,"href":"https:\/\/pos.uel.br\/ppgci\/wp-json\/wp\/v2\/comments?post=883"}],"version-history":[{"count":14,"href":"https:\/\/pos.uel.br\/ppgci\/wp-json\/wp\/v2\/pages\/883\/revisions"}],"predecessor-version":[{"id":1198,"href":"https:\/\/pos.uel.br\/ppgci\/wp-json\/wp\/v2\/pages\/883\/revisions\/1198"}],"wp:attachment":[{"href":"https:\/\/pos.uel.br\/ppgci\/wp-json\/wp\/v2\/media?parent=883"}],"curies":[{"name":"wp","href":"https:\/\/api.w.org\/{rel}","templated":true}]}}