{"id":8,"date":"2021-04-29T13:57:21","date_gmt":"2021-04-29T16:57:21","guid":{"rendered":"https:\/\/pos.uel.br\/ppgci\/?page_id=8"},"modified":"2024-07-23T21:28:49","modified_gmt":"2024-07-24T00:28:49","slug":"sobre-o-programa","status":"publish","type":"page","link":"https:\/\/pos.uel.br\/ppgci\/sobre-o-programa\/","title":{"rendered":"Sobre o programa"},"content":{"rendered":"\n<blockquote class=\"wp-block-quote is-layout-flow wp-block-quote-is-layout-flow\">\n<ul class=\"wp-block-list\">\n<li><a href=\"https:\/\/pos.uel.br\/ppgci\/apresentacao\/\" target=\"_blank\" rel=\"noreferrer noopener\">Apresenta\u00e7\u00e3o<\/a><\/li>\n\n\n\n<li><a href=\"https:\/\/pos.uel.br\/ppgci\/historico\/\" target=\"_blank\" rel=\"noreferrer noopener\">Hist\u00f3rico<\/a><\/li>\n\n\n\n<li><a href=\"https:\/\/pos.uel.br\/ppgci\/areas-de-concentracao\/\" target=\"_blank\" rel=\"noreferrer noopener\">\u00c1reas de concentra\u00e7\u00e3o<\/a><\/li>\n\n\n\n<li><a href=\"https:\/\/pos.uel.br\/ppgci\/linhas-de-pesquisa\/\" target=\"_blank\" rel=\"noreferrer noopener\">Linhas de pesquisa<\/a><\/li>\n\n\n\n<li><a href=\"https:\/\/pos.uel.br\/ppgci\/contatos\/\" target=\"_blank\" rel=\"noreferrer noopener\">Contatos<\/a><\/li>\n\n\n\n<li><a href=\"https:\/\/pos.uel.br\/ppgci\/coordenacao\/\" data-type=\"URL\" data-id=\"https:\/\/pos.uel.br\/ppgci\/coordenacao\/\" target=\"_blank\" rel=\"noreferrer noopener\">Coordena\u00e7\u00e3o<\/a><\/li>\n\n\n\n<li><a href=\"https:\/\/pos.uel.br\/ppgci\/memoria-da-coordenacao\/\" data-type=\"URL\" data-id=\"https:\/\/pos.uel.br\/ppgci\/memoria-da-coordenacao\/\" target=\"_blank\" rel=\"noreferrer noopener\">Mem\u00f3ria da coordena\u00e7\u00e3o<\/a><\/li>\n\n\n\n<li><a href=\"https:\/\/pos.uel.br\/ppgci\/planejamento-do-programa\/\" data-type=\"URL\" data-id=\"https:\/\/pos.uel.br\/ppgci\/planejamento-do-programa\/\" target=\"_blank\" rel=\"noreferrer noopener\">Planejamento do programa<\/a><\/li>\n<\/ul>\n<\/blockquote>\n\n\n\n<p><\/p>\n","protected":false},"excerpt":{"rendered":"","protected":false},"author":7,"featured_media":0,"parent":0,"menu_order":0,"comment_status":"closed","ping_status":"closed","template":"","meta":{"footnotes":""},"class_list":["post-8","page","type-page","status-publish","hentry"],"_links":{"self":[{"href":"https:\/\/pos.uel.br\/ppgci\/wp-json\/wp\/v2\/pages\/8","targetHints":{"allow":["GET"]}}],"collection":[{"href":"https:\/\/pos.uel.br\/ppgci\/wp-json\/wp\/v2\/pages"}],"about":[{"href":"https:\/\/pos.uel.br\/ppgci\/wp-json\/wp\/v2\/types\/page"}],"author":[{"embeddable":true,"href":"https:\/\/pos.uel.br\/ppgci\/wp-json\/wp\/v2\/users\/7"}],"replies":[{"embeddable":true,"href":"https:\/\/pos.uel.br\/ppgci\/wp-json\/wp\/v2\/comments?post=8"}],"version-history":[{"count":8,"href":"https:\/\/pos.uel.br\/ppgci\/wp-json\/wp\/v2\/pages\/8\/revisions"}],"predecessor-version":[{"id":1692,"href":"https:\/\/pos.uel.br\/ppgci\/wp-json\/wp\/v2\/pages\/8\/revisions\/1692"}],"wp:attachment":[{"href":"https:\/\/pos.uel.br\/ppgci\/wp-json\/wp\/v2\/media?parent=8"}],"curies":[{"name":"wp","href":"https:\/\/api.w.org\/{rel}","templated":true}]}}