{"id":72,"date":"2021-05-16T12:21:19","date_gmt":"2021-05-16T15:21:19","guid":{"rendered":"https:\/\/pos.uel.br\/ppgci\/?page_id=72"},"modified":"2025-02-14T14:14:31","modified_gmt":"2025-02-14T17:14:31","slug":"publicacoes","status":"publish","type":"page","link":"https:\/\/pos.uel.br\/ppgci\/publicacoes\/","title":{"rendered":"Publica\u00e7\u00f5es"},"content":{"rendered":"\n<blockquote class=\"wp-block-quote is-layout-flow wp-block-quote-is-layout-flow\">\n<ul class=\"wp-block-list\">\n<li><a href=\"https:\/\/repositorio.uel.br\/home\">Reposit\u00f3rio UEL<\/a><\/li>\n\n\n\n<li><a href=\"https:\/\/pos.uel.br\/ppgci\/informacao-informacao\/\" target=\"_blank\" rel=\"noreferrer noopener\">Informa\u00e7\u00e3o &amp; Informa\u00e7\u00e3o<\/a><\/li>\n\n\n\n<li><a href=\"https:\/\/pos.uel.br\/ppgci\/informacaoprofissoes\/\" target=\"_blank\" rel=\"noreferrer noopener\">Informa\u00e7\u00e3o@Profiss\u00f5es<\/a><\/li>\n\n\n\n<li><a href=\"https:\/\/pos.uel.br\/ppgci\/tesauro-brasileiro-de-ciencia-da-informacao-tbci\/\" target=\"_blank\" rel=\"noreferrer noopener\">Tesauro Brasileiro de Ci\u00eancia da Informa\u00e7\u00e3o (TBCI)<\/a><\/li>\n<\/ul>\n<\/blockquote>\n\n\n\n<p><\/p>\n","protected":false},"excerpt":{"rendered":"","protected":false},"author":7,"featured_media":0,"parent":0,"menu_order":0,"comment_status":"closed","ping_status":"closed","template":"","meta":{"footnotes":""},"class_list":["post-72","page","type-page","status-publish","hentry"],"_links":{"self":[{"href":"https:\/\/pos.uel.br\/ppgci\/wp-json\/wp\/v2\/pages\/72","targetHints":{"allow":["GET"]}}],"collection":[{"href":"https:\/\/pos.uel.br\/ppgci\/wp-json\/wp\/v2\/pages"}],"about":[{"href":"https:\/\/pos.uel.br\/ppgci\/wp-json\/wp\/v2\/types\/page"}],"author":[{"embeddable":true,"href":"https:\/\/pos.uel.br\/ppgci\/wp-json\/wp\/v2\/users\/7"}],"replies":[{"embeddable":true,"href":"https:\/\/pos.uel.br\/ppgci\/wp-json\/wp\/v2\/comments?post=72"}],"version-history":[{"count":6,"href":"https:\/\/pos.uel.br\/ppgci\/wp-json\/wp\/v2\/pages\/72\/revisions"}],"predecessor-version":[{"id":1812,"href":"https:\/\/pos.uel.br\/ppgci\/wp-json\/wp\/v2\/pages\/72\/revisions\/1812"}],"wp:attachment":[{"href":"https:\/\/pos.uel.br\/ppgci\/wp-json\/wp\/v2\/media?parent=72"}],"curies":[{"name":"wp","href":"https:\/\/api.w.org\/{rel}","templated":true}]}}