{"id":44,"date":"2021-04-29T14:10:18","date_gmt":"2021-04-29T17:10:18","guid":{"rendered":"https:\/\/pos.uel.br\/ppgci\/?page_id=44"},"modified":"2023-02-24T11:50:09","modified_gmt":"2023-02-24T14:50:09","slug":"formularios-2","status":"publish","type":"page","link":"https:\/\/pos.uel.br\/ppgci\/formularios-2\/","title":{"rendered":"Formul\u00e1rios e Requerimentos"},"content":{"rendered":"\n<div class=\"wp-block-uel-card\">\n<div class=\"wp-block-buttons alignfull is-content-justification-left is-layout-flex wp-container-core-buttons-is-layout-fdcfc74e wp-block-buttons-is-layout-flex\">\n<div class=\"wp-block-button has-custom-width wp-block-button__width-100 has-custom-font-size is-style-fill has-medium-font-size\"><a class=\"wp-block-button__link has-primary-accent-color has-site-background-background-color has-text-color has-background wp-element-button\" href=\"https:\/\/pos.uel.br\/ppgci\/wp-content\/uploads\/2022\/10\/FORMATACAO_TESES-E-DISSERTACOES.docx\" style=\"border-radius:0px\" target=\"_blank\" rel=\"noreferrer noopener\">FORMATA\u00c7\u00c3O PARA DISSERTA\u00c7\u00d5ES E TESES<\/a><\/div>\n\n\n\n<div class=\"wp-block-button aligncenter has-custom-width wp-block-button__width-100 has-custom-font-size is-style-fill has-medium-font-size\"><a class=\"wp-block-button__link has-primary-accent-color has-site-background-background-color has-text-color has-background wp-element-button\" href=\"https:\/\/pos.uel.br\/ppgci\/wp-content\/uploads\/2022\/10\/FORMULARIO_INDICACAO-DE-BANCA.doc\" style=\"border-radius:0px\" target=\"_blank\" rel=\"noreferrer noopener\">INDICA\u00c7\u00c3O DE BANCA<\/a><\/div>\n\n\n\n<div class=\"wp-block-button aligncenter has-custom-width wp-block-button__width-100 has-custom-font-size is-style-fill has-medium-font-size\"><a class=\"wp-block-button__link has-primary-accent-color has-site-background-background-color has-text-color has-background wp-element-button\" href=\"https:\/\/pos.uel.br\/ppgci\/wp-content\/uploads\/2022\/10\/FORMULARIO_MEMBRO-EXTERNO.doc\" style=\"border-radius:0px\" target=\"_blank\" rel=\"noreferrer noopener\">INDICA\u00c7\u00c3O DE MEMBRO EXTERNO PARA A BANCA<\/a><\/div>\n\n\n\n<div class=\"wp-block-button has-custom-width wp-block-button__width-100 has-custom-font-size is-style-fill has-medium-font-size\"><a class=\"wp-block-button__link has-primary-accent-color has-site-background-background-color has-text-color has-background wp-element-button\" href=\"https:\/\/pos.uel.br\/ppgci\/wp-content\/uploads\/2022\/10\/RELATORIO-ATIVIDADES-BOLSISTAS.docx\" style=\"border-radius:0px\" target=\"_blank\" rel=\"noreferrer noopener\">RELAT\u00d3RIO ATIVIDADES DOS BOLSISTAS<\/a><\/div>\n\n\n\n<div class=\"wp-block-button has-custom-width wp-block-button__width-100 has-custom-font-size is-style-fill has-medium-font-size\"><a class=\"wp-block-button__link has-primary-accent-color has-site-background-background-color has-text-color has-background wp-element-button\" href=\"https:\/\/pos.uel.br\/ppgci\/wp-content\/uploads\/2022\/10\/FORMULARIO-DE-ESTAGIO-DOCENCIA-NA-GRADUACAO.doc\" style=\"border-radius:0px\" target=\"_blank\" rel=\"noreferrer noopener\">EST\u00c1GIO DOC\u00caNCIA NA GRADUA\u00c7\u00c3O<\/a><\/div>\n\n\n\n<div class=\"wp-block-button has-custom-width wp-block-button__width-100 has-custom-font-size is-style-fill has-medium-font-size\"><a class=\"wp-block-button__link has-primary-accent-color has-site-background-background-color has-text-color has-background wp-element-button\" href=\"https:\/\/pos.uel.br\/ppgci\/wp-content\/uploads\/2022\/10\/REQUERIMENTO_PRODUCAO-BIBLIOGRAFICA.doc\" style=\"border-radius:0px\" target=\"_blank\" rel=\"noreferrer noopener\">REQUERIMENTO DE PRODU\u00c7\u00c3O BIBLIOGR\u00c1FICA<\/a><\/div>\n\n\n\n<div class=\"wp-block-button has-custom-width wp-block-button__width-100 has-custom-font-size is-style-fill has-medium-font-size\"><a class=\"wp-block-button__link has-primary-accent-color has-site-background-background-color has-text-color has-background wp-element-button\" href=\"https:\/\/pos.uel.br\/ppgci\/wp-content\/uploads\/2022\/10\/TERMO_CIENCIA-SOBRE-PLAGIO.doc\" style=\"border-radius:0px\" target=\"_blank\" rel=\"noreferrer noopener\">TERMO DE CI\u00caNCIA SOBRE PL\u00c1GIO E SUAS IMPLICA\u00c7\u00d5ES<\/a><\/div>\n\n\n\n<div class=\"wp-block-button has-custom-width wp-block-button__width-100 has-custom-font-size is-style-fill has-medium-font-size\"><a class=\"wp-block-button__link has-primary-accent-color has-site-background-background-color has-text-color has-background wp-element-button\" href=\"https:\/\/pos.uel.br\/ppgci\/wp-content\/uploads\/2022\/10\/TERMO_AUTORIZACAO-BIBLIOTECA-DIGITAL.pdf\" style=\"border-radius:0px\" target=\"_blank\" rel=\"noreferrer noopener\">TERMO DE AUTORIZA\u00c7\u00c3O DE DIVULGA\u00c7\u00c3O<\/a><\/div>\n\n\n\n<div class=\"wp-block-button has-custom-width wp-block-button__width-100 has-custom-font-size is-style-fill has-medium-font-size\"><a class=\"wp-block-button__link has-primary-accent-color has-site-background-background-color has-text-color has-background wp-element-button\" href=\"https:\/\/pos.uel.br\/ppgci\/wp-content\/uploads\/2022\/10\/TERMO_ENTREGA.pdf\" style=\"border-radius:0px\" target=\"_blank\" rel=\"noreferrer noopener\">TERMO DE ENTREGA DA DISSERTA\u00c7\u00c3O OU TESE A BIBLIOTECA CENTRAL<\/a><\/div>\n\n\n\n<div class=\"wp-block-button aligncenter has-custom-width wp-block-button__width-100 has-custom-font-size is-style-fill has-medium-font-size\"><a class=\"wp-block-button__link has-primary-accent-color has-site-background-background-color has-text-color has-background wp-element-button\" href=\"https:\/\/pos.uel.br\/ppgci\/wp-content\/uploads\/2022\/10\/INDICACAO-PREMIO-ANCIB.doc\" style=\"border-radius:0px\" target=\"_blank\" rel=\"noreferrer noopener\">INDICA\u00c7\u00c3O PR\u00caMIO ANCIB<\/a><\/div>\n<\/div>\n\n\n\n<p><\/p>\n\n\n\n<div class=\"wp-block-buttons is-layout-flex wp-block-buttons-is-layout-flex\">\n<div class=\"wp-block-button has-custom-width wp-block-button__width-100 has-custom-font-size has-medium-font-size\"><a class=\"wp-block-button__link has-primary-accent-color has-site-background-background-color has-text-color has-background wp-element-button\" href=\"https:\/\/pos.uel.br\/ppgci\/wp-content\/uploads\/2023\/02\/slide-PPGCI-UEL.pptx\" style=\"border-radius:0px\">TEMPLATE DE APRESENTA\u00c7\u00c3O DO PPGCI<\/a><\/div>\n<\/div>\n<\/div>\n","protected":false},"excerpt":{"rendered":"","protected":false},"author":7,"featured_media":0,"parent":0,"menu_order":0,"comment_status":"closed","ping_status":"closed","template":"","meta":{"footnotes":""},"class_list":["post-44","page","type-page","status-publish","hentry"],"_links":{"self":[{"href":"https:\/\/pos.uel.br\/ppgci\/wp-json\/wp\/v2\/pages\/44","targetHints":{"allow":["GET"]}}],"collection":[{"href":"https:\/\/pos.uel.br\/ppgci\/wp-json\/wp\/v2\/pages"}],"about":[{"href":"https:\/\/pos.uel.br\/ppgci\/wp-json\/wp\/v2\/types\/page"}],"author":[{"embeddable":true,"href":"https:\/\/pos.uel.br\/ppgci\/wp-json\/wp\/v2\/users\/7"}],"replies":[{"embeddable":true,"href":"https:\/\/pos.uel.br\/ppgci\/wp-json\/wp\/v2\/comments?post=44"}],"version-history":[{"count":17,"href":"https:\/\/pos.uel.br\/ppgci\/wp-json\/wp\/v2\/pages\/44\/revisions"}],"predecessor-version":[{"id":1139,"href":"https:\/\/pos.uel.br\/ppgci\/wp-json\/wp\/v2\/pages\/44\/revisions\/1139"}],"wp:attachment":[{"href":"https:\/\/pos.uel.br\/ppgci\/wp-json\/wp\/v2\/media?parent=44"}],"curies":[{"name":"wp","href":"https:\/\/api.w.org\/{rel}","templated":true}]}}