{"id":41,"date":"2021-04-29T14:10:18","date_gmt":"2021-04-29T17:10:18","guid":{"rendered":"https:\/\/pos.uel.br\/ppgci\/?page_id=41"},"modified":"2022-09-27T16:10:51","modified_gmt":"2022-09-27T19:10:51","slug":"estrutura-curricular-2","status":"publish","type":"page","link":"https:\/\/pos.uel.br\/ppgci\/estrutura-curricular-2\/","title":{"rendered":"Estrutura curricular"},"content":{"rendered":"\n<div style=\"height:11px\" aria-hidden=\"true\" class=\"wp-block-spacer\"><\/div>\n\n\n\n<p>Em coer\u00eancia com as normas gerais do strictu sensu da UEL, o curso tem regulamento e regimento que explicitam todos os procedimentos e condutas que o corpo docente e discente deve seguir. Em rela\u00e7\u00e3o aos cr\u00e9ditos a serem cumpridos durante o per\u00edodo de v\u00ednculo com o programa, esses documentos explicitam o seguinte:<\/p>\n\n\n\n<div style=\"height:7px\" aria-hidden=\"true\" class=\"wp-block-spacer\"><\/div>\n\n\n\n<div class=\"wp-block-columns has-background is-layout-flex wp-container-core-columns-is-layout-9d6595d7 wp-block-columns-is-layout-flex\" style=\"background-color:#00753b2b\">\n<div class=\"wp-block-column is-vertically-aligned-center is-layout-flow wp-block-column-is-layout-flow\" style=\"flex-basis:33.33%\">\n<h4 class=\"has-text-align-center wp-block-heading\"><strong><mark style=\"background-color:rgba(0, 0, 0, 0)\" class=\"has-inline-color has-primary-accent-color\">Para o Mestrado Acad\u00eamico:<\/mark><\/strong><\/h4>\n<\/div>\n\n\n\n<div class=\"wp-block-column is-layout-flow wp-block-column-is-layout-flow\" style=\"flex-basis:66.66%\">\n<div class=\"wp-block-group\"><div class=\"wp-block-group__inner-container is-layout-flow wp-block-group-is-layout-flow\">\n<p>Os estudantes regulares do Mestrado Acad\u00eamico dever\u00e3o cursar 60 (sessenta) cr\u00e9ditos correspondentes a 900 (novecentas) horas, assim distribu\u00eddos:<\/p>\n\n\n\n<p>a)&nbsp;&nbsp;&nbsp;9 (nove) cr\u00e9ditos em disciplinas obrigat\u00f3rias da \u00e1rea de concentra\u00e7\u00e3o;<\/p>\n\n\n\n<p>b)&nbsp;&nbsp;&nbsp;15 (quinze) cr\u00e9ditos em disciplinas eletivas;<\/p>\n\n\n\n<p>c)&nbsp;&nbsp;&nbsp;&nbsp;36 (trinta e seis) cr\u00e9ditos em Disserta\u00e7\u00e3o.<\/p>\n\n\n\n<p>Os estudantes contemplados com Bolsa do Programa de Demanda Social da CAPES dever\u00e3o cumprir, ainda, 2 (dois) cr\u00e9ditos referentes ao Est\u00e1gio de Doc\u00eancia na Gradua\u00e7\u00e3o I.<\/p>\n<\/div><\/div>\n<\/div>\n<\/div>\n\n\n\n<div class=\"wp-block-columns has-primary-text-color has-text-color has-background is-layout-flex wp-container-core-columns-is-layout-9d6595d7 wp-block-columns-is-layout-flex\" style=\"background-color:#00753b2e\">\n<div class=\"wp-block-column is-vertically-aligned-center is-layout-flow wp-block-column-is-layout-flow\" style=\"flex-basis:33.33%\">\n<h4 class=\"has-text-align-center wp-block-heading\"><strong><mark style=\"background-color:rgba(0, 0, 0, 0)\" class=\"has-inline-color has-primary-accent-color\">Para o Doutorado:<\/mark><\/strong><\/h4>\n<\/div>\n\n\n\n<div class=\"wp-block-column is-layout-flow wp-block-column-is-layout-flow\" style=\"flex-basis:66.66%\">\n<div class=\"wp-block-group\"><div class=\"wp-block-group__inner-container is-layout-flow wp-block-group-is-layout-flow\">\n<p>Os estudantes regulares de Doutorado dever\u00e3o cursar 105 (cento e cinco) cr\u00e9ditos correspondentes a 1575 (um mil quinhentos e setenta e cinco) horas, assim distribu\u00eddos:<\/p>\n\n\n\n<p>a)&nbsp;&nbsp;&nbsp;17 (dezessete) cr\u00e9ditos em disciplinas obrigat\u00f3rias da \u00c1rea de Concentra\u00e7\u00e3o;<\/p>\n\n\n\n<p>b)&nbsp;&nbsp;&nbsp;20 (vinte) cr\u00e9ditos em disciplinas optativas;<\/p>\n\n\n\n<p>c)&nbsp;&nbsp;&nbsp;&nbsp;64 (sessenta e quatro) cr\u00e9ditos em Tese;<\/p>\n\n\n\n<p>d)&nbsp;&nbsp;&nbsp;2 cr\u00e9ditos em Atividades Complementares.<\/p>\n\n\n\n<p>As atividades complementares s\u00e3o relativas a produ\u00e7\u00e3o do estudante durante o curso de Doutorado sendo que para concluir o estudante deve ter 2 (dois) artigos em estrato Qualis A1, A2, A3 A4 ou B1.<\/p>\n\n\n\n<p>Os estudantes de Doutorado, obrigatoriamente, dever\u00e3o cumprir, ainda, 4 (quatro) cr\u00e9ditos referentes ao Est\u00e1gio de Doc\u00eancia na Gradua\u00e7\u00e3o, sendo que podem aproveitar 2 cr\u00e9ditos do referido est\u00e1gio cursados no Mestrado.<\/p>\n<\/div><\/div>\n<\/div>\n<\/div>\n","protected":false},"excerpt":{"rendered":"<p>Em coer\u00eancia com as normas gerais do strictu sensu da UEL, o curso tem regulamento e regimento que explicitam todos os procedimentos e condutas que o corpo docente e discente deve seguir. Em rela\u00e7\u00e3o aos cr\u00e9ditos a serem cumpridos durante o per\u00edodo de v\u00ednculo com o programa, esses documentos explicitam o seguinte: Para o Mestrado [&hellip;]<\/p>\n","protected":false},"author":7,"featured_media":0,"parent":0,"menu_order":0,"comment_status":"closed","ping_status":"closed","template":"","meta":{"footnotes":""},"class_list":["post-41","page","type-page","status-publish","hentry"],"_links":{"self":[{"href":"https:\/\/pos.uel.br\/ppgci\/wp-json\/wp\/v2\/pages\/41","targetHints":{"allow":["GET"]}}],"collection":[{"href":"https:\/\/pos.uel.br\/ppgci\/wp-json\/wp\/v2\/pages"}],"about":[{"href":"https:\/\/pos.uel.br\/ppgci\/wp-json\/wp\/v2\/types\/page"}],"author":[{"embeddable":true,"href":"https:\/\/pos.uel.br\/ppgci\/wp-json\/wp\/v2\/users\/7"}],"replies":[{"embeddable":true,"href":"https:\/\/pos.uel.br\/ppgci\/wp-json\/wp\/v2\/comments?post=41"}],"version-history":[{"count":4,"href":"https:\/\/pos.uel.br\/ppgci\/wp-json\/wp\/v2\/pages\/41\/revisions"}],"predecessor-version":[{"id":1141,"href":"https:\/\/pos.uel.br\/ppgci\/wp-json\/wp\/v2\/pages\/41\/revisions\/1141"}],"wp:attachment":[{"href":"https:\/\/pos.uel.br\/ppgci\/wp-json\/wp\/v2\/media?parent=41"}],"curies":[{"name":"wp","href":"https:\/\/api.w.org\/{rel}","templated":true}]}}