{"id":394,"date":"2022-09-29T16:13:06","date_gmt":"2022-09-29T19:13:06","guid":{"rendered":"https:\/\/pos.uel.br\/ppgci\/?page_id=394"},"modified":"2025-01-20T11:32:20","modified_gmt":"2025-01-20T14:32:20","slug":"orientacoes-para-a-defesa","status":"publish","type":"page","link":"https:\/\/pos.uel.br\/ppgci\/orientacoes-para-a-defesa\/","title":{"rendered":"Orienta\u00e7\u00f5es para a Defesa"},"content":{"rendered":"\n<div class=\"wp-block-columns is-layout-flex wp-container-core-columns-is-layout-9d6595d7 wp-block-columns-is-layout-flex\">\n<div class=\"wp-block-column is-layout-flow wp-block-column-is-layout-flow\" style=\"flex-basis:100%\">\n<div class=\"wp-block-uel-card\">\n<h4 class=\"wp-block-heading has-text-align-center is-style-highlighted-heading\"><strong>Defesa de Mestrado ou Doutorado<\/strong><\/h4>\n\n\n\n<div class=\"wp-block-group has-site-background-background-color has-background\"><div class=\"wp-block-group__inner-container is-layout-flow wp-block-group-is-layout-flow\">\n<p><strong>Art.45<\/strong>&nbsp;do Regimento do PPGCI UEL<\/p>\n\n\n\n<p><em>\u201cPara a defesa da Disserta\u00e7\u00e3o ou Tese, o estudante dever\u00e1 ter integralizado todos os cr\u00e9ditos exigidos pelo Programa, ter sido aprovado no Exame de Profici\u00eancia em L\u00edngua Inglesa e no Exame de Qualifica\u00e7\u00e3o. E no caso de estudantes bolsistas da Funda\u00e7\u00e3o Capes, o cumprimento de 2 (dois) cr\u00e9ditos adicionais em Est\u00e1gio de Doc\u00eancia na Gradua\u00e7\u00e3o para estudantes do Mestrado e 2 (dois) cr\u00e9ditos adicionais em Atividades Complementares para o estudante de Doutorado.&nbsp;<\/em><em><\/em><\/p>\n\n\n\n<p><em>\u00a71\u00ba A Disserta\u00e7\u00e3o e a Tese dever\u00e3o atender as normas de apresenta\u00e7\u00e3o recomendadas pela Coordena\u00e7\u00e3o do Programa.<\/em><em><\/em><\/p>\n\n\n\n<p><em>\u00a72\u00b0 Na entrega da Disserta\u00e7\u00e3o ou Tese para defesa o estudante dever\u00e1 estar regularmente matriculado no Programa.\u201d<\/em><\/p>\n<\/div><\/div>\n\n\n\n<h4 class=\"wp-block-heading has-text-align-center is-style-highlighted-heading\">Procedimentos para a composi\u00e7\u00e3o da Banca de Avalia\u00e7\u00e3o:<\/h4>\n\n\n\n<p><strong>1. Banca de avalia\u00e7\u00e3o (composi\u00e7\u00e3o) \u2013 MESTRADO<\/strong><br>A banca de avalia\u00e7\u00e3o de defesa ser\u00e1 composta por cinco professores doutores, tr\u00eas membros titulares e dois suplentes, de prefer\u00eancia que atuem em Programa de P\u00f3s-Gradua\u00e7\u00e3o Stricto Sensu, sendo:<\/p>\n\n\n\n<p><strong>a.&nbsp;&nbsp;&nbsp;&nbsp;<\/strong>Orientador \u2013 presidente da banca;<strong><\/strong><\/p>\n\n\n\n<p><strong>b.&nbsp;&nbsp;&nbsp;&nbsp;<\/strong>1 membro titular interno: professor permanente do PPGCI;<strong><\/strong><\/p>\n\n\n\n<p><strong>c.&nbsp;&nbsp;&nbsp;&nbsp;<\/strong>1 membro titular externo: professor(a) doutor(a) externo ao programa.<strong><\/strong><\/p>\n\n\n\n<p><strong>d.&nbsp;&nbsp;&nbsp;&nbsp;<\/strong>1 membro suplente interno: professor permanente do PPGCI;<strong><\/strong><\/p>\n\n\n\n<p><strong>e.&nbsp;&nbsp;&nbsp;&nbsp;<\/strong>1 membro suplente externo:professor(a) doutor(a) externo(a) ao Programa.<strong><\/strong><\/p>\n\n\n\n<p><strong>f.&nbsp;&nbsp;&nbsp;&nbsp;&nbsp;<\/strong>A banca de defesa de disserta\u00e7\u00e3o \u00e9 p\u00fablica;<strong><\/strong><\/p>\n\n\n\n<p><strong>g.&nbsp;&nbsp;&nbsp;&nbsp;<\/strong>Cabe a Comiss\u00e3o Coordenadora do Programa analisar e aprovar (ou n\u00e3o) as bancas indicadas.<\/p>\n\n\n\n<p><strong>2. Banca de avalia\u00e7\u00e3o (composi\u00e7\u00e3o) \u2013 &nbsp; DOUTORADO<\/strong><br>A banca de avalia\u00e7\u00e3o de defesa ser\u00e1 composta por oito professores doutores, cinco membros titulares e tr\u00eas suplentes, de prefer\u00eancia que atuem em Programa de P\u00f3s-Gradua\u00e7\u00e3o Stricto Sensu, sendo:<\/p>\n\n\n\n<p><strong>a.&nbsp;&nbsp;&nbsp;&nbsp;<\/strong>Orientador \u2013 presidente da banca;<strong><\/strong><\/p>\n\n\n\n<p><strong>b.&nbsp;&nbsp;&nbsp;&nbsp;<\/strong>2 membros titulares internos: professores permanentes do PPGCI;<strong><\/strong><\/p>\n\n\n\n<p><strong>c.&nbsp;&nbsp;&nbsp;&nbsp;<\/strong>2 membros titulares externos: professor(a)s doutor(a)s externo(as)s ao Programa.<strong><\/strong><\/p>\n\n\n\n<p><strong>d.&nbsp;&nbsp;&nbsp;&nbsp;<\/strong>2 membros suplentes internos: professores permanentes do PPGCI;<strong><\/strong><\/p>\n\n\n\n<p><strong>e.&nbsp;&nbsp;&nbsp;&nbsp;<\/strong>1 membro suplente externo:professor(a) doutor(a) externo ao programa.<strong><\/strong><\/p>\n\n\n\n<p><strong>f.&nbsp;&nbsp;&nbsp;&nbsp;&nbsp;<\/strong>A banca de defesa \u00e9 p\u00fablica;<strong><\/strong><\/p>\n\n\n\n<p><strong>g.&nbsp;&nbsp;&nbsp;&nbsp;<\/strong>Cabe a Comiss\u00e3o Coordenadora do Programa analisar e aprovar (ou n\u00e3o) as bancas indicadas.<\/p>\n\n\n\n<h4 class=\"wp-block-heading has-text-align-center is-style-highlighted-heading\"><strong>Procedimentos para as Defesas<\/strong><\/h4>\n\n\n\n<p><strong>a.&nbsp; &nbsp;&nbsp;<\/strong>O orientador, em conjunto com o estudante, dever\u00e1 enviar \u00e0 Secretaria de P\u00f3s-Gradua\u00e7\u00e3o com, no m\u00ednimo, 40 dias de anteced\u00eancia, o Formul\u00e1rio de Indica\u00e7\u00e3o de Banca e, se for o caso, o Formul\u00e1rio de Cadastro de Professor Externo.&nbsp;<strong><\/strong><\/p>\n\n\n\n<p><strong>b.&nbsp;&nbsp;&nbsp;&nbsp;<\/strong>O estudante dever\u00e1 depositar mediante&nbsp;Protocolo de Entrega&nbsp;(<strong>duas c\u00f3pias<\/strong>), na secretaria, cinco c\u00f3pias da disserta\u00e7\u00e3o com anteced\u00eancia m\u00ednima de 30 dias da defesa.<strong><\/strong><\/p>\n\n\n\n<p><strong>c.&nbsp;&nbsp;&nbsp;&nbsp;<\/strong>A composi\u00e7\u00e3o da banca deve ser aprovada pela Comiss\u00e3o Coordenadora do PPGCI;<\/p>\n\n\n\n<div class=\"wp-block-buttons is-layout-flex wp-block-buttons-is-layout-flex\">\n<div class=\"wp-block-button has-custom-width wp-block-button__width-100 aligncenter is-style-outline is-style-outline--1\"><a class=\"wp-block-button__link has-site-background-color has-primary-accent-background-color has-text-color has-background wp-element-button\" href=\"https:\/\/pos.uel.br\/ppgci\/formulario_indicacao-de-banca\/\"><strong>Formul\u00e1rio de Indica\u00e7\u00e3o de Banca<\/strong><\/a><\/div>\n\n\n\n<div class=\"wp-block-button has-custom-width wp-block-button__width-100 aligncenter is-style-outline is-style-outline--2\"><a class=\"wp-block-button__link has-site-background-color has-primary-accent-background-color has-text-color has-background wp-element-button\" href=\"https:\/\/pos.uel.br\/ppgci\/formulario_membro-externo-3\/\"><strong>Formul\u00e1rio de Cadastro de Professor Externo<\/strong><\/a><\/div>\n<\/div>\n\n\n\n<p><\/p>\n\n\n\n<h4 class=\"wp-block-heading has-text-align-center is-style-highlighted-heading\"><strong>A Defesa&nbsp;<\/strong><strong><\/strong><\/h4>\n\n\n\n<div class=\"wp-block-columns is-layout-flex wp-container-core-columns-is-layout-9d6595d7 wp-block-columns-is-layout-flex\">\n<div class=\"wp-block-column is-layout-flow wp-block-column-is-layout-flow\" style=\"flex-basis:100%\">\n<div class=\"wp-block-group\"><div class=\"wp-block-group__inner-container is-layout-flow wp-block-group-is-layout-flow\">\n<p><strong>I.&nbsp;&nbsp;&nbsp;&nbsp;&nbsp;&nbsp;&nbsp;&nbsp;<\/strong>A defesa da disserta\u00e7\u00e3o ser\u00e1 p\u00fablica. O orientador presidir\u00e1 a banca e dever\u00e1 iniciar a sess\u00e3o apresentando o estudante, o t\u00edtulo do trabalho, a linha do Programa, os membros da banca e os procedimentos da defesa;<\/p>\n\n\n\n<p><strong>II.&nbsp;&nbsp;&nbsp;&nbsp;&nbsp;&nbsp;&nbsp;&nbsp;<\/strong>A apresenta\u00e7\u00e3o do trabalho, pelo estudante, ser\u00e1 uma exposi\u00e7\u00e3o verbal (que pode ou n\u00e3o ser ilustrada \u2013 slides, v\u00eddeos, etc.). O estudante ter\u00e1 at\u00e9 30 minutos para a sua apresenta\u00e7\u00e3o;<\/p>\n\n\n\n<p><strong>III.&nbsp;&nbsp;&nbsp;&nbsp;&nbsp;&nbsp;&nbsp;&nbsp;<\/strong>A Banca arguir\u00e1 o estudante ap\u00f3s a exposi\u00e7\u00e3o, dispondo, para tanto, cada examinador do prazo de at\u00e9 30 minutos, sendo o orientador o \u00faltimo a arguir. O estudante ter\u00e1 30 minutos para responder a cada um dos examinadores. Havendo concord\u00e2ncia entre examinador e estudante, poder\u00e1 estabelecer-se a forma de di\u00e1logo (uma hora por examinador);<strong><\/strong><\/p>\n\n\n\n<p><strong>IV.&nbsp;&nbsp;&nbsp;&nbsp;&nbsp;&nbsp;&nbsp;&nbsp;<\/strong>Ap\u00f3s argui\u00e7\u00e3o o presidente da banca convida os presentes a se retirarem para a avalia\u00e7\u00e3o e finaliza\u00e7\u00e3o do processo de defesa;<\/p>\n\n\n\n<p><strong>V.&nbsp;&nbsp;&nbsp;&nbsp;&nbsp;&nbsp;&nbsp;&nbsp;<\/strong>O julgamento ser\u00e1 expresso pelos examinadores como Aprovado ou Reprovado, por unanimidade ou pela maioria dos membros da Banca. Em caso de reprova\u00e7\u00e3o, a Banca dever\u00e1 explicitar na ata de defesa o ocorrido no exame;<\/p>\n\n\n\n<p><strong>VI.&nbsp;&nbsp;&nbsp;&nbsp;&nbsp;&nbsp;&nbsp;&nbsp;<\/strong>Os membros titulares da banca assinam a ata (uma c\u00f3pia) e duas c\u00f3pias da folha de aprova\u00e7\u00e3o (o estudante deve apresentar ao orientador antes do in\u00edcio da banca) para serem inseridas nas c\u00f3pias a serem entregues pelo estudante ap\u00f3s, no m\u00e1ximo, 30 dias da defesa;<\/p>\n\n\n\n<p><strong>VII.&nbsp;&nbsp;&nbsp;&nbsp;&nbsp;&nbsp;&nbsp;&nbsp;<\/strong>Os membros titulares da banca preenchem e assinam a indica\u00e7\u00e3o da disserta\u00e7\u00e3o ou tese para a Comiss\u00e3o Interna de Sele\u00e7\u00e3o para o pr\u00eamio ANCIB.<strong><\/strong><\/p>\n\n\n\n<p><strong>VIII.&nbsp;&nbsp;&nbsp;&nbsp;&nbsp;&nbsp;&nbsp;&nbsp;<\/strong>Havendo aprova\u00e7\u00e3o da Disserta\u00e7\u00e3o ou Tese condicionada \u00e0 reformula\u00e7\u00e3o, dever\u00e1 constar da ata de defesa a referida exig\u00eancia;<strong><\/strong><\/p>\n\n\n\n<p><strong>&nbsp;IX.&nbsp;&nbsp;&nbsp;&nbsp;&nbsp;&nbsp;&nbsp;&nbsp;<\/strong>Conclu\u00edda a avalia\u00e7\u00e3o o orientador convida o p\u00fablico a retornar \u00e0 sala da defesa. O orientador l\u00ea a Ata de Aprova\u00e7\u00e3o e informa ao p\u00fablico a avalia\u00e7\u00e3o final;<strong><\/strong><\/p>\n\n\n\n<p><strong>X.&nbsp;&nbsp;&nbsp;&nbsp;&nbsp;&nbsp;&nbsp;&nbsp;<\/strong><strong>Bolsistas devem obrigatoriamente indicar na apresenta\u00e7\u00e3o e nas c\u00f3pias, as logos da Agencia Financiadora.<\/strong><\/p>\n\n\n\n<p><strong>XI.&nbsp;&nbsp;&nbsp;&nbsp;&nbsp;&nbsp;&nbsp;&nbsp;Termo de ci\u00eancia sobre pl\u00e1gio:<\/strong>&nbsp;Este documento \u00e9 a comprova\u00e7\u00e3o de que o estudante est\u00e1 ciente de que n\u00e3o plagiou e nem utilizou de falsidade ideol\u00f3gica no momento da realiza\u00e7\u00e3o da sua disserta\u00e7\u00e3o e que, al\u00e9m disso, citou e referenciou todos os autores e documentos utilizados por ele e de acordo com as normas preconizadas pela ABNT.<\/p>\n<\/div><\/div>\n\n\n\n<div class=\"wp-block-buttons is-layout-flex wp-block-buttons-is-layout-flex\">\n<div class=\"wp-block-button has-custom-width wp-block-button__width-100\"><a class=\"wp-block-button__link has-site-background-color has-primary-accent-background-color has-text-color has-background wp-element-button\" href=\"https:\/\/pos.uel.br\/ppgci\/wp-content\/uploads\/2023\/02\/Orientacoes-para-a-Conducao-de-Banca.pdf\" target=\"_blank\" rel=\"noreferrer noopener\"><strong>Orienta\u00e7\u00f5es para a Condu\u00e7\u00e3o de Banca<\/strong><\/a><\/div>\n<\/div>\n<\/div>\n<\/div>\n\n\n\n<div class=\"wp-block-buttons is-layout-flex wp-block-buttons-is-layout-flex\">\n<div class=\"wp-block-button has-custom-width wp-block-button__width-100\"><a class=\"wp-block-button__link has-site-background-color has-primary-accent-background-color has-text-color has-background wp-element-button\" href=\"https:\/\/pos.uel.br\/ppgci\/wp-content\/uploads\/2023\/02\/TERMO_CIENCIA-SOBRE-PLAGIO.doc\"><strong>Termo de Ci\u00eancia sobre Pl\u00e1gio<\/strong><\/a><\/div>\n<\/div>\n\n\n\n<p><\/p>\n\n\n\n<h4 class=\"wp-block-heading has-text-align-center has-extra-1-color has-text-color\">P\u00f3s-defesa<\/h4>\n\n\n\n<p><\/p>\n\n\n\n<p><strong>I.&nbsp;&nbsp;&nbsp;&nbsp;&nbsp;<\/strong>O resultado (ata da defesa) s\u00f3 ser\u00e1 encaminhado \u00e0 PROPPG (para a emiss\u00e3o do diploma) ap\u00f3s a submiss\u00e3o e aprova\u00e7\u00e3o pela Comiss\u00e3o Coordenadora do PPGCI da comprova\u00e7\u00e3o de publica\u00e7\u00e3o (conforme regimento do PPGCI);<\/p>\n\n\n\n<p><strong>II.&nbsp;&nbsp;&nbsp;&nbsp;&nbsp;&nbsp;<\/strong>O estudante ter\u00e1 o prazo de at\u00e9 30 dias para encaminhar a vers\u00e3o final com a anu\u00eancia do orientador, que cumpriu as recomenda\u00e7\u00f5es de altera\u00e7\u00e3o da banca de defesa (se houver) e conferir a formata\u00e7\u00e3o da disserta\u00e7\u00e3o conforme as normas vigentes da ABNT e da Biblioteca Digital da UEL.<\/p>\n\n\n\n<p><strong>III.&nbsp;&nbsp;&nbsp;&nbsp;&nbsp;<\/strong>A vers\u00e3o final da Disserta\u00e7\u00e3o ou Tese dever\u00e1 ser entregue \u00e0 Secretaria do Programa da seguinte forma:<\/p>\n\n\n\n<p>a) Gravar em CD<strong>*<\/strong>&nbsp;a vers\u00e3o final da disserta\u00e7\u00e3o ou tese em arquivo \u00fanico (composto de capa, p\u00e1ginas pr\u00e9-textuais, texto e p\u00e1ginas p\u00f3s-textuais), sendo um arquivo no formato \u201cWord\u201d e outro no formato \u201cPDF\u201d \u2013 entregar duas c\u00f3pias do CD com os arquivos;<\/p>\n\n\n\n<p>b) Termo de Autoriza\u00e7\u00e3o para Divulga\u00e7\u00e3o na Biblioteca Digital, assinado pelo orientado e orientador;<\/p>\n\n\n\n<p>c) Termo de Entrega da Disserta\u00e7\u00e3o na Biblioteca Central, assinado pelo orientado, orientador e coordenador do programa.<\/p>\n\n\n\n<p>&nbsp;<strong>*<\/strong>&nbsp;Observar a ordem dos elementos e a padroniza\u00e7\u00e3o exigida pela&nbsp;<strong>Biblioteca Digital da UEL<\/strong>&nbsp;nos documentos: Procedimento para Publica\u00e7\u00e3o de Disserta\u00e7\u00f5es e Teses e Termo de Entrega da Disserta\u00e7\u00e3o ou Tese na Biblioteca Central.<\/p>\n\n\n\n<p><\/p>\n\n\n\n<div class=\"wp-block-buttons is-layout-flex wp-block-buttons-is-layout-flex\">\n<div class=\"wp-block-button has-custom-width wp-block-button__width-100\"><a class=\"wp-block-button__link has-site-background-color has-primary-accent-background-color has-text-color has-background wp-element-button\" href=\"https:\/\/pos.uel.br\/ppgci\/wp-content\/uploads\/2023\/02\/Termo-de-Autorizacao.pdf\" target=\"_blank\" rel=\"noreferrer noopener\"><strong>Termo de Autoriza\u00e7\u00e3o<\/strong><\/a><\/div>\n<\/div>\n\n\n\n<p><\/p>\n\n\n\n<div class=\"wp-block-buttons is-layout-flex wp-block-buttons-is-layout-flex\">\n<div class=\"wp-block-button has-custom-width wp-block-button__width-100\"><a class=\"wp-block-button__link has-site-background-color has-primary-accent-background-color has-text-color has-background wp-element-button\" href=\"https:\/\/pos.uel.br\/ppgci\/wp-content\/uploads\/2023\/02\/Termo-de-Entrega.pdf\" target=\"_blank\" rel=\"noreferrer noopener\"><strong>Termo de Entrega<\/strong><\/a><\/div>\n<\/div>\n\n\n\n<p><\/p>\n\n\n\n<div class=\"wp-block-buttons is-layout-flex wp-block-buttons-is-layout-flex\">\n<div class=\"wp-block-button has-custom-width wp-block-button__width-100\"><a class=\"wp-block-button__link has-site-background-color has-primary-accent-background-color has-text-color has-background wp-element-button\" href=\"https:\/\/pos.uel.br\/ppgci\/wp-content\/uploads\/2023\/02\/Procedimentos-para-a-publicacao-das-Teses-e-Dissertacoes.pdf\" target=\"_blank\" rel=\"noreferrer noopener\"><strong>Procedimentos para a publica\u00e7\u00e3o das Teses e Disserta\u00e7\u00f5es<\/strong><\/a><\/div>\n<\/div>\n\n\n\n<p><\/p>\n\n\n\n<p class=\"has-site-background-background-color has-background\"><strong>Importante<\/strong>: <em>Somente ap\u00f3s a autoriza\u00e7\u00e3o da Coordena\u00e7\u00e3o do Programa \u00e0 Pr\u00f3-Reitoria de Pesquisa e P\u00f3s-Gradua\u00e7\u00e3o, comprovando que as exig\u00eancias foram cumpridas, inclusive quanto a publica\u00e7\u00e3o de trabalho em peri\u00f3dico, em anais de eventos ou em cap\u00edtulo de livro, \u00e9 que os estudantes aprovados ter\u00e3o reconhecidos os direitos inerentes ao t\u00edtulo obtido e conferido o respectivo diploma.<\/em><\/p>\n<\/div>\n<\/div>\n<\/div>\n","protected":false},"excerpt":{"rendered":"","protected":false},"author":11,"featured_media":0,"parent":0,"menu_order":0,"comment_status":"closed","ping_status":"closed","template":"","meta":{"footnotes":""},"class_list":["post-394","page","type-page","status-publish","hentry"],"_links":{"self":[{"href":"https:\/\/pos.uel.br\/ppgci\/wp-json\/wp\/v2\/pages\/394","targetHints":{"allow":["GET"]}}],"collection":[{"href":"https:\/\/pos.uel.br\/ppgci\/wp-json\/wp\/v2\/pages"}],"about":[{"href":"https:\/\/pos.uel.br\/ppgci\/wp-json\/wp\/v2\/types\/page"}],"author":[{"embeddable":true,"href":"https:\/\/pos.uel.br\/ppgci\/wp-json\/wp\/v2\/users\/11"}],"replies":[{"embeddable":true,"href":"https:\/\/pos.uel.br\/ppgci\/wp-json\/wp\/v2\/comments?post=394"}],"version-history":[{"count":10,"href":"https:\/\/pos.uel.br\/ppgci\/wp-json\/wp\/v2\/pages\/394\/revisions"}],"predecessor-version":[{"id":1797,"href":"https:\/\/pos.uel.br\/ppgci\/wp-json\/wp\/v2\/pages\/394\/revisions\/1797"}],"wp:attachment":[{"href":"https:\/\/pos.uel.br\/ppgci\/wp-json\/wp\/v2\/media?parent=394"}],"curies":[{"name":"wp","href":"https:\/\/api.w.org\/{rel}","templated":true}]}}