{"id":390,"date":"2022-09-29T16:08:57","date_gmt":"2022-09-29T19:08:57","guid":{"rendered":"https:\/\/pos.uel.br\/ppgci\/?page_id=390"},"modified":"2022-10-18T16:00:36","modified_gmt":"2022-10-18T19:00:36","slug":"orientacoes-para-a-qualificacao","status":"publish","type":"page","link":"https:\/\/pos.uel.br\/ppgci\/orientacoes-para-a-qualificacao\/","title":{"rendered":"Orienta\u00e7\u00f5es para a Qualifica\u00e7\u00e3o"},"content":{"rendered":"\n<div class=\"wp-block-uel-card\">\n<h4 class=\"has-text-align-center is-style-highlighted-heading wp-block-heading\">Exame de Qualifica\u00e7\u00e3o &#8211; Mestrado ou Doutorado<\/h4>\n\n\n\n<div class=\"wp-block-group\"><div class=\"wp-block-group__inner-container is-layout-flow wp-block-group-is-layout-flow\">\n<div class=\"wp-block-group has-site-background-background-color has-background\"><div class=\"wp-block-group__inner-container is-layout-flow wp-block-group-is-layout-flow\">\n<p>Art.44 do Regimento do PPGCI UEL:<\/p>\n\n\n\n<p><em>\u201cO Exame de Qualifica\u00e7\u00e3o do Mestrado ou Doutorado dever\u00e1 ser requerido pelo estudante ap\u00f3s aprova\u00e7\u00e3o no exame de profici\u00eancia e integraliza\u00e7\u00e3o dos cr\u00e9ditos exigidos pelo Programa, e defendido perante uma Banca Examinadora, constitu\u00edda de tr\u00eas membros titulares e dois suplentes com titula\u00e7\u00e3o m\u00ednima de doutor participante obrigatoriamente o orientador.<\/em><\/p>\n\n\n\n<p><em>I. O resultado do exame ser\u00e1 de aprova\u00e7\u00e3o ou reprova\u00e7\u00e3o.<\/em><\/p>\n\n\n\n<p><em>lI. Ser\u00e1 permitida apenas 1 (uma) repeti\u00e7\u00e3o do exame de qualifica\u00e7\u00e3o, num prazo nunca superior a 1 (um) per\u00edodo letivo.<\/em><\/p>\n\n\n\n<p><em>Par\u00e1grafo \u00fanico. O estudante ser\u00e1 considerado aprovado ou reprovado, conforme decis\u00e3o da maioria dos membros participantes da Banca Examinadora de Qualifica\u00e7\u00e3o.\u201d<\/em><\/p>\n<\/div><\/div>\n\n\n\n<div class=\"wp-block-group\"><div class=\"wp-block-group__inner-container is-layout-flow wp-block-group-is-layout-flow\">\n<h4 class=\"has-text-align-center has-primary-accent-color has-text-color wp-block-heading\"><strong>Procedimentos para o Exame de Qualifica\u00e7\u00e3o<\/strong>:<\/h4>\n\n\n\n<div style=\"height:35px\" aria-hidden=\"true\" class=\"wp-block-spacer\"><\/div>\n\n\n\n<p><strong>1. Banca de avalia\u00e7\u00e3o (composi\u00e7\u00e3o) \u2013 Mestrado ou Doutorado<\/strong><\/p>\n\n\n\n<p>A banca de avalia\u00e7\u00e3o de qualifica\u00e7\u00e3o ser\u00e1 composta por cinco professores doutores, tr\u00eas membros titulares e dois suplentes, de prefer\u00eancia que atuem em Programa de P\u00f3s-Gradua\u00e7\u00e3o&nbsp;<em>Stricto Sensu<\/em>, sendo:<\/p>\n\n\n\n<p><strong>a.&nbsp;&nbsp;&nbsp;&nbsp;<\/strong>Orientador \u2013 presidente da banca;<strong><\/strong><\/p>\n\n\n\n<p><strong>b.&nbsp;&nbsp;&nbsp;&nbsp;<\/strong>1 membro titular interno: professor(a) permanente do PPGCI;<\/p>\n\n\n\n<p><strong>c.&nbsp;&nbsp;&nbsp;&nbsp;<\/strong>1 membro titular externo: professor(a) doutor(a) externo ao programa.<strong><\/strong><\/p>\n\n\n\n<p><strong>d.&nbsp;&nbsp;&nbsp;&nbsp;<\/strong>1 membro suplente interno: professor(a) permanente do PPGCI;<\/p>\n\n\n\n<p><strong>e.&nbsp;&nbsp;&nbsp;&nbsp;<\/strong>1 membro suplente externo: professor(a) doutor(a) externo ao programa.<\/p>\n\n\n\n<p><strong>f.&nbsp;&nbsp;&nbsp;&nbsp;&nbsp;<\/strong>O exame de qualifica\u00e7\u00e3o ser\u00e1 restrito ao candidato e aos membros da banca;<strong><\/strong><\/p>\n\n\n\n<p><strong>g.&nbsp;&nbsp;&nbsp;&nbsp;<\/strong>Cabe a Comiss\u00e3o Coordenadora do Programa analisar e aprovar (ou n\u00e3o) as bancas indicadas.<\/p>\n\n\n\n<div class=\"wp-block-group\"><div class=\"wp-block-group__inner-container is-layout-flow wp-block-group-is-layout-flow\">\n<div class=\"wp-block-buttons is-content-justification-center is-layout-flex wp-container-core-buttons-is-layout-16018d1d wp-block-buttons-is-layout-flex\">\n<div class=\"wp-block-button aligncenter has-custom-width wp-block-button__width-100 is-style-outline is-style-outline--1\"><a class=\"wp-block-button__link has-site-background-color has-primary-accent-background-color has-text-color has-background\" href=\"https:\/\/pos.uel.br\/ppgci\/wp-content\/uploads\/2022\/10\/FORMULARIO_INDICACAO-DE-BANCA.doc\" target=\"_blank\" rel=\"noreferrer noopener\"><strong>Formul\u00e1rio de Indica\u00e7\u00e3o de Banca<\/strong><\/a><\/div>\n<\/div>\n<\/div><\/div>\n<\/div><\/div>\n\n\n\n<div style=\"height:11px\" aria-hidden=\"true\" class=\"wp-block-spacer\"><\/div>\n\n\n\n<div class=\"wp-block-group\"><div class=\"wp-block-group__inner-container is-layout-flow wp-block-group-is-layout-flow\">\n<p><strong>2. Solicita\u00e7\u00e3o de exame de qualifica\u00e7\u00e3o<\/strong><\/p>\n\n\n\n<p>Para a solicita\u00e7\u00e3o do exame de qualifica\u00e7\u00e3o, os seguintes requisitos devem ser cumpridos pelo <strong>ESTUDANTE<\/strong>:<\/p>\n\n\n\n<p>Requisitos a serem cumpridos pelo <strong>ESTUDANTE DE MESTRADO<\/strong>:<\/p>\n\n\n\n<p><strong>a<\/strong>. Integralizar os cr\u00e9ditos em disciplina e estar aprovado no exame de profici\u00eancia;<\/p>\n\n\n\n<p><strong>b<\/strong>. Ter projeto de disserta\u00e7\u00e3o cadastrado no sistema de projetos da PROPPG;<\/p>\n\n\n\n<p><strong>c<\/strong>. Requerer a qualifica\u00e7\u00e3o pelo Portal do Estudante com anteced\u00eancia de 40 dias;<\/p>\n\n\n\n<p><strong>d<\/strong>. Entregar, na secretaria de P\u00f3s-Gradua\u00e7\u00e3o, uma c\u00f3pia do formul\u00e1rio de indica\u00e7\u00e3o de banca (com anu\u00eancia e assinatura do orientador) e o comprovante do requerimento da solicita\u00e7\u00e3o da qualifica\u00e7\u00e3o feita no Portal do estudante;<\/p>\n\n\n\n<p><strong>e<\/strong>. Entregar, na secretaria de P\u00f3s-Gradua\u00e7\u00e3o, mediante protocolo, cinco c\u00f3pias do relat\u00f3rio para a qualifica\u00e7\u00e3o, com anteced\u00eancia de 30 dias.<\/p>\n\n\n\n<p class=\"has-primary-accent-color has-text-color\"><strong>OBS<\/strong>: Em casos inferiores a 30 dias, o envio das c\u00f3pias para a banca \u00e9 de responsabilidade do estudante e orientador.<\/p>\n\n\n\n<p class=\"has-site-background-background-color has-background\"><strong>Importante:<\/strong>&nbsp;para a qualifica\u00e7\u00e3o a Comiss\u00e3o Coordenadora recomenda que o relat\u00f3rio deve apresentar:&nbsp;a)&nbsp;o Referencial Te\u00f3rico adiantado;&nbsp;b)&nbsp;procedimentos metodol\u00f3gicos bem delineados;&nbsp;c)&nbsp;instrumentos de coleta de dados elaborados.&nbsp;<\/p>\n\n\n\n<div style=\"height:16px\" aria-hidden=\"true\" class=\"wp-block-spacer\"><\/div>\n\n\n\n<p>Requisitos a serem cumpridos pelo <strong>ESTUDANTE DE DOUTORADO<\/strong>:<\/p>\n\n\n\n<p><strong>a.<\/strong> Integralizar os cr\u00e9ditos em disciplinas e estar aprovado no exame de profici\u00eancia;<\/p>\n\n\n\n<p><strong>b.<\/strong> Ter cumprido os cr\u00e9ditos da disciplina Atividades Complementares onde os requisitos s\u00e3o dois artigos em estrato Qualis A ou B1 e\/ou cap\u00edtulos de livros;<\/p>\n\n\n\n<p><strong>c.<\/strong> Ter projeto de tese cadastrado no sistema de projetos da PROPPG;<\/p>\n\n\n\n<p><strong>d.<\/strong> Requerer a qualifica\u00e7\u00e3o pelo Portal do Estudante com anteced\u00eancia de 40 dias;<\/p>\n\n\n\n<p><strong>e.<\/strong> Entregar, na secretaria de P\u00f3s-Gradua\u00e7\u00e3o, uma c\u00f3pia do formul\u00e1rio de indica\u00e7\u00e3o de banca (com anu\u00eancia e assinatura do orientador) e o comprovante do requerimento da solicita\u00e7\u00e3o da qualifica\u00e7\u00e3o feita no Portal do estudante;<\/p>\n\n\n\n<p><strong>f. <\/strong>Entregar, na secretaria de P\u00f3s-Gradua\u00e7\u00e3o, mediante protocolo, cinco c\u00f3pias do relat\u00f3rio para a qualifica\u00e7\u00e3o, com anteced\u00eancia de 30 dias.<\/p>\n\n\n\n<p class=\"has-primary-accent-color has-text-color\"><strong>OBS<\/strong>: Em casos inferiores a 30 dias, o envio das c\u00f3pias para a banca \u00e9 de responsabilidade do estudante e orientador.<\/p>\n\n\n\n<p class=\"has-site-background-background-color has-background\"><strong>Importante<\/strong>: para a qualifica\u00e7\u00e3o a Comiss\u00e3o Coordenadora recomenda que o relat\u00f3rio deve apresentar: a) o Referencial Te\u00f3rico adiantado; b) procedimentos metodol\u00f3gicos bem delineados; c) instrumentos de coleta de dados elaborados.<\/p>\n\n\n\n<p>Requisitos a serem cumpridos pelo <strong>ORIENTADOR<\/strong>:<\/p>\n\n\n\n<p><strong>a.<\/strong> Ler e aprovar o relat\u00f3rio de qualifica\u00e7\u00e3o, certificando-se de que o estudante apresenta condi\u00e7\u00f5es para o exame;<\/p>\n\n\n\n<p><strong>b.<\/strong> Preencher o Formul\u00e1rio de Indica\u00e7\u00e3o de Banca (contendo membros titulares e suplentes e todos os dados requeridos com anteced\u00eancia de 30 dias);<\/p>\n\n\n\n<p><strong>c.<\/strong> Enviar o formul\u00e1rio de cadastro de membro externo para os professores que n\u00e3o fazem parte do PPGCI;<\/p>\n\n\n\n<p><strong>d.<\/strong> Verificar as Orienta\u00e7\u00f5es para a Condu\u00e7\u00e3o da Banca examinadora;<\/p>\n\n\n\n<p><strong>e.<\/strong> Encaminhar o resultado do exame por meio da Ata da qualifica\u00e7\u00e3o com parecer da banca e devidamente assinada \u00e0 Secretaria do PPGCI;<\/p>\n\n\n\n<p><strong>f.<\/strong> Verificar se o estudante acatou as sugest\u00f5es da banca Examinadora;<\/p>\n\n\n\n<div style=\"height:22px\" aria-hidden=\"true\" class=\"wp-block-spacer\"><\/div>\n\n\n\n<div class=\"wp-block-group\"><div class=\"wp-block-group__inner-container is-layout-flow wp-block-group-is-layout-flow\">\n<div class=\"wp-block-buttons is-content-justification-center is-layout-flex wp-container-core-buttons-is-layout-16018d1d wp-block-buttons-is-layout-flex\">\n<div class=\"wp-block-button aligncenter has-custom-width wp-block-button__width-100 is-style-outline is-style-outline--2\"><a class=\"wp-block-button__link has-site-background-color has-primary-accent-background-color has-text-color has-background\" href=\"https:\/\/pos.uel.br\/ppgci\/wp-content\/uploads\/2022\/10\/ORIENTACAO_CONDUCAO-DA-BANCA.pdf\" target=\"_blank\" rel=\"noreferrer noopener\"><strong>Orienta\u00e7\u00f5es para a Condu\u00e7\u00e3o de Banca<\/strong><\/a><\/div>\n<\/div>\n<\/div><\/div>\n<\/div><\/div>\n<\/div><\/div>\n<\/div>\n","protected":false},"excerpt":{"rendered":"","protected":false},"author":11,"featured_media":0,"parent":0,"menu_order":0,"comment_status":"closed","ping_status":"closed","template":"","meta":{"footnotes":""},"class_list":["post-390","page","type-page","status-publish","hentry"],"_links":{"self":[{"href":"https:\/\/pos.uel.br\/ppgci\/wp-json\/wp\/v2\/pages\/390","targetHints":{"allow":["GET"]}}],"collection":[{"href":"https:\/\/pos.uel.br\/ppgci\/wp-json\/wp\/v2\/pages"}],"about":[{"href":"https:\/\/pos.uel.br\/ppgci\/wp-json\/wp\/v2\/types\/page"}],"author":[{"embeddable":true,"href":"https:\/\/pos.uel.br\/ppgci\/wp-json\/wp\/v2\/users\/11"}],"replies":[{"embeddable":true,"href":"https:\/\/pos.uel.br\/ppgci\/wp-json\/wp\/v2\/comments?post=390"}],"version-history":[{"count":3,"href":"https:\/\/pos.uel.br\/ppgci\/wp-json\/wp\/v2\/pages\/390\/revisions"}],"predecessor-version":[{"id":616,"href":"https:\/\/pos.uel.br\/ppgci\/wp-json\/wp\/v2\/pages\/390\/revisions\/616"}],"wp:attachment":[{"href":"https:\/\/pos.uel.br\/ppgci\/wp-json\/wp\/v2\/media?parent=390"}],"curies":[{"name":"wp","href":"https:\/\/api.w.org\/{rel}","templated":true}]}}