{"id":39,"date":"2021-04-29T14:10:18","date_gmt":"2021-04-29T17:10:18","guid":{"rendered":"https:\/\/pos.uel.br\/ppgci\/?page_id=39"},"modified":"2024-07-23T21:29:21","modified_gmt":"2024-07-24T00:29:21","slug":"doutorado","status":"publish","type":"page","link":"https:\/\/pos.uel.br\/ppgci\/doutorado\/","title":{"rendered":"Mestrado e Doutorado"},"content":{"rendered":"\n<blockquote class=\"wp-block-quote is-layout-flow wp-block-quote-is-layout-flow\">\n<ul class=\"wp-block-list\">\n<li><a href=\"https:\/\/pos.uel.br\/ppgci\/estrutura-curricular-2\/\"><\/a><a href=\"https:\/\/pos.uel.br\/ppgci\/estrutura-curricular-2\/\">Estrutura curricular<\/a><\/li>\n\n\n\n<li><a href=\"https:\/\/pos.uel.br\/ppgci\/estrutura-curricular-2\/\"><\/a><a href=\"https:\/\/pos.uel.br\/ppgci\/regimento-resolucoes-e-normas-2\/\">Regimento, resolu\u00e7\u00f5es e normas<\/a><\/li>\n\n\n\n<li><a href=\"https:\/\/pos.uel.br\/ppgci\/estrutura-curricular-2\/\"><\/a><a href=\"https:\/\/pos.uel.br\/ppgci\/corpo-docente-2\/\">Corpo docente<\/a><\/li>\n\n\n\n<li><a href=\"https:\/\/pos.uel.br\/ppgci\/estrutura-curricular-2\/\"><\/a><a href=\"https:\/\/pos.uel.br\/ppgci\/corpo-discente-2\/\">Corpo discente<\/a><\/li>\n\n\n\n<li><a href=\"https:\/\/pos.uel.br\/ppgci\/estrutura-curricular-2\/\"><\/a><a href=\"https:\/\/pos.uel.br\/ppgci\/disciplinas\/\">Disciplinas<\/a><\/li>\n\n\n\n<li><a href=\"https:\/\/pos.uel.br\/ppgci\/estrutura-curricular-2\/\"><\/a><a href=\"https:\/\/pos.uel.br\/ppgci\/bolsas\/\">Bolsas<\/a><\/li>\n\n\n\n<li><a href=\"https:\/\/pos.uel.br\/ppgci\/estrutura-curricular-2\/\"><\/a><a href=\"https:\/\/pos.uel.br\/ppgci\/orientacoes-qualificacao-e-defesa\/\">Orienta\u00e7\u00f5es qualifica\u00e7\u00e3o e defesa<\/a><\/li>\n\n\n\n<li><a href=\"https:\/\/pos.uel.br\/ppgci\/estrutura-curricular-2\/\"><\/a><a href=\"https:\/\/pos.uel.br\/ppgci\/estudante-especial\/\">Estudante especial<\/a><\/li>\n\n\n\n<li><a href=\"https:\/\/pos.uel.br\/ppgci\/estrutura-curricular-2\/\"><\/a><a href=\"https:\/\/pos.uel.br\/ppgci\/formularios-2\/\">Formul\u00e1rios e requerimentos<\/a><\/li>\n\n\n\n<li><a href=\"https:\/\/pos.uel.br\/ppgci\/doutorado-sanduiche\/\" data-type=\"URL\" data-id=\"https:\/\/pos.uel.br\/ppgci\/doutorado-sanduiche\/\" target=\"_blank\" rel=\"noreferrer noopener\">Doutorado sandu\u00edche<\/a><\/li>\n<\/ul>\n<\/blockquote>\n","protected":false},"excerpt":{"rendered":"","protected":false},"author":7,"featured_media":0,"parent":0,"menu_order":0,"comment_status":"closed","ping_status":"closed","template":"","meta":{"footnotes":""},"class_list":["post-39","page","type-page","status-publish","hentry"],"_links":{"self":[{"href":"https:\/\/pos.uel.br\/ppgci\/wp-json\/wp\/v2\/pages\/39","targetHints":{"allow":["GET"]}}],"collection":[{"href":"https:\/\/pos.uel.br\/ppgci\/wp-json\/wp\/v2\/pages"}],"about":[{"href":"https:\/\/pos.uel.br\/ppgci\/wp-json\/wp\/v2\/types\/page"}],"author":[{"embeddable":true,"href":"https:\/\/pos.uel.br\/ppgci\/wp-json\/wp\/v2\/users\/7"}],"replies":[{"embeddable":true,"href":"https:\/\/pos.uel.br\/ppgci\/wp-json\/wp\/v2\/comments?post=39"}],"version-history":[{"count":9,"href":"https:\/\/pos.uel.br\/ppgci\/wp-json\/wp\/v2\/pages\/39\/revisions"}],"predecessor-version":[{"id":1694,"href":"https:\/\/pos.uel.br\/ppgci\/wp-json\/wp\/v2\/pages\/39\/revisions\/1694"}],"wp:attachment":[{"href":"https:\/\/pos.uel.br\/ppgci\/wp-json\/wp\/v2\/media?parent=39"}],"curies":[{"name":"wp","href":"https:\/\/api.w.org\/{rel}","templated":true}]}}