{"id":295,"date":"2022-09-26T20:10:57","date_gmt":"2022-09-26T23:10:57","guid":{"rendered":"https:\/\/pos.uel.br\/ppgci\/?page_id=295"},"modified":"2023-02-24T12:44:35","modified_gmt":"2023-02-24T15:44:35","slug":"planejamento-do-programa","status":"publish","type":"page","link":"https:\/\/pos.uel.br\/ppgci\/planejamento-do-programa\/","title":{"rendered":"Autoavalia\u00e7\u00e3o e planejamento estrat\u00e9gico do programa"},"content":{"rendered":"\n<p><\/p>\n\n\n\n<p>O Planejamento estrat\u00e9gico do PPGCI UEL segue as proposi\u00e7\u00f5es da CAPES e institucionalmente, tem como documento norteador o&nbsp;<a href=\"https:\/\/pos.uel.br\/ppgci\/wp-content\/uploads\/2023\/01\/Planejamento-de-Autoavaliacao-dos-Programas-de-Pos-Graduacao-da-Universidade-Estadual-de-Londrina.pdf\" data-type=\"URL\" data-id=\"https:\/\/pos.uel.br\/ppgci\/wp-content\/uploads\/2023\/01\/Planejamento-de-Autoavaliacao-dos-Programas-de-Pos-Graduacao-da-Universidade-Estadual-de-Londrina.pdf\" target=\"_blank\" rel=\"noreferrer noopener\">Planejamento de Autoavalia\u00e7\u00e3o dos Programas de P\u00f3s-Gradua\u00e7\u00e3o da Universidade Estadual de Londrina<\/a>, a&nbsp;<a href=\"https:\/\/pos.uel.br\/ppgci\/wp-content\/uploads\/2023\/01\/Portaria-003-2020-Ciapg.pdf\" data-type=\"URL\" data-id=\"https:\/\/pos.uel.br\/ppgci\/wp-content\/uploads\/2023\/01\/Portaria-003-2020-Ciapg.pdf\" target=\"_blank\" rel=\"noreferrer noopener\">Portaria 003-2020 Ciapg<\/a>&nbsp;e o&nbsp;<a href=\"https:\/\/pos.uel.br\/ppgci\/wp-content\/uploads\/2023\/01\/Relatorio-Ciapg.pdf\" data-type=\"URL\" data-id=\"https:\/\/pos.uel.br\/ppgci\/wp-content\/uploads\/2023\/01\/Relatorio-Ciapg.pdf\" target=\"_blank\" rel=\"noreferrer noopener\">Relat\u00f3rio Ciapg<\/a>.<\/p>\n\n\n\n<p>1) Qualidade da produ\u00e7\u00e3o do corpo docente permanente<br>a) Continuidade de incentivos financeiros para publica\u00e7\u00f5es com qualidade quanto a corre\u00e7\u00f5es e tradu\u00e7\u00f5es;<br>b) Acompanhamento da produ\u00e7\u00e3o docente e reuni\u00f5es de autoavalia\u00e7\u00e3o;<br>c) Incentivo em parcerias nacionais e internacionais e divulga\u00e7\u00e3o para maior visibilidade das produ\u00e7\u00f5es dos docentes.<br><br>2) A\u00e7\u00f5es de parceria com os Programas de P\u00f3s-Gradua\u00e7\u00e3o do Centro de Educa\u00e7\u00e3o, Comunica\u00e7\u00e3o e Artes da UEL, quanto a infraestrutura e espa\u00e7os compartilhados<br>a) Planejamento para novas salas de aulas com maior capacidade para acomodar estudantes, docentes e convidados;<br>b) Continuidade da parceria com o Centro e com os Programas de P\u00f3s-Gradua\u00e7\u00e3o do CECA;<br>c) Planejamento, junto ao Departamento de Ci\u00eancia da Informa\u00e7\u00e3o, de novos espa\u00e7os que possam ser compartilhados com a gradua\u00e7\u00e3o.<\/p>\n\n\n\n<p><br>3) A\u00e7\u00f5es de incentivo a publica\u00e7\u00e3o discente e destes em integra\u00e7\u00e3o com a gradua\u00e7\u00e3o<br>a) Disponibiliza\u00e7\u00e3o de editais de recursos financeiros direcionados a corre\u00e7\u00e3o e tradu\u00e7\u00e3o de artigos;<br>b) Reuni\u00f5es constantes visando a parceria de estudantes de outros PPGs para maior compartilhamento de experi\u00eancias;<br>c) Promover um ambiente adequado e acolhedor aos discentes;<br>d) Promover rodas de conversa, palestras e encontros, quanto a vida na p\u00f3s-gradua\u00e7\u00e3o e sa\u00fade mental;<br>e) Planejar a\u00e7\u00f5es conjuntas de integra\u00e7\u00e3o com a gradua\u00e7\u00e3o, como palestras, oficinas, minicursos e participa\u00e7\u00e3o em bancas de Trabalho de Conclus\u00e3o de Curso.<\/p>\n\n\n\n<p>4) Melhoria em equipamentos e laborat\u00f3rios<br>a) Planejamento para participa\u00e7\u00e3o de Editais que visam recursos financeiros para compra de equipamentos;<br>b) Parcerias que visem recursos financeiros para amplia\u00e7\u00e3o de laborat\u00f3rios.<\/p>\n\n\n\n<p>5) Melhorias na visibilidade do Programa<br>a) Manter as p\u00e1ginas do Programa em redes sociais e site atualizados;<br>b) Manter a parceira com discentes de mestrado e doutorado na divulga\u00e7\u00e3o do Programa;<br>c) Participa\u00e7\u00e3o de docentes e discentes em eventos nacionais e internacionais para divulga\u00e7\u00e3o das pesquisas desenvolvidas no \u00e2mbito do Programa;<br>d) Divulgar a qualidade dos peri\u00f3dicos Informa\u00e7\u00e3o e Informa\u00e7\u00e3o e Informa\u00e7\u00e3o em Profiss\u00f5es.<\/p>\n\n\n\n<p>6) Manter e consolidar parcerias nacionais com compartilhamento de experi\u00eancias docente e discente<br>a) Manter e consolidar parcerias com pesquisadores nacionais quanto a publica\u00e7\u00f5es, eventos conjuntos, disciplinas e co-orienta\u00e7\u00f5es.<\/p>\n\n\n\n<p>7) Implementar projetos interinstitucionais;<br>a) Incentivar o desenvolvimento de projetos de pesquisa conjuntos e projetos interinstitucionais.<\/p>\n\n\n\n<p>8) Desenvolver parcerias internacionais para compartilhamento de experi\u00eancias docente e discente<br>a) Consolidar parcerias de co-orienta\u00e7\u00e3o, participa\u00e7\u00e3o em bancas, publica\u00e7\u00f5es, palestras e cursos com universidades e pesquisadores estrangeiros;<br>b) Possibilitar a mobilidade de docentes do PPGCI UEL para universidades estrangeiras;<br>c) Possibilitar a mobilidade de discentes do PPGCI UEL para universidades estrangeiras;<br>d) Manter a rela\u00e7\u00e3o de convites a pesquisadores estrangeiros para visitas, disciplinas e trabalhos com os grupos de pesquisa do PPGCI UEL.<br>e) Manter e incentivar a supervis\u00e3o de P\u00f3s-doutorandos no Programa.<br><br>9) Internacionaliza\u00e7\u00e3o<br>a) Efetiva\u00e7\u00e3o de conv\u00eanios com universidades estrangeiras;<br>b) Parceria com o Laborat\u00f3rio de L\u00ednguas da UEL para cursos para discentes e docentes referentes a apresenta\u00e7\u00f5es de trabalhos, elabora\u00e7\u00e3o de abstracts e revis\u00e3o de artigos, espec\u00edficos aos prop\u00f3sitos do Programa;<br>c) Continuar a receber estudantes bolsistas provenientes do conv\u00eanio PAEC OEA;<br>d) Planejamento de um F\u00f3rum de Internacionaliza\u00e7\u00e3o, junto a PROPPG e ARI, Assessoria de Rela\u00e7\u00f5es Internacionais para esclarecer e tra\u00e7ar metas junto a docentes e discentes do Programa.<br>e) Seguir as orienta\u00e7\u00f5es do&nbsp;Plano de Internacionaliza\u00e7\u00e3o da UEL, de forma a ter as atividades respaldadas institucionalmente.<\/p>\n\n\n\n<p>10) Aumento do corpo docente;<br>a) Aumentar quantitativamente o corpo docente mantendo a qualidade, os crit\u00e9rios de acompanhamento e as especificidades do Programa a partir de tem\u00e1ticas atuais e relevantes;<br>b) Permitir e incentivar a forma\u00e7\u00e3o continuada dos docentes, com planejamento espec\u00edfico para a realiza\u00e7\u00e3o de p\u00f3s-doutoramento em institui\u00e7\u00e3o que n\u00e3o seja a de origem.<\/p>\n\n\n\n<p>11) Avalia\u00e7\u00e3o constante das formas de entrada discente no Programa a partir de A\u00e7\u00f5es Afirmativas;<br>a) Em parceria com a UEL, consolidar as pol\u00edticas de a\u00e7\u00f5es afirmativas;<br>b) Planejar e elaborar pol\u00edticas para parceria de forma\u00e7\u00e3o de profissionais da informa\u00e7\u00e3o de arquivos, bibliotecas e museus do Estado do Paran\u00e1, visto que o PPGCI UEL \u00e9 o \u00fanico Programa em Ci\u00eancia da Informa\u00e7\u00e3o no Estado.<br><br>O PPGCI UEL segue o planejamento estrat\u00e9gico com rigor e aten\u00e7\u00e3o \u00e0s a\u00e7\u00f5es conjuntas com a Pr\u00f3-Reitoria de Pesquisa e P\u00f3s-Gradua\u00e7\u00e3o da UEL assim como com o Plano de Desenvolvimento Institucional da UEL. Todas as a\u00e7\u00f5es planejadas ser\u00e3o avaliadas e autoavaliadas de forma peri\u00f3dica no quadri\u00eanio.<\/p>\n\n\n\n<p class=\"has-text-align-center\"><\/p>\n\n\n\n<div class=\"wp-block-buttons is-layout-flex wp-block-buttons-is-layout-flex\">\n<div class=\"wp-block-button has-custom-width wp-block-button__width-100 has-custom-font-size\" style=\"font-size:16px\"><a class=\"wp-block-button__link has-site-background-color has-primary-accent-background-color has-text-color has-background wp-element-button\" href=\"https:\/\/pos.uel.br\/ppgci\/wp-content\/uploads\/2023\/01\/Ficha-de-avaliacao-Discentes.pdf\" target=\"_blank\" rel=\"noreferrer noopener\">Ficha de avalia\u00e7\u00e3o &#8211; Discentes<\/a><\/div>\n<\/div>\n\n\n\n<p><\/p>\n\n\n\n<div class=\"wp-block-buttons is-layout-flex wp-block-buttons-is-layout-flex\">\n<div class=\"wp-block-button has-custom-width wp-block-button__width-100 has-custom-font-size\" style=\"font-size:16px\"><a class=\"wp-block-button__link has-site-background-color has-primary-accent-background-color has-text-color has-background wp-element-button\" href=\"https:\/\/pos.uel.br\/ppgci\/wp-content\/uploads\/2023\/01\/Ficha-de-avaliacao-Docentes.pdf\" target=\"_blank\" rel=\"noreferrer noopener\">Ficha de avalia\u00e7\u00e3o &#8211; Docentes<\/a><\/div>\n<\/div>\n\n\n\n<p><\/p>\n\n\n\n<div class=\"wp-block-buttons is-layout-flex wp-block-buttons-is-layout-flex\">\n<div class=\"wp-block-button has-custom-width wp-block-button__width-100 has-custom-font-size\" style=\"font-size:16px\"><a class=\"wp-block-button__link has-site-background-color has-primary-accent-background-color has-text-color has-background wp-element-button\" href=\"https:\/\/pos.uel.br\/ppgci\/wp-content\/uploads\/2023\/01\/Ficha-de-avaliacao-e-atuacao-Egressos.pdf\" target=\"_blank\" rel=\"noreferrer noopener\">Ficha de avalia\u00e7\u00e3o e atua\u00e7\u00e3o &#8211; Egressos<\/a><\/div>\n<\/div>\n","protected":false},"excerpt":{"rendered":"<p>O Planejamento estrat\u00e9gico do PPGCI UEL segue as proposi\u00e7\u00f5es da CAPES e institucionalmente, tem como documento norteador o&nbsp;Planejamento de Autoavalia\u00e7\u00e3o dos Programas de P\u00f3s-Gradua\u00e7\u00e3o da Universidade Estadual de Londrina, a&nbsp;Portaria 003-2020 Ciapg&nbsp;e o&nbsp;Relat\u00f3rio Ciapg. 1) Qualidade da produ\u00e7\u00e3o do corpo docente permanentea) Continuidade de incentivos financeiros para publica\u00e7\u00f5es com qualidade quanto a corre\u00e7\u00f5es e tradu\u00e7\u00f5es;b) [&hellip;]<\/p>\n","protected":false},"author":9,"featured_media":0,"parent":0,"menu_order":0,"comment_status":"closed","ping_status":"closed","template":"","meta":{"footnotes":""},"class_list":["post-295","page","type-page","status-publish","hentry"],"_links":{"self":[{"href":"https:\/\/pos.uel.br\/ppgci\/wp-json\/wp\/v2\/pages\/295","targetHints":{"allow":["GET"]}}],"collection":[{"href":"https:\/\/pos.uel.br\/ppgci\/wp-json\/wp\/v2\/pages"}],"about":[{"href":"https:\/\/pos.uel.br\/ppgci\/wp-json\/wp\/v2\/types\/page"}],"author":[{"embeddable":true,"href":"https:\/\/pos.uel.br\/ppgci\/wp-json\/wp\/v2\/users\/9"}],"replies":[{"embeddable":true,"href":"https:\/\/pos.uel.br\/ppgci\/wp-json\/wp\/v2\/comments?post=295"}],"version-history":[{"count":6,"href":"https:\/\/pos.uel.br\/ppgci\/wp-json\/wp\/v2\/pages\/295\/revisions"}],"predecessor-version":[{"id":1917,"href":"https:\/\/pos.uel.br\/ppgci\/wp-json\/wp\/v2\/pages\/295\/revisions\/1917"}],"wp:attachment":[{"href":"https:\/\/pos.uel.br\/ppgci\/wp-json\/wp\/v2\/media?parent=295"}],"curies":[{"name":"wp","href":"https:\/\/api.w.org\/{rel}","templated":true}]}}