{"id":246,"date":"2022-09-26T19:49:53","date_gmt":"2022-09-26T22:49:53","guid":{"rendered":"https:\/\/pos.uel.br\/ppgci\/?page_id=246"},"modified":"2023-02-18T21:49:42","modified_gmt":"2023-02-19T00:49:42","slug":"tesauro-brasileiro-de-ciencia-da-informacao-tbci","status":"publish","type":"page","link":"https:\/\/pos.uel.br\/ppgci\/tesauro-brasileiro-de-ciencia-da-informacao-tbci\/","title":{"rendered":"Tesauro Brasileiro de Ci\u00eancia da Informa\u00e7\u00e3o (TBCI)"},"content":{"rendered":"\n<p>O Tesauro Brasileiro de Ci\u00eancia da Informa\u00e7\u00e3o (TBCI), publicado em 2014, durante a realiza\u00e7\u00e3o do XV ENANCIB, elaborado pelas professoras Lena Vania Ribeiro Pinheiro e Helena Dodd Ferrez, representou uma importante contribui\u00e7\u00e3o para a \u00e1rea de Ci\u00eancia da Informa\u00e7\u00e3o no Brasil, fornecendo um modo de categoriza\u00e7\u00e3o tem\u00e1tica da literatura da \u00e1rea. A partir do lan\u00e7amento deste tesauro os autores puderam apropriar-se dos termos extra\u00eddos e utiliz\u00e1-los como pontos de acesso por assuntos, para disseminar as suas produ\u00e7\u00f5es cient\u00edficas, nos diversos eventos da \u00e1rea realizados no pa\u00eds. Contudo, o TBCI foi disponibilizado no formato PDF, o que se relaciona com as dificuldades normalmente enfrentadas pela comunidade nas tentativas de consultas e downloads. Assim, em 2017, iniciou-se o processo de convers\u00e3o do TBCI do formato PDF para o software gerenciador de tesauros, denominado de TEMATRES!<\/p>\n\n\n\n<p>Este processo de convers\u00e3o foi desenvolvido pelos autores Jos\u00e9 Carlos Francisco dos Santos, Br\u00edgida Maria Nogueira Cervantes e Mari\u00e2ngela Spotti Lopes Fujita. Faz parte das atividades do Grupo de Pesquisa \u201cEstudos Terminol\u00f3gicos em Ci\u00eancia da Informa\u00e7\u00e3o\u201d, vinculado ao Programa de P\u00f3s-Gradua\u00e7\u00e3o em Ci\u00eancia da Informa\u00e7\u00e3o da Universidade Estadual de Londrina &#8211; UEL, em parceria com o Grupo de Pesquisa \u201cLinguagem de indexa\u00e7\u00e3o para bibliotecas na perspectiva da pol\u00edtica de indexa\u00e7\u00e3o\u201d vinculado ao Programa de P\u00f3s-Gradua\u00e7\u00e3o em Ci\u00eancia da Informa\u00e7\u00e3o da Universidade Estadual Paulista \u2013 UNESP, campus de Mar\u00edlia.<\/p>\n\n\n\n<div class=\"wp-block-buttons is-layout-flex wp-block-buttons-is-layout-flex\">\n<div class=\"wp-block-button has-custom-width wp-block-button__width-100\"><a class=\"wp-block-button__link has-primary-accent-background-color has-background wp-element-button\" href=\"http:\/\/www.uel.br\/revistas\/informacao\/tbci\/vocab\/index.php\" target=\"_blank\" rel=\"noreferrer noopener\">ACESSAR O TBCI<\/a><\/div>\n<\/div>\n","protected":false},"excerpt":{"rendered":"<p>O Tesauro Brasileiro de Ci\u00eancia da Informa\u00e7\u00e3o (TBCI), publicado em 2014, durante a realiza\u00e7\u00e3o do XV ENANCIB, elaborado pelas professoras Lena Vania Ribeiro Pinheiro e Helena Dodd Ferrez, representou uma importante contribui\u00e7\u00e3o para a \u00e1rea de Ci\u00eancia da Informa\u00e7\u00e3o no Brasil, fornecendo um modo de categoriza\u00e7\u00e3o tem\u00e1tica da literatura da \u00e1rea. A partir do lan\u00e7amento [&hellip;]<\/p>\n","protected":false},"author":11,"featured_media":0,"parent":0,"menu_order":0,"comment_status":"closed","ping_status":"closed","template":"","meta":{"footnotes":""},"class_list":["post-246","page","type-page","status-publish","hentry"],"_links":{"self":[{"href":"https:\/\/pos.uel.br\/ppgci\/wp-json\/wp\/v2\/pages\/246","targetHints":{"allow":["GET"]}}],"collection":[{"href":"https:\/\/pos.uel.br\/ppgci\/wp-json\/wp\/v2\/pages"}],"about":[{"href":"https:\/\/pos.uel.br\/ppgci\/wp-json\/wp\/v2\/types\/page"}],"author":[{"embeddable":true,"href":"https:\/\/pos.uel.br\/ppgci\/wp-json\/wp\/v2\/users\/11"}],"replies":[{"embeddable":true,"href":"https:\/\/pos.uel.br\/ppgci\/wp-json\/wp\/v2\/comments?post=246"}],"version-history":[{"count":3,"href":"https:\/\/pos.uel.br\/ppgci\/wp-json\/wp\/v2\/pages\/246\/revisions"}],"predecessor-version":[{"id":1118,"href":"https:\/\/pos.uel.br\/ppgci\/wp-json\/wp\/v2\/pages\/246\/revisions\/1118"}],"wp:attachment":[{"href":"https:\/\/pos.uel.br\/ppgci\/wp-json\/wp\/v2\/media?parent=246"}],"curies":[{"name":"wp","href":"https:\/\/api.w.org\/{rel}","templated":true}]}}