{"id":239,"date":"2022-09-26T19:49:53","date_gmt":"2022-09-26T22:49:53","guid":{"rendered":"https:\/\/pos.uel.br\/ppgci\/?page_id=239"},"modified":"2023-03-13T15:38:40","modified_gmt":"2023-03-13T18:38:40","slug":"informacao-informacao","status":"publish","type":"page","link":"https:\/\/pos.uel.br\/ppgci\/informacao-informacao\/","title":{"rendered":"Informa\u00e7\u00e3o &#038; Informa\u00e7\u00e3o"},"content":{"rendered":"\n<p>A revista Informa\u00e7\u00e3o &amp; Informa\u00e7\u00e3o, iniciada em 1996, \u00e9 um peri\u00f3dico cient\u00edfico eletr\u00f4nico do Programa de P\u00f3s-Gradua\u00e7\u00e3o em Ci\u00eancia da Informa\u00e7\u00e3o (PPGCI) do Departamento de Ci\u00eancia da Informa\u00e7\u00e3o da Universidade Estadual de Londrina (UEL), dispon\u00edvel em Open Access, no sistema SEER (Servi\u00e7o de Editora\u00e7\u00e3o Eletr\u00f4nica de Revistas).<\/p>\n\n\n\n<p>Assim, Informa\u00e7\u00e3o &amp; Informa\u00e7\u00e3o tem como objetivo disseminar a informa\u00e7\u00e3o cient\u00edfica na \u00e1rea da Ci\u00eancia da Informa\u00e7\u00e3o e difundir o di\u00e1logo intelectual entre pesquisadores, profissionais e estudantes que atuam em diferentes regi\u00f5es do pa\u00eds e no exterior.<\/p>\n\n\n\n<p>Publica contribui\u00e7\u00f5es in\u00e9ditas na \u00e1rea de Ci\u00eancia da Informa\u00e7\u00e3o e suas interfaces, nos idiomas portugu\u00eas, espanhol e ingl\u00eas, que s\u00e3o avaliadas (revis\u00e3o an\u00f4nima) pelos pares. A revista conta com avalia\u00e7\u00e3o dupla e se necess\u00e1ria tripla. As avalia\u00e7\u00f5es dos artigos s\u00e3o realizadas pelo Comit\u00ea Editorial e pelo Conselho Consultivo, todos os membros s\u00e3o doutores e especialistas nos assuntos abordados pelos colaboradores.<\/p>\n\n\n\n<p>A partir de 2011 sua periodicidade passou para quadrimestral, sendo um dos fasc\u00edculos dedicado a temas da atualidade e relevantes para a Ci\u00eancia da Informa\u00e7\u00e3o e \u00e1reas de interface.<\/p>\n\n\n\n<div class=\"wp-block-buttons is-layout-flex wp-block-buttons-is-layout-flex\">\n<div class=\"wp-block-button has-custom-width wp-block-button__width-100\"><a class=\"wp-block-button__link has-primary-accent-background-color has-background wp-element-button\" href=\"https:\/\/ojs.uel.br\/revistas\/uel\/index.php\/informacao\/index\" target=\"_blank\" rel=\"noreferrer noopener\">ACESSAR REVISTA<\/a><\/div>\n<\/div>\n","protected":false},"excerpt":{"rendered":"<p>A revista Informa\u00e7\u00e3o &amp; Informa\u00e7\u00e3o, iniciada em 1996, \u00e9 um peri\u00f3dico cient\u00edfico eletr\u00f4nico do Programa de P\u00f3s-Gradua\u00e7\u00e3o em Ci\u00eancia da Informa\u00e7\u00e3o (PPGCI) do Departamento de Ci\u00eancia da Informa\u00e7\u00e3o da Universidade Estadual de Londrina (UEL), dispon\u00edvel em Open Access, no sistema SEER (Servi\u00e7o de Editora\u00e7\u00e3o Eletr\u00f4nica de Revistas). Assim, Informa\u00e7\u00e3o &amp; Informa\u00e7\u00e3o tem como objetivo disseminar [&hellip;]<\/p>\n","protected":false},"author":11,"featured_media":0,"parent":0,"menu_order":0,"comment_status":"closed","ping_status":"closed","template":"","meta":{"footnotes":""},"class_list":["post-239","page","type-page","status-publish","hentry"],"_links":{"self":[{"href":"https:\/\/pos.uel.br\/ppgci\/wp-json\/wp\/v2\/pages\/239","targetHints":{"allow":["GET"]}}],"collection":[{"href":"https:\/\/pos.uel.br\/ppgci\/wp-json\/wp\/v2\/pages"}],"about":[{"href":"https:\/\/pos.uel.br\/ppgci\/wp-json\/wp\/v2\/types\/page"}],"author":[{"embeddable":true,"href":"https:\/\/pos.uel.br\/ppgci\/wp-json\/wp\/v2\/users\/11"}],"replies":[{"embeddable":true,"href":"https:\/\/pos.uel.br\/ppgci\/wp-json\/wp\/v2\/comments?post=239"}],"version-history":[{"count":4,"href":"https:\/\/pos.uel.br\/ppgci\/wp-json\/wp\/v2\/pages\/239\/revisions"}],"predecessor-version":[{"id":1206,"href":"https:\/\/pos.uel.br\/ppgci\/wp-json\/wp\/v2\/pages\/239\/revisions\/1206"}],"wp:attachment":[{"href":"https:\/\/pos.uel.br\/ppgci\/wp-json\/wp\/v2\/media?parent=239"}],"curies":[{"name":"wp","href":"https:\/\/api.w.org\/{rel}","templated":true}]}}