{"id":222,"date":"2022-09-26T19:36:08","date_gmt":"2022-09-26T22:36:08","guid":{"rendered":"https:\/\/pos.uel.br\/ppgci\/?page_id=222"},"modified":"2025-06-12T08:29:41","modified_gmt":"2025-06-12T11:29:41","slug":"bolsas","status":"publish","type":"page","link":"https:\/\/pos.uel.br\/ppgci\/bolsas\/","title":{"rendered":"Bolsas"},"content":{"rendered":"\n<h2 class=\"wp-block-heading has-text-align-center\">Crit\u00e9rios para distribui\u00e7\u00e3o e manuten\u00e7\u00e3o de Bolsas<\/h2>\n\n\n\n<div class=\"wp-block-uel-card\">\n<div class=\"wp-block-uel-card\">\n<h4 class=\"wp-block-heading has-text-align-center is-style-highlighted-heading\">Crit\u00e9rios para concess\u00e3o de bolsas de estudos para Estudantes&nbsp;do PPGCI\/UEL<\/h4>\n\n\n\n<p>A bolsa de estudos poder\u00e1 ser concedida ao estudante regularmente matriculado no PPGCI\/UEL, que esteja em fase de obten\u00e7\u00e3o de cr\u00e9ditos ou na fase de realiza\u00e7\u00e3o da disserta\u00e7\u00e3o.<\/p>\n\n\n\n<p>A sua concess\u00e3o condicionar-se-\u00e1 \u00e0 observ\u00e2ncia dos seguintes requisitos:<\/p>\n\n\n\n<ol class=\"wp-block-list\">\n<li>An\u00e1lise da produ\u00e7\u00e3o intelectual;<\/li>\n\n\n\n<li>Disponibilidade integral para realizar o curso;<\/li>\n\n\n\n<li>Aus\u00eancia de atividade profissional regular remunerada, devidamente comprovada;<\/li>\n\n\n\n<li>N\u00e3o se encontrar aposentado ou em situa\u00e7\u00e3o equiparada;<\/li>\n\n\n\n<li>Quando possuir v\u00ednculo empregat\u00edcio, estar liberado das atividades profissionais e sem percep\u00e7\u00e3o de vencimentos;<\/li>\n\n\n\n<li>Bom desempenho acad\u00eamico no Programa;<\/li>\n\n\n\n<li>Fixa\u00e7\u00e3o de resid\u00eancia na localidade em que se realiza o curso;<\/li>\n\n\n\n<li>Realizar est\u00e1gio de doc\u00eancia na gradua\u00e7\u00e3o, de acordo com o estabelecido no Artigo 3\u00ba, \u00a7 \u00fanico, Resolu\u00e7\u00e3o CEPE 0038\/2010.<\/li>\n<\/ol>\n\n\n\n<p>A bolsa ser\u00e1 concedida por seis meses iniciais, renov\u00e1veis de acordo com este documento.<\/p>\n\n\n\n<p>O estudante que obtiver a bolsa a partir do 3\u00ba semestre de ingresso no curso ter\u00e1 direito \u00e0 bolsa por no m\u00e1ximo um ano, ou seja, o t\u00e9rmino da concess\u00e3o da bolsa se encerra, independentemente de qualquer situa\u00e7\u00e3o, ao final de dois anos de curso.<\/p>\n\n\n\n<p>A manuten\u00e7\u00e3o de bolsas em geral reger-se-\u00e1 pelos mesmos requisitos da sua concess\u00e3o, acrescido \u00e0 avalia\u00e7\u00e3o do desempenho acad\u00eamico do estudante no per\u00edodo da concess\u00e3o da bolsa.<\/p>\n\n\n\n<p>Os bolsistas ter\u00e3o que cumprir 08 horas semanais no PPGCI, em atividades indicadas pela Comiss\u00e3o Coordenadora e sob sua orienta\u00e7\u00e3o.<\/p>\n\n\n\n<p>O n\u00e3o cumprimento das exig\u00eancias constantes neste documento implica na suspens\u00e3o da bolsa.<\/p>\n\n\n\n<p>A avalia\u00e7\u00e3o do desempenho acad\u00eamico, dedica\u00e7\u00e3o e produ\u00e7\u00e3o dos bolsistas ser\u00e1 feita mediante relat\u00f3rio semestral, com aprova\u00e7\u00e3o da Comiss\u00e3o Coordenadora.<\/p>\n<\/div>\n\n\n\n<div class=\"wp-block-uel-card\">\n<h4 class=\"wp-block-heading has-text-align-center is-style-highlighted-heading\">Crit\u00e9rios para manuten\u00e7\u00e3o de bolsas de estudos para Estudantes&nbsp;do PPGCI\/UEL<\/h4>\n\n\n\n<div class=\"wp-block-buttons is-layout-flex wp-block-buttons-is-layout-flex\">\n<div class=\"wp-block-button has-custom-width wp-block-button__width-100\"><a class=\"wp-block-button__link has-primary-accent-background-color has-background has-custom-font-size wp-element-button\" href=\"https:\/\/pos.uel.br\/ppgci\/wp-content\/uploads\/2025\/06\/MANUTENCAO_BOLSAS_2020_11-06-25.pdf\" style=\"font-size:16px\">NORMATIVA 001\/2020 &#8211; CRIT\u00c9RIOS PARA MANUTEN\u00c7\u00c3O DE BOLSAS DE MESTRADO E DOUTORADO<\/a><\/div>\n\n\n\n<div class=\"wp-block-button has-custom-width wp-block-button__width-100\"><a class=\"wp-block-button__link has-primary-accent-background-color has-background has-custom-font-size wp-element-button\" href=\"https:\/\/pos.uel.br\/ppgci\/wp-content\/uploads\/2022\/10\/RELATORIO-ATIVIDADES-BOLSISTAS.docx\" style=\"font-size:16px\" target=\"_blank\" rel=\"noreferrer noopener\">RELAT\u00d3RIO ATIVIDADES BOLSISTAS<\/a><\/div>\n\n\n\n<div class=\"wp-block-button has-custom-width wp-block-button__width-100\"><a class=\"wp-block-button__link has-primary-accent-background-color has-background has-custom-font-size wp-element-button\" href=\"https:\/\/pos.uel.br\/ppgci\/editais\/\" style=\"font-size:16px\">EDITAL<\/a><\/div>\n<\/div>\n<\/div>\n<\/div>\n\n\n\n<h2 class=\"wp-block-heading has-text-align-center\">Editais de Sele\u00e7\u00e3o para Bolsistas<\/h2>\n\n\n\n<div class=\"wp-block-uel-card\">\n<div class=\"wp-block-uel-card\">\n<h4 class=\"wp-block-heading has-text-align-center\"><mark class=\"has-inline-color has-primary-accent-color\">Editais de Sele\u00e7\u00e3o e de Resultado de Bolsas<\/mark><\/h4>\n\n\n\n<div class=\"wp-block-uel-card\">\n<div class=\"wp-block-buttons alignfull is-layout-flex wp-block-buttons-is-layout-flex\">\n<div class=\"wp-block-button has-custom-width wp-block-button__width-100\"><a class=\"wp-block-button__link has-site-background-color has-primary-accent-background-color has-text-color has-background has-custom-font-size wp-element-button\" href=\"https:\/\/pos.uel.br\/ppgci\/wp-content\/uploads\/2023\/02\/EDITAL-PPGCI-No-002-2023-MESTRADO.pdf\" style=\"font-size:16px\" target=\"_blank\" rel=\"noreferrer noopener\">EDITAL PPGCI N\u00ba 002\/2023 (MESTRADO)<\/a><\/div>\n\n\n\n<div class=\"wp-block-button has-custom-width wp-block-button__width-100\"><a class=\"wp-block-button__link has-site-background-color has-primary-accent-background-color has-text-color has-background has-custom-font-size wp-element-button\" href=\"https:\/\/pos.uel.br\/ppgci\/wp-content\/uploads\/2023\/02\/EDITAL-PPGCI-No-003-2023-DOUTORADO.pdf\" style=\"font-size:16px\" target=\"_blank\" rel=\"noreferrer noopener\">EDITAL PPGCI N\u00ba 003\/2023 (DOUTORADO)<\/a><\/div>\n<\/div>\n\n\n\n<p><\/p>\n\n\n\n<div class=\"wp-block-buttons is-layout-flex wp-block-buttons-is-layout-flex\">\n<div class=\"wp-block-button has-custom-width wp-block-button__width-100\"><a class=\"wp-block-button__link has-site-background-color has-primary-accent-background-color has-text-color has-background has-custom-font-size wp-element-button\" href=\"https:\/\/pos.uel.br\/ppgci\/wp-content\/uploads\/2023\/03\/Edital-PPGCI-06-2023-_resultado-bolsa-demanda-social_Mestrado-e-Doutorado.pdf\" style=\"font-size:16px\" target=\"_blank\" rel=\"noreferrer noopener\">EDITAL PPGCI N\u00ba 006\/2023 (MESTRADO\/DOUTORADO) &#8211; RESULTADO<\/a><\/div>\n<\/div>\n<\/div>\n\n\n\n<div class=\"wp-block-uel-card\">\n<div class=\"wp-block-buttons alignfull is-layout-flex wp-block-buttons-is-layout-flex\">\n<div class=\"wp-block-button has-custom-width wp-block-button__width-100\"><a class=\"wp-block-button__link has-site-background-color has-primary-accent-background-color has-text-color has-background has-custom-font-size wp-element-button\" href=\"https:\/\/pos.uel.br\/ppgci\/wp-content\/uploads\/2023\/02\/EDITAL-PPGCI-No-014-2021-2o-SEMESTRE-MESTRADO-SELECAO.pdf\" style=\"font-size:16px\" target=\"_blank\" rel=\"noreferrer noopener\">EDITAL PPGCI N\u00ba 014\/2021 &#8211; 2\u00ba SEMESTRE (MESTRADO) &#8211; SELE\u00c7\u00c3O<\/a><\/div>\n\n\n\n<div class=\"wp-block-button has-custom-width wp-block-button__width-100\"><a class=\"wp-block-button__link has-site-background-color has-primary-accent-background-color has-text-color has-background has-custom-font-size wp-element-button\" href=\"https:\/\/pos.uel.br\/ppgci\/wp-content\/uploads\/2023\/02\/EDITAL-PPGCI-No-0152021-2o-SEMESTRE-MESTRADO-RESULTADO.pdf\" style=\"font-size:16px\" target=\"_blank\" rel=\"noreferrer noopener\">EDITAL PPGCI N\u00ba 015\/2021 &#8211; 2\u00ba SEMESTRE (MESTRADO) &#8211; RESULTADO<\/a><\/div>\n\n\n\n<div class=\"wp-block-button has-custom-width wp-block-button__width-100\"><a class=\"wp-block-button__link has-site-background-color has-primary-accent-background-color has-text-color has-background has-custom-font-size wp-element-button\" href=\"https:\/\/pos.uel.br\/ppgci\/wp-content\/uploads\/2023\/02\/EDITAL-PPGCI-No-002-2021-1o-SEMESTRE-MESTRADO-CADASTRO-RESERVA-SELECAO.pdf\" style=\"font-size:16px\" target=\"_blank\" rel=\"noreferrer noopener\">EDITAL PPGCI N\u00ba 002\/2021 &#8211; 1\u00ba SEMESTRE (MESTRADO\/CADASTRO RESERVA) &#8211; SELE\u00c7\u00c3O<\/a><\/div>\n\n\n\n<div class=\"wp-block-button has-custom-width wp-block-button__width-100\"><a class=\"wp-block-button__link has-site-background-color has-primary-accent-background-color has-text-color has-background has-custom-font-size wp-element-button\" href=\"https:\/\/pos.uel.br\/ppgci\/wp-content\/uploads\/2023\/02\/EDITAL-PPGCI-No-013-2021-1o-SEMESTRE-MESTRADO-RESULTADO.pdf\" style=\"font-size:16px\" target=\"_blank\" rel=\"noreferrer noopener\">EDITAL PPGCI N\u00ba 013\/2021 &#8211; 1\u00ba SEMESTRE (MESTRADO) &#8211; RESULTADO<\/a><\/div>\n\n\n\n<div class=\"wp-block-button has-custom-width wp-block-button__width-100\"><a class=\"wp-block-button__link has-site-background-color has-primary-accent-background-color has-text-color has-background has-custom-font-size wp-element-button\" href=\"https:\/\/pos.uel.br\/ppgci\/wp-content\/uploads\/2023\/02\/EDITAL-PPGCI-No-003-2021-1o-SEMESTRE-DOUTORADO-CADASTRO-RESERVA-SELECAO.pdf\" style=\"font-size:16px\" target=\"_blank\" rel=\"noreferrer noopener\">EDITAL PPGCI N\u00ba 003\/2021 &#8211; 1\u00ba SEMESTRE (DOUTORADO\/CADASTRO RESERVA) &#8211; SELE\u00c7\u00c3O<\/a><\/div>\n\n\n\n<div class=\"wp-block-button has-custom-width wp-block-button__width-100\"><a class=\"wp-block-button__link has-site-background-color has-primary-accent-background-color has-text-color has-background has-custom-font-size wp-element-button\" href=\"https:\/\/pos.uel.br\/ppgci\/wp-content\/uploads\/2023\/02\/EDITAL-PPGCI-No-012-2021-1o-SEMESTRE-DOUTORADO-RESULTADO.pdf\" style=\"font-size:16px\" target=\"_blank\" rel=\"noreferrer noopener\">EDITAL PPGCI N\u00ba 012\/2021 &#8211; 1\u00ba SEMESTRE (DOUTORADO) &#8211; RESULTADO<\/a><\/div>\n<\/div>\n<\/div>\n\n\n\n<div class=\"wp-block-uel-card\">\n<div class=\"wp-block-buttons alignfull is-layout-flex wp-block-buttons-is-layout-flex\">\n<div class=\"wp-block-button has-custom-width wp-block-button__width-100\"><a class=\"wp-block-button__link has-site-background-color has-primary-accent-background-color has-text-color has-background has-custom-font-size wp-element-button\" href=\"https:\/\/pos.uel.br\/ppgci\/wp-content\/uploads\/2023\/02\/EDITAL-PPGCI-No-002-2019-DOUTORADO-SELECAO.pdf\" style=\"font-size:15px\" target=\"_blank\" rel=\"noreferrer noopener\">EDITAL PPGCI N\u00ba 002\/2019 (DOUTORADO) &#8211; SELE\u00c7\u00c3O<\/a><\/div>\n\n\n\n<div class=\"wp-block-button has-custom-width wp-block-button__width-100\"><a class=\"wp-block-button__link has-site-background-color has-primary-accent-background-color has-text-color has-background has-custom-font-size wp-element-button\" href=\"https:\/\/pos.uel.br\/ppgci\/wp-content\/uploads\/2023\/02\/EDITAL-PPGCI-No-012-2019-DOUTORADO-RESULTADO.pdf\" style=\"font-size:15px\" target=\"_blank\" rel=\"noreferrer noopener\">EDITAL PPGCI N\u00ba 012\/2019 (DOUTORADO) &#8211; RESULTADO<\/a><\/div>\n<\/div>\n<\/div>\n\n\n\n<div class=\"wp-block-uel-card\">\n<div class=\"wp-block-buttons alignfull is-layout-flex wp-block-buttons-is-layout-flex\">\n<div class=\"wp-block-button has-custom-width wp-block-button__width-100\"><a class=\"wp-block-button__link has-site-background-color has-primary-accent-background-color has-text-color has-background has-custom-font-size wp-element-button\" href=\"https:\/\/pos.uel.br\/ppgci\/wp-content\/uploads\/2023\/02\/EDITAL-PPGCI-No-002-2018-MESTRADO-SELECAO.pdf\" style=\"font-size:16px\" target=\"_blank\" rel=\"noreferrer noopener\">EDITAL PPGCI N\u00ba 002\/2018 (MESTRADO) &#8211; SELE\u00c7\u00c3O<\/a><\/div>\n\n\n\n<div class=\"wp-block-button has-custom-width wp-block-button__width-100\"><a class=\"wp-block-button__link has-site-background-color has-primary-accent-background-color has-text-color has-background has-custom-font-size wp-element-button\" href=\"https:\/\/pos.uel.br\/ppgci\/wp-content\/uploads\/2023\/02\/EDITAL-PPGCI-No-004-2018-MESTRADO-RESULTADO.pdf\" style=\"font-size:16px\" target=\"_blank\" rel=\"noreferrer noopener\">EDITAL PPGCI N\u00ba 004\/2018 (MESTRADO) &#8211; RESULTADO<\/a><\/div>\n<\/div>\n<\/div>\n\n\n\n<div class=\"wp-block-uel-card\">\n<div class=\"wp-block-buttons alignfull is-layout-flex wp-block-buttons-is-layout-flex\">\n<div class=\"wp-block-button has-custom-width wp-block-button__width-100\"><a class=\"wp-block-button__link has-site-background-color has-primary-accent-background-color has-text-color has-background has-custom-font-size wp-element-button\" href=\"https:\/\/pos.uel.br\/ppgci\/wp-content\/uploads\/2023\/02\/EDITAL-PPGCI-No-001-2018-INGRESSANTES-MESTRADO-2017-SELECAO.pdf\" style=\"font-size:16px\" target=\"_blank\" rel=\"noreferrer noopener\">EDITAL PPGCI N\u00ba 001\/2018 &#8211; (INGRESSANTES MESTRADO 2017) SELE\u00c7\u00c3O<\/a><\/div>\n\n\n\n<div class=\"wp-block-button has-custom-width wp-block-button__width-100\"><a class=\"wp-block-button__link has-site-background-color has-primary-accent-background-color has-text-color has-background has-custom-font-size wp-element-button\" href=\"https:\/\/pos.uel.br\/ppgci\/wp-content\/uploads\/2023\/02\/EDITAL-PPGCI-No-003-2018-INGRESSANTES-MESTRADO-2017-RESULTADO.pdf\" style=\"font-size:16px\" target=\"_blank\" rel=\"noreferrer noopener\">EDITAL PPGCI N\u00ba 003\/2018 &#8211; (INGRESSANTES MESTRADO 2017) RESULTADO<\/a><\/div>\n<\/div>\n<\/div>\n<\/div>\n<\/div>\n","protected":false},"excerpt":{"rendered":"<p>Crit\u00e9rios para distribui\u00e7\u00e3o e manuten\u00e7\u00e3o de Bolsas Editais de Sele\u00e7\u00e3o para Bolsistas<\/p>\n","protected":false},"author":11,"featured_media":0,"parent":0,"menu_order":0,"comment_status":"closed","ping_status":"closed","template":"","meta":{"footnotes":""},"class_list":["post-222","page","type-page","status-publish","hentry"],"_links":{"self":[{"href":"https:\/\/pos.uel.br\/ppgci\/wp-json\/wp\/v2\/pages\/222","targetHints":{"allow":["GET"]}}],"collection":[{"href":"https:\/\/pos.uel.br\/ppgci\/wp-json\/wp\/v2\/pages"}],"about":[{"href":"https:\/\/pos.uel.br\/ppgci\/wp-json\/wp\/v2\/types\/page"}],"author":[{"embeddable":true,"href":"https:\/\/pos.uel.br\/ppgci\/wp-json\/wp\/v2\/users\/11"}],"replies":[{"embeddable":true,"href":"https:\/\/pos.uel.br\/ppgci\/wp-json\/wp\/v2\/comments?post=222"}],"version-history":[{"count":18,"href":"https:\/\/pos.uel.br\/ppgci\/wp-json\/wp\/v2\/pages\/222\/revisions"}],"predecessor-version":[{"id":1844,"href":"https:\/\/pos.uel.br\/ppgci\/wp-json\/wp\/v2\/pages\/222\/revisions\/1844"}],"wp:attachment":[{"href":"https:\/\/pos.uel.br\/ppgci\/wp-json\/wp\/v2\/media?parent=222"}],"curies":[{"name":"wp","href":"https:\/\/api.w.org\/{rel}","templated":true}]}}