{"id":13,"date":"2021-04-29T13:57:21","date_gmt":"2021-04-29T16:57:21","guid":{"rendered":"https:\/\/pos.uel.br\/ppgci\/?page_id=13"},"modified":"2025-10-23T22:54:18","modified_gmt":"2025-10-24T01:54:18","slug":"contatos","status":"publish","type":"page","link":"https:\/\/pos.uel.br\/ppgci\/contatos\/","title":{"rendered":"Contatos"},"content":{"rendered":"\n<p><strong>Secretaria<\/strong><br>Hor\u00e1rio de Atendimento:<br>segunda \u00e0 sexta-feira, 10h \u00e0s 12h e 14h \u00e0s 18h<\/p>\n\n\n\n<p>Respons\u00e1vel: Ana Cristina de Albuquerque<\/p>\n\n\n\n<p>Estagi\u00e1rio: Aline<\/p>\n\n\n\n<p>Telefone: (43) 3371-4665<br>E-mail: ppgci@uel.br<\/p>\n\n\n\n<p><strong>Endere\u00e7o<\/strong><br>Centro de Educa\u00e7\u00e3o, Comunica\u00e7\u00e3o e Artes (CECA) &#8211; UEL<\/p>\n\n\n\n<p>Campus Universit\u00e1rio<br>Rodovia Celso Garcia Cid (PR 445), KM380<br>Caixa Postal: 10011<br>Londrina &#8211; Paran\u00e1<br>CEP 86057-970<\/p>\n\n\n\n<p><strong>Equipe de atualiza\u00e7\u00e3o do site<\/strong><br>Para d\u00favidas t\u00e9cnicas sobre a estrutura do site, consultar a equipe:<\/p>\n\n\n\n<ul class=\"wp-block-list\">\n<li>Arlene Aparecida Leandro<\/li>\n\n\n\n<li>Ana Paula Costa Rosa<\/li>\n\n\n\n<li>Victoria Venancio <\/li>\n<\/ul>\n\n\n\n<p><strong>E-mail de contato:<\/strong>&nbsp;equipesiteppgciuel@gmail.com<\/p>\n\n\n\n<p><strong>Colaboradores<\/strong> <strong>Anteriores<\/strong><\/p>\n\n\n\n<ul class=\"wp-block-list\">\n<li><span style=\"font-size: 1rem\">Maria L\u00edgia Triques <\/span><\/li>\n\n\n\n<li>J\u00falio C\u00e9sar Silveira Tauil<\/li>\n\n\n\n<li>Jo\u00e3o Cairo Ferreira<\/li>\n\n\n\n<li>Ra\u00edssa Yuri Hamanaka <\/li>\n\n\n\n<li>Sergio Mari Junior <\/li>\n\n\n\n<li>Ma\u00edra Fernandes Alencar <\/li>\n<\/ul>\n\n\n\n<p><\/p>\n","protected":false},"excerpt":{"rendered":"<p>SecretariaHor\u00e1rio de Atendimento:segunda \u00e0 sexta-feira, 10h \u00e0s 12h e 14h \u00e0s 18h Respons\u00e1vel: Ana Cristina de Albuquerque Estagi\u00e1rio: Aline Telefone: (43) 3371-4665E-mail: ppgci@uel.br Endere\u00e7oCentro de Educa\u00e7\u00e3o, Comunica\u00e7\u00e3o e Artes (CECA) &#8211; UEL Campus Universit\u00e1rioRodovia Celso Garcia Cid (PR 445), KM380Caixa Postal: 10011Londrina &#8211; Paran\u00e1CEP 86057-970 Equipe de atualiza\u00e7\u00e3o do sitePara d\u00favidas t\u00e9cnicas sobre a estrutura [&hellip;]<\/p>\n","protected":false},"author":7,"featured_media":0,"parent":0,"menu_order":0,"comment_status":"closed","ping_status":"closed","template":"","meta":{"footnotes":""},"class_list":["post-13","page","type-page","status-publish","hentry"],"_links":{"self":[{"href":"https:\/\/pos.uel.br\/ppgci\/wp-json\/wp\/v2\/pages\/13","targetHints":{"allow":["GET"]}}],"collection":[{"href":"https:\/\/pos.uel.br\/ppgci\/wp-json\/wp\/v2\/pages"}],"about":[{"href":"https:\/\/pos.uel.br\/ppgci\/wp-json\/wp\/v2\/types\/page"}],"author":[{"embeddable":true,"href":"https:\/\/pos.uel.br\/ppgci\/wp-json\/wp\/v2\/users\/7"}],"replies":[{"embeddable":true,"href":"https:\/\/pos.uel.br\/ppgci\/wp-json\/wp\/v2\/comments?post=13"}],"version-history":[{"count":13,"href":"https:\/\/pos.uel.br\/ppgci\/wp-json\/wp\/v2\/pages\/13\/revisions"}],"predecessor-version":[{"id":1958,"href":"https:\/\/pos.uel.br\/ppgci\/wp-json\/wp\/v2\/pages\/13\/revisions\/1958"}],"wp:attachment":[{"href":"https:\/\/pos.uel.br\/ppgci\/wp-json\/wp\/v2\/media?parent=13"}],"curies":[{"name":"wp","href":"https:\/\/api.w.org\/{rel}","templated":true}]}}