{"id":11,"date":"2021-04-29T13:57:21","date_gmt":"2021-04-29T16:57:21","guid":{"rendered":"https:\/\/pos.uel.br\/ppgci\/?page_id=11"},"modified":"2023-02-24T15:10:32","modified_gmt":"2023-02-24T18:10:32","slug":"areas-de-concentracao","status":"publish","type":"page","link":"https:\/\/pos.uel.br\/ppgci\/areas-de-concentracao\/","title":{"rendered":"\u00c1reas de concentra\u00e7\u00e3o"},"content":{"rendered":"\n<p>A ci\u00eancia, como atividade social, tem determina\u00e7\u00f5es econ\u00f4micas e hist\u00f3ricas que direcionam a possibilidades de estudos diversos.&nbsp; Em um contexto em que a informa\u00e7\u00e3o traz elementos essenciais para a compreens\u00e3o da din\u00e2mica social, os estudos sobre a produ\u00e7\u00e3o, organiza\u00e7\u00e3o, acesso, compartilhamento e uso da informa\u00e7\u00e3o, se mostram como&nbsp; primordiais para refletir sobre essas determina\u00e7\u00f5es e auxiliar no desafio de estabelecer reflex\u00f5es sobre as mudan\u00e7as das bases materiais da sociedade, que passam pela reorganiza\u00e7\u00e3o dos sistemas de informa\u00e7\u00e3o, o impulsionamento das formas de articula\u00e7\u00e3o dessas informa\u00e7\u00f5es e a velocidade e direcionamento com car\u00e1ter produtivo, da circula\u00e7\u00e3o da informa\u00e7\u00e3o e produ\u00e7\u00e3o de conhecimentos.<\/p>\n\n\n\n<p><\/p>\n\n\n\n<p>Portanto, a \u00e1rea de concentra\u00e7\u00e3o do PPGCI UEL se caracteriza como:<\/p>\n\n\n\n<p class=\"has-medium-font-size\"><\/p>\n\n\n\n<p class=\"has-site-background-background-color has-background\"><strong>Organiza\u00e7\u00e3o, acesso e apropria\u00e7\u00e3o da informa\u00e7\u00e3o e do conhecimento<\/strong>: <em>O estudo e investiga\u00e7\u00e3o de procedimentos relacionados a organiza\u00e7\u00e3o, dissemina\u00e7\u00e3o, acesso e apropria\u00e7\u00e3o da informa\u00e7\u00e3o e do conhecimento em m\u00faltiplos espa\u00e7os, em que a informa\u00e7\u00e3o e o conhecimento podem ser organizados, representados e compartilhados, individualmente e coletivamente.<\/em><\/p>\n","protected":false},"excerpt":{"rendered":"<p>A ci\u00eancia, como atividade social, tem determina\u00e7\u00f5es econ\u00f4micas e hist\u00f3ricas que direcionam a possibilidades de estudos diversos.&nbsp; Em um contexto em que a informa\u00e7\u00e3o traz elementos essenciais para a compreens\u00e3o da din\u00e2mica social, os estudos sobre a produ\u00e7\u00e3o, organiza\u00e7\u00e3o, acesso, compartilhamento e uso da informa\u00e7\u00e3o, se mostram como&nbsp; primordiais para refletir sobre essas determina\u00e7\u00f5es e [&hellip;]<\/p>\n","protected":false},"author":7,"featured_media":0,"parent":0,"menu_order":0,"comment_status":"closed","ping_status":"closed","template":"","meta":{"footnotes":""},"class_list":["post-11","page","type-page","status-publish","hentry"],"_links":{"self":[{"href":"https:\/\/pos.uel.br\/ppgci\/wp-json\/wp\/v2\/pages\/11","targetHints":{"allow":["GET"]}}],"collection":[{"href":"https:\/\/pos.uel.br\/ppgci\/wp-json\/wp\/v2\/pages"}],"about":[{"href":"https:\/\/pos.uel.br\/ppgci\/wp-json\/wp\/v2\/types\/page"}],"author":[{"embeddable":true,"href":"https:\/\/pos.uel.br\/ppgci\/wp-json\/wp\/v2\/users\/7"}],"replies":[{"embeddable":true,"href":"https:\/\/pos.uel.br\/ppgci\/wp-json\/wp\/v2\/comments?post=11"}],"version-history":[{"count":13,"href":"https:\/\/pos.uel.br\/ppgci\/wp-json\/wp\/v2\/pages\/11\/revisions"}],"predecessor-version":[{"id":1181,"href":"https:\/\/pos.uel.br\/ppgci\/wp-json\/wp\/v2\/pages\/11\/revisions\/1181"}],"wp:attachment":[{"href":"https:\/\/pos.uel.br\/ppgci\/wp-json\/wp\/v2\/media?parent=11"}],"curies":[{"name":"wp","href":"https:\/\/api.w.org\/{rel}","templated":true}]}}