{"id":9,"date":"2021-04-26T21:51:34","date_gmt":"2021-04-27T00:51:34","guid":{"rendered":"https:\/\/pos.uel.br\/ppgcfuel\/?page_id=9"},"modified":"2021-09-10T08:53:05","modified_gmt":"2021-09-10T11:53:05","slug":"linhas-de-pesquisa","status":"publish","type":"page","link":"https:\/\/pos.uel.br\/ppgcfuel\/linhas-de-pesquisa\/","title":{"rendered":"Linhas de pesquisa"},"content":{"rendered":"\n<p class=\"has-text-align-center has-medium-font-size\"><em><strong>(1) Desenvolvimento e Qualidade de Produtos e Servi\u00e7os Farmac\u00eauticos<\/strong><\/em><\/p>\n\n\n\n<p class=\"has-text-align-center\">Esta linha engloba projetos de pesquisa que visam \u00e0 obten\u00e7\u00e3o de novos insumos farmac\u00eauticos, sistemas de libera\u00e7\u00e3o de f\u00e1rmacos, estudos de metodologias anal\u00edticas e de estabilidade de medicamentos e cosm\u00e9ticos, nanotecnologia e projetos de pesquisa em gest\u00e3o da assist\u00eancia farmac\u00eautica, gest\u00e3o cl\u00ednica do medicamento, farm\u00e1cia cl\u00ednica e aten\u00e7\u00e3o farmac\u00eautica, e estudos farmacoepidemiol\u00f3gicos, farmacoecon\u00f4micos e de farmacovigil\u00e2ncia.<\/p>\n\n\n\n<p class=\"has-text-align-center has-medium-font-size\"><em><strong>(2) Bioprospec\u00e7\u00e3o, Produ\u00e7\u00e3o e Avalia\u00e7\u00e3o Biol\u00f3gica de Mol\u00e9culas de Interesse Farmac\u00eautico<\/strong><\/em><\/p>\n\n\n\n<p class=\"has-text-align-center\">Esta linha engloba projetos de pesquisa que visam o desenvolvimento de materiais nanotecnol\u00f3gicos com diversas aplica\u00e7\u00f5es, investiga\u00e7\u00e3o de propriedades biol\u00f3gicas de produtos naturais, compostos org\u00e2nicos sint\u00e9ticos, semissint\u00e9ticos e materiais inorg\u00e2nicos.<\/p>\n","protected":false},"excerpt":{"rendered":"<p>(1) Desenvolvimento e Qualidade de Produtos e Servi\u00e7os Farmac\u00eauticos Esta linha engloba projetos de pesquisa que visam \u00e0 obten\u00e7\u00e3o de novos insumos farmac\u00eauticos, sistemas de libera\u00e7\u00e3o de f\u00e1rmacos, estudos de metodologias anal\u00edticas e de estabilidade de medicamentos e cosm\u00e9ticos, nanotecnologia e projetos de pesquisa em gest\u00e3o da assist\u00eancia farmac\u00eautica, gest\u00e3o cl\u00ednica do medicamento, farm\u00e1cia cl\u00ednica [&hellip;]<\/p>\n","protected":false},"author":7,"featured_media":0,"parent":0,"menu_order":0,"comment_status":"closed","ping_status":"closed","template":"","meta":{"footnotes":""},"class_list":["post-9","page","type-page","status-publish","hentry"],"_links":{"self":[{"href":"https:\/\/pos.uel.br\/ppgcfuel\/wp-json\/wp\/v2\/pages\/9","targetHints":{"allow":["GET"]}}],"collection":[{"href":"https:\/\/pos.uel.br\/ppgcfuel\/wp-json\/wp\/v2\/pages"}],"about":[{"href":"https:\/\/pos.uel.br\/ppgcfuel\/wp-json\/wp\/v2\/types\/page"}],"author":[{"embeddable":true,"href":"https:\/\/pos.uel.br\/ppgcfuel\/wp-json\/wp\/v2\/users\/7"}],"replies":[{"embeddable":true,"href":"https:\/\/pos.uel.br\/ppgcfuel\/wp-json\/wp\/v2\/comments?post=9"}],"version-history":[{"count":4,"href":"https:\/\/pos.uel.br\/ppgcfuel\/wp-json\/wp\/v2\/pages\/9\/revisions"}],"predecessor-version":[{"id":137,"href":"https:\/\/pos.uel.br\/ppgcfuel\/wp-json\/wp\/v2\/pages\/9\/revisions\/137"}],"wp:attachment":[{"href":"https:\/\/pos.uel.br\/ppgcfuel\/wp-json\/wp\/v2\/media?parent=9"}],"curies":[{"name":"wp","href":"https:\/\/api.w.org\/{rel}","templated":true}]}}