{"id":8,"date":"2021-04-26T21:51:34","date_gmt":"2021-04-27T00:51:34","guid":{"rendered":"https:\/\/pos.uel.br\/ppgcfuel\/?page_id=8"},"modified":"2021-09-10T09:36:02","modified_gmt":"2021-09-10T12:36:02","slug":"areas-de-concentracao","status":"publish","type":"page","link":"https:\/\/pos.uel.br\/ppgcfuel\/areas-de-concentracao\/","title":{"rendered":"\u00c1reas de concentra\u00e7\u00e3o"},"content":{"rendered":"\n<p><\/p>\n\n\n\n<p class=\"has-text-align-center has-large-font-size\"><em><strong>Medicamentos, Cosm\u00e9ticos e Produtos Biotecnol\u00f3gicos<\/strong><\/em><\/p>\n\n\n\n<p class=\"has-text-align-center has-medium-font-size\">A \u00e1rea de concentra\u00e7\u00e3o do Programa contempla estudos sobre as propriedades f\u00edsico-qu\u00edmicas e biol\u00f3gicas de f\u00e1rmacos, medicamentos e correlatos; o desenvolvimento e o controle de qualidade de insumos farmac\u00eauticos; o desenvolvimento e a valida\u00e7\u00e3o de metodologias anal\u00edticas para a an\u00e1lise de f\u00e1rmacos e de medicamentos, estudos farmacoepidemiol\u00f3gicos, farm\u00e1cia cl\u00ednica e uso racional de medicamentos.<\/p>\n\n\n\n<div class=\"wp-block-image is-style-rounded\"><figure class=\"aligncenter size-medium is-resized\"><img loading=\"lazy\" decoding=\"async\" src=\"https:\/\/pos.uel.br\/ppgcfuel\/wp-content\/uploads\/2021\/09\/image-300x218.png\" alt=\"\" class=\"wp-image-165\" width=\"431\" height=\"313\" srcset=\"https:\/\/pos.uel.br\/ppgcfuel\/wp-content\/uploads\/2021\/09\/image-300x218.png 300w, https:\/\/pos.uel.br\/ppgcfuel\/wp-content\/uploads\/2021\/09\/image-768x559.png 768w, https:\/\/pos.uel.br\/ppgcfuel\/wp-content\/uploads\/2021\/09\/image.png 891w\" sizes=\"auto, (max-width: 431px) 100vw, 431px\" \/><\/figure><\/div>\n\n\n\n<p><\/p>\n","protected":false},"excerpt":{"rendered":"<p>Medicamentos, Cosm\u00e9ticos e Produtos Biotecnol\u00f3gicos A \u00e1rea de concentra\u00e7\u00e3o do Programa contempla estudos sobre as propriedades f\u00edsico-qu\u00edmicas e biol\u00f3gicas de f\u00e1rmacos, medicamentos e correlatos; o desenvolvimento e o controle de qualidade de insumos farmac\u00eauticos; o desenvolvimento e a valida\u00e7\u00e3o de metodologias anal\u00edticas para a an\u00e1lise de f\u00e1rmacos e de medicamentos, estudos farmacoepidemiol\u00f3gicos, farm\u00e1cia cl\u00ednica e [&hellip;]<\/p>\n","protected":false},"author":7,"featured_media":0,"parent":0,"menu_order":0,"comment_status":"closed","ping_status":"closed","template":"","meta":{"footnotes":""},"class_list":["post-8","page","type-page","status-publish","hentry"],"_links":{"self":[{"href":"https:\/\/pos.uel.br\/ppgcfuel\/wp-json\/wp\/v2\/pages\/8","targetHints":{"allow":["GET"]}}],"collection":[{"href":"https:\/\/pos.uel.br\/ppgcfuel\/wp-json\/wp\/v2\/pages"}],"about":[{"href":"https:\/\/pos.uel.br\/ppgcfuel\/wp-json\/wp\/v2\/types\/page"}],"author":[{"embeddable":true,"href":"https:\/\/pos.uel.br\/ppgcfuel\/wp-json\/wp\/v2\/users\/7"}],"replies":[{"embeddable":true,"href":"https:\/\/pos.uel.br\/ppgcfuel\/wp-json\/wp\/v2\/comments?post=8"}],"version-history":[{"count":7,"href":"https:\/\/pos.uel.br\/ppgcfuel\/wp-json\/wp\/v2\/pages\/8\/revisions"}],"predecessor-version":[{"id":166,"href":"https:\/\/pos.uel.br\/ppgcfuel\/wp-json\/wp\/v2\/pages\/8\/revisions\/166"}],"wp:attachment":[{"href":"https:\/\/pos.uel.br\/ppgcfuel\/wp-json\/wp\/v2\/media?parent=8"}],"curies":[{"name":"wp","href":"https:\/\/api.w.org\/{rel}","templated":true}]}}