{"id":7,"date":"2021-04-26T21:51:34","date_gmt":"2021-04-27T00:51:34","guid":{"rendered":"https:\/\/pos.uel.br\/ppgcfuel\/?page_id=7"},"modified":"2021-10-05T10:31:00","modified_gmt":"2021-10-05T13:31:00","slug":"historico","status":"publish","type":"page","link":"https:\/\/pos.uel.br\/ppgcfuel\/historico\/","title":{"rendered":"Hist\u00f3rico"},"content":{"rendered":"\n<p class=\"has-text-align-center\">A proposta de implanta\u00e7\u00e3o do PPGCF-UEL foi elaborada em 2014 por docentes do &nbsp;Departamento de Ci\u00eancias Farmac\u00eauticas, lotado no Centro de Ci\u00eancias da Sa\u00fade da UEL, composto pela totalidade de docentes doutores, em parceria com docentes de outros Departamentos desta Universidade, compondo uma equipe multiprofissional, que se motivaram a construir uma proposta de P\u00f3s Gradua\u00e7\u00e3o em Ci\u00eancias Farmac\u00eauticas.<\/p>\n\n\n\n<p class=\"has-text-align-center\"> O Programa de P\u00f3s-Gradua\u00e7\u00e3o em Ci\u00eancias Farmac\u00eauticas da Universidade Estadual de Londrina (PPGCF-UEL) iniciou suas atividades em mar\u00e7o de 2017, oferecendo o curso de Mestrado, modalidade Acad\u00eamico, aberto aos graduados em Farm\u00e1cia ou em \u00e1reas afins desde que aprovados em processo seletivo.<\/p>\n\n\n\n<p class=\"has-text-align-center\">A constitui\u00e7\u00e3o do programa permite uma forma\u00e7\u00e3o s\u00f3lida e o desenvolvimento de pesquisas em diferentes grandes \u00e1reas das Ci\u00eancias Farmac\u00eauticas, com destaque para Tecnologias Farmac\u00eauticas, Assist\u00eancia Farmac\u00eautica e Pesquisas do potencial biol\u00f3gico e tecnol\u00f3gico de subst\u00e2ncias de natureza org\u00e2nica e inorg\u00e2nica, incluindo a integra\u00e7\u00e3o e coopera\u00e7\u00e3o entre os docentes pesquisadores, que \u00e9 um dos fatores respons\u00e1veis pelo car\u00e1ter multi e interdisciplinar do PPGCF.<\/p>\n\n\n\n<p class=\"has-text-align-center\">O PPGCF apresenta intera\u00e7\u00e3o e integra\u00e7\u00e3o com os setores sociais e produtivos. Diversos docentes do Programa desenvolvem pesquisas cient\u00edficas e trabalhos de assessoria com institui\u00e7\u00f5es p\u00fablicas e privadas, bem como com o setor produtivo do Brasil.  Desta forma, o mesmo tem demonstrado um papel acad\u00eamico e social importante e de grande valor para a sociedade.<\/p>\n\n\n\n<p class=\"has-text-align-center\">Este Programa tem por objetivo a forma\u00e7\u00e3o de recursos humanos qualificados, com uma vis\u00e3o cr\u00edtica e human\u00edstica da realidade nacional das ci\u00eancias farmac\u00eauticas, aptos a atuarem em Institui\u00e7\u00f5es de Ensino Superior e de Pesquisas, em Ind\u00fastrias Farmoqu\u00edmicas, Farmac\u00eauticas e de Cosm\u00e9ticos, e em Estabelecimentos de Sa\u00fade.<\/p>\n\n\n\n<p><\/p>\n\n\n\n<p class=\"has-text-align-center\">Siga nossa p\u00e1gina: <a href=\"https:\/\/www.facebook.com\/Mestrado-em-Ci%C3%AAncias-Farmac%C3%AAuticas-UEL-411020132601383\/\">https:\/\/www.facebook.com\/Mestrado-em-Ci%C3%AAncias-Farmac%C3%AAuticas-UEL-411020132601383\/<\/a><\/p>\n\n\n\n<p class=\"has-text-align-center\">Siga no insta: <a href=\"https:\/\/www.instagram.com\/mestradofarmauel\/\" data-type=\"URL\" data-id=\"https:\/\/www.instagram.com\/mestradofarmauel\/\" target=\"_blank\" rel=\"noreferrer noopener\">https:\/\/www.instagram.com\/mestradofarmauel\/<\/a><\/p>\n\n\n\n<p><\/p>\n\n\n\n<p><\/p>\n\n\n\n<p class=\"has-text-align-center\">Seja s\u00f3cio da&nbsp;<a rel=\"noreferrer noopener\" href=\"http:\/\/www.abcfarm.org.br\/\" target=\"_blank\">Associa\u00e7\u00e3o Brasileira de Ci\u00eancias Farmac\u00eauticas &#8211; ABCF<\/a>&nbsp;para fortalecer a \u00e1rea das Ci\u00eancias Farmac\u00eauticas<\/p>\n\n\n\n<div class=\"wp-block-image\"><figure class=\"aligncenter size-large is-resized\"><img loading=\"lazy\" decoding=\"async\" src=\"https:\/\/pos.uel.br\/ppgcfuel\/wp-content\/uploads\/2021\/08\/1799900_1388774138009784_95321947_o-991x1024.png\" alt=\"\" class=\"wp-image-95\" width=\"332\" height=\"343\" srcset=\"https:\/\/pos.uel.br\/ppgcfuel\/wp-content\/uploads\/2021\/08\/1799900_1388774138009784_95321947_o-991x1024.png 991w, https:\/\/pos.uel.br\/ppgcfuel\/wp-content\/uploads\/2021\/08\/1799900_1388774138009784_95321947_o-290x300.png 290w, https:\/\/pos.uel.br\/ppgcfuel\/wp-content\/uploads\/2021\/08\/1799900_1388774138009784_95321947_o-768x793.png 768w, https:\/\/pos.uel.br\/ppgcfuel\/wp-content\/uploads\/2021\/08\/1799900_1388774138009784_95321947_o.png 1179w\" sizes=\"auto, (max-width: 332px) 100vw, 332px\" \/><\/figure><\/div>\n","protected":false},"excerpt":{"rendered":"<p>A proposta de implanta\u00e7\u00e3o do PPGCF-UEL foi elaborada em 2014 por docentes do &nbsp;Departamento de Ci\u00eancias Farmac\u00eauticas, lotado no Centro de Ci\u00eancias da Sa\u00fade da UEL, composto pela totalidade de docentes doutores, em parceria com docentes de outros Departamentos desta Universidade, compondo uma equipe multiprofissional, que se motivaram a construir uma proposta de P\u00f3s Gradua\u00e7\u00e3o [&hellip;]<\/p>\n","protected":false},"author":7,"featured_media":0,"parent":0,"menu_order":0,"comment_status":"closed","ping_status":"closed","template":"","meta":{"footnotes":""},"class_list":["post-7","page","type-page","status-publish","hentry"],"_links":{"self":[{"href":"https:\/\/pos.uel.br\/ppgcfuel\/wp-json\/wp\/v2\/pages\/7","targetHints":{"allow":["GET"]}}],"collection":[{"href":"https:\/\/pos.uel.br\/ppgcfuel\/wp-json\/wp\/v2\/pages"}],"about":[{"href":"https:\/\/pos.uel.br\/ppgcfuel\/wp-json\/wp\/v2\/types\/page"}],"author":[{"embeddable":true,"href":"https:\/\/pos.uel.br\/ppgcfuel\/wp-json\/wp\/v2\/users\/7"}],"replies":[{"embeddable":true,"href":"https:\/\/pos.uel.br\/ppgcfuel\/wp-json\/wp\/v2\/comments?post=7"}],"version-history":[{"count":7,"href":"https:\/\/pos.uel.br\/ppgcfuel\/wp-json\/wp\/v2\/pages\/7\/revisions"}],"predecessor-version":[{"id":336,"href":"https:\/\/pos.uel.br\/ppgcfuel\/wp-json\/wp\/v2\/pages\/7\/revisions\/336"}],"wp:attachment":[{"href":"https:\/\/pos.uel.br\/ppgcfuel\/wp-json\/wp\/v2\/media?parent=7"}],"curies":[{"name":"wp","href":"https:\/\/api.w.org\/{rel}","templated":true}]}}