{"id":407,"date":"2022-06-22T10:11:10","date_gmt":"2022-06-22T13:11:10","guid":{"rendered":"https:\/\/pos.uel.br\/ppgcfuel\/?page_id=407"},"modified":"2022-06-22T10:29:41","modified_gmt":"2022-06-22T13:29:41","slug":"espanol","status":"publish","type":"page","link":"https:\/\/pos.uel.br\/ppgcfuel\/espanol\/","title":{"rendered":"Espa\u00f1ol"},"content":{"rendered":"\n<p class=\"has-text-align-center\">El Programa de Posgrado en Ciencias Farmac\u00e9uticas de la UEL (PPGCF), modalidad <em>Strictu sensu<\/em> tiene como objetivo formar recursos humanos intelectuales en el \u00e1rea de las Ciencias Farmac\u00e9uticas con el m\u00e1s alto nivel de conocimiento. Los posgraduados del programa pueden seguir una carrera en la ense\u00f1anza, el desarrollo de la investigaci\u00f3n y la pr\u00e1ctica profesional, a trav\u00e9s de actividades integradas de ense\u00f1anza, investigaci\u00f3n y extensi\u00f3n, cubriendo el \u00e1rea de concentraci\u00f3n: F\u00e1rmacos, Medicamentos, Cosm\u00e9ticos y Productos Biotecnol\u00f3gicos. El PPGCF est\u00e1 compuesto por 14 profesores permanentes y 5 profesores colaboradores, basados en dos L\u00edneas de Investigaci\u00f3n: (1) Desarrollo y calidad de productos y servicios farmac\u00e9uticos y (2) Bioprospecci\u00f3n, producci\u00f3n y evaluaci\u00f3n biol\u00f3gica de mol\u00e9culas de inter\u00e9s farmac\u00e9utico. A trav\u00e9s de la diversidad de las L\u00edneas de Investigaci\u00f3n y los Proyectos asociados, permiten una s\u00f3lida formaci\u00f3n y el desarrollo de investigaciones en diferentes \u00e1reas de las Ciencias Farmac\u00e9uticas, con \u00e9nfasis en las Tecnolog\u00edas Farmac\u00e9uticas, la Asistencia Farmac\u00e9utica y las Investigaciones sobre el potencial biol\u00f3gico y tecnol\u00f3gico de las sustancias org\u00e1nicas e inorg\u00e1nicas, incluyendo la integraci\u00f3n y cooperaci\u00f3n entre los profesores investigadores, demostrando la multi e interdisciplinariedad de nuestro Programa de Maestr\u00eda.<\/p>\n\n\n\n<p>Cont\u00e1ctenos<\/p>\n\n\n\n<p><strong>Secretar\u00eda del Programa de Posgrado en Ciencias Farmac\u00e9uticas<\/strong><\/p>\n\n\n\n<p>CEPPOS \u2013 Pr\u00e9dio IV do Centro de Ci\u00eancias da Sa\u00fade (CCS) \u2013 1\u00ba andar<\/p>\n\n\n\n<p>Av. Robert Koch, 60<\/p>\n\n\n\n<p>Vila Oper\u00e1ria \u2013 Londrina \u2013 PR \u2013 CEP 86038-350<\/p>\n\n\n\n<p>Phone\/Fax: (43) 3371-2359<\/p>\n\n\n\n<p>E-mail: spgccs@uel.br<\/p>\n\n\n\n<p><strong>Coordinadora del Programa de Posgrado en <strong>Ciencias Farmac\u00e9uticas<\/strong><\/strong><\/p>\n\n\n\n<p>Profesora Sandra R. Georgetti, PhD<\/p>\n\n\n\n<p>E-mail: <a href=\"mailto:poscfuel@uel.br\"><strong>poscfuel@uel.br<\/strong><\/a><\/p>\n","protected":false},"excerpt":{"rendered":"<p>El Programa de Posgrado en Ciencias Farmac\u00e9uticas de la UEL (PPGCF), modalidad Strictu sensu tiene como objetivo formar recursos humanos intelectuales en el \u00e1rea de las Ciencias Farmac\u00e9uticas con el m\u00e1s alto nivel de conocimiento. Los posgraduados del programa pueden seguir una carrera en la ense\u00f1anza, el desarrollo de la investigaci\u00f3n y la pr\u00e1ctica profesional, [&hellip;]<\/p>\n","protected":false},"author":10,"featured_media":0,"parent":0,"menu_order":0,"comment_status":"closed","ping_status":"closed","template":"","meta":{"footnotes":""},"class_list":["post-407","page","type-page","status-publish","hentry"],"_links":{"self":[{"href":"https:\/\/pos.uel.br\/ppgcfuel\/wp-json\/wp\/v2\/pages\/407","targetHints":{"allow":["GET"]}}],"collection":[{"href":"https:\/\/pos.uel.br\/ppgcfuel\/wp-json\/wp\/v2\/pages"}],"about":[{"href":"https:\/\/pos.uel.br\/ppgcfuel\/wp-json\/wp\/v2\/types\/page"}],"author":[{"embeddable":true,"href":"https:\/\/pos.uel.br\/ppgcfuel\/wp-json\/wp\/v2\/users\/10"}],"replies":[{"embeddable":true,"href":"https:\/\/pos.uel.br\/ppgcfuel\/wp-json\/wp\/v2\/comments?post=407"}],"version-history":[{"count":3,"href":"https:\/\/pos.uel.br\/ppgcfuel\/wp-json\/wp\/v2\/pages\/407\/revisions"}],"predecessor-version":[{"id":420,"href":"https:\/\/pos.uel.br\/ppgcfuel\/wp-json\/wp\/v2\/pages\/407\/revisions\/420"}],"wp:attachment":[{"href":"https:\/\/pos.uel.br\/ppgcfuel\/wp-json\/wp\/v2\/media?parent=407"}],"curies":[{"name":"wp","href":"https:\/\/api.w.org\/{rel}","templated":true}]}}