{"id":282,"date":"2021-09-20T16:31:09","date_gmt":"2021-09-20T19:31:09","guid":{"rendered":"https:\/\/pos.uel.br\/ppgcfuel\/?page_id=282"},"modified":"2022-06-22T10:44:31","modified_gmt":"2022-06-22T13:44:31","slug":"patentes-depositadas","status":"publish","type":"page","link":"https:\/\/pos.uel.br\/ppgcfuel\/patentes-depositadas\/","title":{"rendered":"Patentes depositadas"},"content":{"rendered":"\n<div class=\"wp-block-buttons is-layout-flex wp-block-buttons-is-layout-flex\"><\/div>\n\n\n\n<div class=\"wp-block-uel-card\">\n<p>GEORGETTI, S.R.; NAKANO, C.T.; CASAGRANDE, R.; VERRI JR., W.A.; BARACAT, M.M.; LONNI, A.A.S.G.;  SOUZA, C.R. <strong>NANOEMULS\u00c3O BIOATIVA COM POTENCIAL ANTIOXIDANTE<\/strong>, 2022 Categoria: Produto. INPI &#8211; Instituto Nacional da Propriedade Industrial. Pa\u00eds: Brasil. Natureza: Patente de Inven\u00e7\u00e3o. N\u00famero do registro: BR 10 2022 011239 8. Data de dep\u00f3sito:08\/06\/2022. Depositante\/Titular: Universidade Estadual de Londrina. Resumo: Natureza: Inven\u00e7\u00e3o, N\u00famero INPI: BR<\/p>\n<\/div>\n\n\n\n<p>LONNI, A.A.S.G.; CELLIGOI, M.A.P.C.; OLIVEIRA, S.M.; SEVIDANIS, M.M.; BIGOTO, B.G.; OLIVEIRA, N.R.<strong> FILME ADESIVO POLIM\u00c9RICO BIODEGRAD\u00c1VEL PARA TRATAMENTO DO ENVELHECIMENTO DO COLO<\/strong>, 2022. Categoria: Produto. INPI &#8211; Instituto Nacional da Propriedade Industrial. Pa\u00eds: Brasil. Natureza: Patente de Inven\u00e7\u00e3o. N\u00famero do registro: BR 10 2022 001738 7. Data de dep\u00f3sito: 31\/01\/2022. Depositante\/Titular: Universidade Estadual de Londrina. Resumo: Natureza: Inven\u00e7\u00e3o, N\u00famero INPI: BR<\/p>\n\n\n\n<figure class=\"wp-block-table is-style-regular\"><table><tbody><tr><td> GEORGETTI, S.R.; MENEGUCCI, C.; FONTEQUE, M.C.; CASAGRANDE, R.; VERRI JR., W.A.; BARACAT, M.M.; MARTINEZ, R.M.; RODRIGEZ, C.C.A. <strong>FORMULA\u00c7\u00c3O T\u00d3PICA EM GEL DE POLOXAMER ADICIONADO DE HESPERIDINA METIL CHALCONA PARA TRATAMENTO DE QUEIMADURAS T\u00c9RMICAS<\/strong>, 2021. Categoria: Produto. INPI &#8211; Instituto Nacional da Propriedade Industrial. Pa\u00eds: Brasil. Natureza: Patente de Inven\u00e7\u00e3o. N\u00famero do registro: BR 10 2021 004476 4. Data de dep\u00f3sito: 10\/03\/2021. Depositante\/Titular: Universidade Estadual de Londrina. Resumo: Natureza: Inven\u00e7\u00e3o, N\u00famero INPI: BR <\/td><\/tr><\/tbody><\/table><\/figure>\n\n\n\n<figure class=\"wp-block-table is-style-regular\"><table><tbody><tr><td> GEORGETTI, S.R.; MENEGUCCI, C.; FONTEQUE, M.C.; CASAGRANDE, R.; VERRI JR., W.A.; BARACAT, M.M.; MARTINEZ, R.M.; RODRIGEZ, C.C.A. <strong>GEL TERMOSSENS\u00cdVEL ADICIONADO DE NARINGENINA PARA TRATAMENTO DE QUEIMADURA T\u00c9RMICA<\/strong>, 2021.  Categoria: Produto. INPI &#8211; Instituto Nacional da Propriedade Industrial. Pa\u00eds: Brasil. Natureza: Patente de Inven\u00e7\u00e3o. N\u00famero do registro: BR 10 2021 004443 8. Data de dep\u00f3sito: 09\/03\/2021. Depositante\/Titular: Universidade Estadual de Londrina. Resumo: Natureza: Inven\u00e7\u00e3o, N\u00famero INPI: BR  <\/td><\/tr><\/tbody><\/table><\/figure>\n\n\n\n<div class=\"wp-block-columns is-layout-flex wp-container-core-columns-is-layout-9d6595d7 wp-block-columns-is-layout-flex\">\n<div class=\"wp-block-column is-layout-flow wp-block-column-is-layout-flow\" style=\"flex-basis:100%\">\n<div class=\"wp-block-uel-card\">\n<p class=\"has-text-align-left\">BIGOTTO, B.G.;  LONNI, A.A.S.G.; NAKAZATO, G.;  KOBAYASHI, R.K.T.;  OGATTA, S.F.Y.;  LIONI, L.M.Y.;  GALHARDI, L.C.F.;  RIBELATO, E.V. <strong>FORMULA\u00c7\u00c3O BIO-SANEANTE E USO DA REFERIDA FORMULA\u00c7\u00c3O BIO-SANEANTE<\/strong>, 2021.  Categoria: Produto. INPI &#8211; Instituto Nacional da Propriedade Industrial. Pa\u00eds: Brasil. Natureza: Patente de Inven\u00e7\u00e3o. N\u00famero do registro: BR 10 2021 006748 9. Data de dep\u00f3sito: 08\/04\/2021. Depositante\/Titular: Universidade Estadual de Londrina. Resumo: Natureza: Inven\u00e7\u00e3o, N\u00famero INPI: BR   <\/p>\n<\/div>\n<\/div>\n<\/div>\n\n\n\n<div class=\"wp-block-uel-card\">\n<p>LEAL, G.C.;  GON\u00c7ALVEZ, M.C.;  LONNI, A.A.S.G.;  OLIVEIRA, N.R. <strong>Emuls\u00e3o base contendo ingredientes naturais para aplica\u00e7\u00e3o t\u00f3pica em prepara\u00e7\u00f5es cosm\u00e9ticas e\/ou farmac\u00eauticas magistrais<\/strong>, 2021.  Categoria: Produto. INPI &#8211; Instituto Nacional da Propriedade Industrial. Pa\u00eds: Brasil. Natureza: Patente de Inven\u00e7\u00e3o. N\u00famero do registro: BR 10 2021 006709 8. Data de dep\u00f3sito: 08\/04\/2021. Depositante\/Titular: Universidade Estadual de Londrina. Resumo: Natureza: Inven\u00e7\u00e3o, N\u00famero INPI: BR <\/p>\n<\/div>\n\n\n\n<p>CAMPOS, A.C.L.P.; LONNI, A.A.S.G.; NAKAZATO, G.; PANAGIO, L.A.; GON\u00c7ALVEZ, M.C.; OLIVEIRA, N.R.; KOBAYASHI, R.K.T.; OKINO, G.A.K. <strong>ESMALTE CONTENDO \u00d3LEO ESSENCIAL DE OR\u00c9GANO ASSOCIADO A NANOPART\u00cdCULAS DE PRATA BIOG\u00caNICAS PARA TRATAMENTO DE ONICOMICOSE<\/strong>, 2020. Categoria: Produto. INPI &#8211; Instituto Nacional da Propriedade Industrial. Pa\u00eds: Brasil. Natureza: Patente de Inven\u00e7\u00e3o. N\u00famero do registro: BR 10 2020 2218484. Data de dep\u00f3sito: 26\/10\/2020. Depositante\/Titular: Universidade Estadual de Londrina. Resumo: Natureza: Inven\u00e7\u00e3o, N\u00famero INPI: BR<\/p>\n","protected":false},"excerpt":{"rendered":"<p>LONNI, A.A.S.G.; CELLIGOI, M.A.P.C.; OLIVEIRA, S.M.; SEVIDANIS, M.M.; BIGOTO, B.G.; OLIVEIRA, N.R. FILME ADESIVO POLIM\u00c9RICO BIODEGRAD\u00c1VEL PARA TRATAMENTO DO ENVELHECIMENTO DO COLO, 2022. Categoria: Produto. INPI &#8211; Instituto Nacional da Propriedade Industrial. Pa\u00eds: Brasil. Natureza: Patente de Inven\u00e7\u00e3o. N\u00famero do registro: BR 10 2022 001738 7. Data de dep\u00f3sito: 31\/01\/2022. Depositante\/Titular: Universidade Estadual de Londrina. [&hellip;]<\/p>\n","protected":false},"author":10,"featured_media":0,"parent":0,"menu_order":0,"comment_status":"closed","ping_status":"closed","template":"","meta":{"footnotes":""},"class_list":["post-282","page","type-page","status-publish","hentry"],"_links":{"self":[{"href":"https:\/\/pos.uel.br\/ppgcfuel\/wp-json\/wp\/v2\/pages\/282","targetHints":{"allow":["GET"]}}],"collection":[{"href":"https:\/\/pos.uel.br\/ppgcfuel\/wp-json\/wp\/v2\/pages"}],"about":[{"href":"https:\/\/pos.uel.br\/ppgcfuel\/wp-json\/wp\/v2\/types\/page"}],"author":[{"embeddable":true,"href":"https:\/\/pos.uel.br\/ppgcfuel\/wp-json\/wp\/v2\/users\/10"}],"replies":[{"embeddable":true,"href":"https:\/\/pos.uel.br\/ppgcfuel\/wp-json\/wp\/v2\/comments?post=282"}],"version-history":[{"count":9,"href":"https:\/\/pos.uel.br\/ppgcfuel\/wp-json\/wp\/v2\/pages\/282\/revisions"}],"predecessor-version":[{"id":422,"href":"https:\/\/pos.uel.br\/ppgcfuel\/wp-json\/wp\/v2\/pages\/282\/revisions\/422"}],"wp:attachment":[{"href":"https:\/\/pos.uel.br\/ppgcfuel\/wp-json\/wp\/v2\/media?parent=282"}],"curies":[{"name":"wp","href":"https:\/\/api.w.org\/{rel}","templated":true}]}}