{"id":263,"date":"2021-09-20T15:52:13","date_gmt":"2021-09-20T18:52:13","guid":{"rendered":"https:\/\/pos.uel.br\/ppgcfuel\/?page_id=263"},"modified":"2025-03-19T15:34:42","modified_gmt":"2025-03-19T18:34:42","slug":"autoavaliacao","status":"publish","type":"page","link":"https:\/\/pos.uel.br\/ppgcfuel\/autoavaliacao\/","title":{"rendered":"Autoavalia\u00e7\u00e3o"},"content":{"rendered":"\n<p class=\"has-text-align-center\">\u201cA autoavalia\u00e7\u00e3o \u00e9 o processo de se avaliar a si pr\u00f3prio, por vezes<br>tamb\u00e9m chamada avalia\u00e7\u00e3o interna ou avalia\u00e7\u00e3o institucional, quando<br>referida \u00e0s organiza\u00e7\u00f5es. Seu principal objetivo \u00e9 formativo, de<br>aprendizagem. Uma vez que \u00e9 planejada, conduzida, implementada e<br>analisada por pessoas elas pr\u00f3prias formuladoras e agentes das a\u00e7\u00f5es<br>a serem avaliadas, a autoavalia\u00e7\u00e3o possibilita uma reflex\u00e3o sobre<br>contexto e pol\u00edticas adotadas, al\u00e9m da sistematiza\u00e7\u00e3o dos dados que<br>levam \u00e0 tomada de decis\u00e3o.\u201d<\/p>\n\n\n\n<p><strong>Comiss\u00e3o de autoavalia\u00e7\u00e3o<\/strong><\/p>\n\n\n\n<ul class=\"wp-block-list\">\n<li>Profa. Dra. Marcelle de Lima Ferreira Bispo<\/li>\n\n\n\n<li>Profa. Dra. Sandra Regina Georgetti<\/li>\n\n\n\n<li>Prof. Dr. Doumit Camilios Neto<\/li>\n\n\n\n<li>Discente Maria Vit\u00f3ria Ferreira da Silva<\/li>\n\n\n\n<li>Discente Thays Am\u00e9lio Bergamini<\/li>\n\n\n\n<li>Egressa Briani Gisele Bigotto<\/li>\n\n\n\n<li>Egresso Willian Hideki Chinen<\/li>\n<\/ul>\n\n\n\n<div data-wp-interactive=\"core\/file\" class=\"wp-block-file\"><object data-wp-bind--hidden=\"!state.hasPdfPreview\" hidden class=\"wp-block-file__embed\" data=\"https:\/\/pos.uel.br\/ppgcfuel\/wp-content\/uploads\/2021\/09\/Planejamento-de-Autoavaliacao-dos-PPG-da-UEL-Gestao-2019-2021-1.pdf\" type=\"application\/pdf\" style=\"width:100%;height:600px\" aria-label=\"Incorporado de Planejamento-de-Autoavaliacao-dos-PPG-da-UEL-Gestao-2019-2021-1.\"><\/object><a href=\"https:\/\/pos.uel.br\/ppgcfuel\/wp-content\/uploads\/2021\/09\/Planejamento-de-Autoavaliacao-dos-PPG-da-UEL-Gestao-2019-2021-1.pdf\">Planejamento-de-Autoavaliacao-dos-PPG-da-UEL-Gestao-2019-2021-1<\/a><a href=\"https:\/\/pos.uel.br\/ppgcfuel\/wp-content\/uploads\/2021\/09\/Planejamento-de-Autoavaliacao-dos-PPG-da-UEL-Gestao-2019-2021-1.pdf\" class=\"wp-block-file__button wp-element-button\" download>Baixar<\/a><\/div>\n\n\n\n<p><\/p>\n\n\n\n<p>Planejamento da Autoavalia\u00e7\u00e3o dos Programas de P\u00f3s-Gradua\u00e7\u00e3o Stricto sensu da Universidade Estadual de Londrina (2022-2026)<br><\/p>\n\n\n\n<div data-wp-interactive=\"core\/file\" class=\"wp-block-file\"><object data-wp-bind--hidden=\"!state.hasPdfPreview\" hidden class=\"wp-block-file__embed\" data=\"https:\/\/pos.uel.br\/ppgcfuel\/wp-content\/uploads\/2025\/01\/Planejamento-de-Autoavaliacao-dos-PPG_UEL-_Gestao-2022-2026.pdf\" type=\"application\/pdf\" style=\"width:100%;height:600px\" aria-label=\"Incorporado de Planejamento de Autoavalia\u00e7\u00e3o dos PPG_UEL _Gest\u00e3o 2022-2026.\"><\/object><a id=\"wp-block-file--media-b2025e36-cf1c-407d-ade9-08aadf30d47a\" href=\"https:\/\/pos.uel.br\/ppgcfuel\/wp-content\/uploads\/2025\/01\/Planejamento-de-Autoavaliacao-dos-PPG_UEL-_Gestao-2022-2026.pdf\">Planejamento de Autoavalia\u00e7\u00e3o dos PPG_UEL _Gest\u00e3o 2022-2026<\/a><a href=\"https:\/\/pos.uel.br\/ppgcfuel\/wp-content\/uploads\/2025\/01\/Planejamento-de-Autoavaliacao-dos-PPG_UEL-_Gestao-2022-2026.pdf\" class=\"wp-block-file__button wp-element-button\" download aria-describedby=\"wp-block-file--media-b2025e36-cf1c-407d-ade9-08aadf30d47a\">Baixar<\/a><\/div>\n\n\n\n<p><\/p>\n\n\n\n<p><strong>Projeto de Autoavalia\u00e7\u00e3o e Planejamento de Desenvolvimento Estrat\u00e9gico do Programa de P\u00f3s-Gradua\u00e7\u00e3o em Ci\u00eancias Farmac\u00eauticas<\/strong> <strong>2025-2028<\/strong><\/p>\n\n\n\n<div data-wp-interactive=\"core\/file\" class=\"wp-block-file\"><object data-wp-bind--hidden=\"!state.hasPdfPreview\" hidden class=\"wp-block-file__embed\" data=\"https:\/\/pos.uel.br\/ppgcfuel\/wp-content\/uploads\/2025\/01\/Processo-de-Planejamento-Estrategico-Quadrienio-do-PPGCF-2025-2028.pdf\" type=\"application\/pdf\" style=\"width:100%;height:600px\" aria-label=\"Incorporado de Processo de Planejamento Estrat\u00e9gico Quadri\u00eanio do PPGCF 2025-2028.\"><\/object><a id=\"wp-block-file--media-f3345782-388e-43b0-a811-51cd206707a0\" href=\"https:\/\/pos.uel.br\/ppgcfuel\/wp-content\/uploads\/2025\/01\/Processo-de-Planejamento-Estrategico-Quadrienio-do-PPGCF-2025-2028.pdf\">Processo de Planejamento Estrat\u00e9gico Quadri\u00eanio do PPGCF 2025-2028<\/a><a href=\"https:\/\/pos.uel.br\/ppgcfuel\/wp-content\/uploads\/2025\/01\/Processo-de-Planejamento-Estrategico-Quadrienio-do-PPGCF-2025-2028.pdf\" class=\"wp-block-file__button wp-element-button\" download aria-describedby=\"wp-block-file--media-f3345782-388e-43b0-a811-51cd206707a0\">Baixar<\/a><\/div>\n","protected":false},"excerpt":{"rendered":"<p>\u201cA autoavalia\u00e7\u00e3o \u00e9 o processo de se avaliar a si pr\u00f3prio, por vezestamb\u00e9m chamada avalia\u00e7\u00e3o interna ou avalia\u00e7\u00e3o institucional, quandoreferida \u00e0s organiza\u00e7\u00f5es. Seu principal objetivo \u00e9 formativo, deaprendizagem. Uma vez que \u00e9 planejada, conduzida, implementada eanalisada por pessoas elas pr\u00f3prias formuladoras e agentes das a\u00e7\u00f5esa serem avaliadas, a autoavalia\u00e7\u00e3o possibilita uma reflex\u00e3o sobrecontexto e pol\u00edticas [&hellip;]<\/p>\n","protected":false},"author":10,"featured_media":0,"parent":0,"menu_order":0,"comment_status":"closed","ping_status":"closed","template":"","meta":{"footnotes":""},"class_list":["post-263","page","type-page","status-publish","hentry"],"_links":{"self":[{"href":"https:\/\/pos.uel.br\/ppgcfuel\/wp-json\/wp\/v2\/pages\/263","targetHints":{"allow":["GET"]}}],"collection":[{"href":"https:\/\/pos.uel.br\/ppgcfuel\/wp-json\/wp\/v2\/pages"}],"about":[{"href":"https:\/\/pos.uel.br\/ppgcfuel\/wp-json\/wp\/v2\/types\/page"}],"author":[{"embeddable":true,"href":"https:\/\/pos.uel.br\/ppgcfuel\/wp-json\/wp\/v2\/users\/10"}],"replies":[{"embeddable":true,"href":"https:\/\/pos.uel.br\/ppgcfuel\/wp-json\/wp\/v2\/comments?post=263"}],"version-history":[{"count":6,"href":"https:\/\/pos.uel.br\/ppgcfuel\/wp-json\/wp\/v2\/pages\/263\/revisions"}],"predecessor-version":[{"id":653,"href":"https:\/\/pos.uel.br\/ppgcfuel\/wp-json\/wp\/v2\/pages\/263\/revisions\/653"}],"wp:attachment":[{"href":"https:\/\/pos.uel.br\/ppgcfuel\/wp-json\/wp\/v2\/media?parent=263"}],"curies":[{"name":"wp","href":"https:\/\/api.w.org\/{rel}","templated":true}]}}