{"id":212,"date":"2021-09-13T14:44:38","date_gmt":"2021-09-13T17:44:38","guid":{"rendered":"https:\/\/pos.uel.br\/ppgcfuel\/?page_id=212"},"modified":"2021-09-13T14:49:02","modified_gmt":"2021-09-13T17:49:02","slug":"orientacoes-apos-defesa","status":"publish","type":"page","link":"https:\/\/pos.uel.br\/ppgcfuel\/orientacoes-apos-defesa\/","title":{"rendered":"Orienta\u00e7\u00f5es ap\u00f3s Defesa"},"content":{"rendered":"\n<p class=\"has-medium-font-size\"><strong>INSTRU\u00c7\u00d5ES PARA O(A) ALUNO(A) AP\u00d3S DEFESA\u00a0<a href=\"http:\/\/www.uel.br\/pos\/ppgcfuel\/pages\/arquivos\/Documentos\/Orientacoes%20para%20ALUNOS%20-%20apos%20defesa.doc\" data-type=\"URL\" data-id=\"http:\/\/www.uel.br\/pos\/ppgcfuel\/pages\/arquivos\/Documentos\/Orientacoes%20para%20ALUNOS%20-%20apos%20defesa.doc\" target=\"_blank\" rel=\"noreferrer noopener\">(clique aqui para o arquivo no word)<\/a><\/strong><\/p>\n\n\n\n<p><\/p>\n\n\n\n<p class=\"has-medium-font-size\"><strong>Ap\u00f3s defesa<\/strong>: O estudante ap\u00f3s as reformula\u00e7\u00f5es (se houver) sugeridas pela banca em sua disserta\u00e7\u00e3o\/tese (prazo de 30 dias para reformular), dever\u00e1 encaminhar para o(a) orientador(a) o trabalho reformulado. Ap\u00f3s parecer do(a) orientador(a), o(a) aluno(a), dever\u00e1 entregar, na SE\u00c7\u00c3O\u00a0DE P\u00d3S-GRADUA\u00c7\u00c3O DO CCS:<\/p>\n\n\n\n<p><\/p>\n\n\n\n<ul class=\"wp-block-list\"><li>1 c\u00f3pia da disserta\u00e7\u00e3o\/tese (completa\/final) em formato digital (CD-ROM), em vers\u00e3o DOC (ou DOCX ou RTF) e tamb\u00e9m em PDF (com a ficha catalogr\u00e1fica inserida \u2013 instru\u00e7\u00f5es para confec\u00e7\u00e3o da ficha catalogr\u00e1fica &#8211; dispon\u00edvel em:&nbsp;<a href=\"http:\/\/www.uel.br\/bc\/portal\/\" target=\"_blank\" rel=\"noreferrer noopener\">http:\/\/www.uel.br\/bc\/portal\/#<\/a>&nbsp;);<\/li><\/ul>\n\n\n\n<ul class=\"wp-block-list\"><li>1 via do&nbsp;Termo de entrega&nbsp;da disserta\u00e7\u00e3o\/tese para a Biblioteca Central (dispon\u00edvel em:&nbsp;<a href=\"http:\/\/www.bibliotecadigital.uel.br\/instrucao.php\" target=\"_blank\" rel=\"noreferrer noopener\">http:\/\/www.bibliotecadigital.uel.br\/instrucao.php<\/a>). O termo dever\u00e1 ser entregue preenchido e assinado pelo aluno(a), orientador(a) e coordenador(a).<\/li><\/ul>\n\n\n\n<ul class=\"wp-block-list\"><li>1 via do&nbsp;Termo de Autoriza\u00e7\u00e3o&nbsp;para publica\u00e7\u00e3o na Biblioteca Digital da UEL.<\/li><\/ul>\n\n\n\n<p>(dispon\u00edvel em:&nbsp;<a href=\"http:\/\/www.bibliotecadigital.uel.br\/instrucao.php\" target=\"_blank\" rel=\"noreferrer noopener\">http:\/\/www.bibliotecadigital.uel.br\/instrucao.php<\/a>). O termo dever\u00e1 ser entregue preenchido e assinado pelo aluno(a) e orientador(a).<\/p>\n","protected":false},"excerpt":{"rendered":"<p>INSTRU\u00c7\u00d5ES PARA O(A) ALUNO(A) AP\u00d3S DEFESA\u00a0(clique aqui para o arquivo no word) Ap\u00f3s defesa: O estudante ap\u00f3s as reformula\u00e7\u00f5es (se houver) sugeridas pela banca em sua disserta\u00e7\u00e3o\/tese (prazo de 30 dias para reformular), dever\u00e1 encaminhar para o(a) orientador(a) o trabalho reformulado. Ap\u00f3s parecer do(a) orientador(a), o(a) aluno(a), dever\u00e1 entregar, na SE\u00c7\u00c3O\u00a0DE P\u00d3S-GRADUA\u00c7\u00c3O DO CCS: 1 [&hellip;]<\/p>\n","protected":false},"author":10,"featured_media":0,"parent":0,"menu_order":0,"comment_status":"closed","ping_status":"closed","template":"","meta":{"footnotes":""},"class_list":["post-212","page","type-page","status-publish","hentry"],"_links":{"self":[{"href":"https:\/\/pos.uel.br\/ppgcfuel\/wp-json\/wp\/v2\/pages\/212","targetHints":{"allow":["GET"]}}],"collection":[{"href":"https:\/\/pos.uel.br\/ppgcfuel\/wp-json\/wp\/v2\/pages"}],"about":[{"href":"https:\/\/pos.uel.br\/ppgcfuel\/wp-json\/wp\/v2\/types\/page"}],"author":[{"embeddable":true,"href":"https:\/\/pos.uel.br\/ppgcfuel\/wp-json\/wp\/v2\/users\/10"}],"replies":[{"embeddable":true,"href":"https:\/\/pos.uel.br\/ppgcfuel\/wp-json\/wp\/v2\/comments?post=212"}],"version-history":[{"count":3,"href":"https:\/\/pos.uel.br\/ppgcfuel\/wp-json\/wp\/v2\/pages\/212\/revisions"}],"predecessor-version":[{"id":302,"href":"https:\/\/pos.uel.br\/ppgcfuel\/wp-json\/wp\/v2\/pages\/212\/revisions\/302"}],"wp:attachment":[{"href":"https:\/\/pos.uel.br\/ppgcfuel\/wp-json\/wp\/v2\/media?parent=212"}],"curies":[{"name":"wp","href":"https:\/\/api.w.org\/{rel}","templated":true}]}}