{"id":206,"date":"2021-09-13T14:41:35","date_gmt":"2021-09-13T17:41:35","guid":{"rendered":"https:\/\/pos.uel.br\/ppgcfuel\/?page_id=206"},"modified":"2023-09-27T09:31:02","modified_gmt":"2023-09-27T12:31:02","slug":"solicitacao-de-qualificacao-defesa","status":"publish","type":"page","link":"https:\/\/pos.uel.br\/ppgcfuel\/solicitacao-de-qualificacao-defesa\/","title":{"rendered":"Solicita\u00e7\u00e3o de Qualifica\u00e7\u00e3o\/Defesa"},"content":{"rendered":"\n<figure class=\"wp-block-pullquote has-text-align-center has-border-color\" style=\"border-color:#1D1717\"><blockquote><p>Prezados, uma etapa importante est\u00e1 chegando&#8230;<br>ATEN\u00c7\u00c3O: MODIFICA\u00c7\u00d5ES PARA SOLICITA\u00c7\u00c3O DE EXAME DE QUALIFICA\u00c7\u00c3O\/DEFESA CCS\/UEL<\/p><cite><strong>solicita\u00e7\u00f5es de Exames de Qualifica\u00e7\u00f5es e Defesas ser\u00e3o realizadas via\u00a0Google forms<\/strong><\/cite><\/blockquote><\/figure>\n\n\n\n<p class=\"has-medium-font-size\"> <strong>Link:<\/strong><a href=\"https:\/\/forms.gle\/Xir1BHz42Tiba4br8\"> <\/a><a href=\"https:\/\/forms.gle\/Xir1BHz42Tiba4br8\">https:\/\/forms.gle\/Xir1BHz42Tiba4br8<\/a><\/p>\n\n\n\n<p><\/p>\n\n\n\n<p><\/p>\n","protected":false},"excerpt":{"rendered":"<p>Prezados, uma etapa importante est\u00e1 chegando&#8230;ATEN\u00c7\u00c3O: MODIFICA\u00c7\u00d5ES PARA SOLICITA\u00c7\u00c3O DE EXAME DE QUALIFICA\u00c7\u00c3O\/DEFESA CCS\/UEL solicita\u00e7\u00f5es de Exames de Qualifica\u00e7\u00f5es e Defesas ser\u00e3o realizadas via\u00a0Google forms Link: https:\/\/forms.gle\/Xir1BHz42Tiba4br8<\/p>\n","protected":false},"author":10,"featured_media":0,"parent":0,"menu_order":0,"comment_status":"closed","ping_status":"closed","template":"","meta":{"footnotes":""},"class_list":["post-206","page","type-page","status-publish","hentry"],"_links":{"self":[{"href":"https:\/\/pos.uel.br\/ppgcfuel\/wp-json\/wp\/v2\/pages\/206","targetHints":{"allow":["GET"]}}],"collection":[{"href":"https:\/\/pos.uel.br\/ppgcfuel\/wp-json\/wp\/v2\/pages"}],"about":[{"href":"https:\/\/pos.uel.br\/ppgcfuel\/wp-json\/wp\/v2\/types\/page"}],"author":[{"embeddable":true,"href":"https:\/\/pos.uel.br\/ppgcfuel\/wp-json\/wp\/v2\/users\/10"}],"replies":[{"embeddable":true,"href":"https:\/\/pos.uel.br\/ppgcfuel\/wp-json\/wp\/v2\/comments?post=206"}],"version-history":[{"count":5,"href":"https:\/\/pos.uel.br\/ppgcfuel\/wp-json\/wp\/v2\/pages\/206\/revisions"}],"predecessor-version":[{"id":534,"href":"https:\/\/pos.uel.br\/ppgcfuel\/wp-json\/wp\/v2\/pages\/206\/revisions\/534"}],"wp:attachment":[{"href":"https:\/\/pos.uel.br\/ppgcfuel\/wp-json\/wp\/v2\/media?parent=206"}],"curies":[{"name":"wp","href":"https:\/\/api.w.org\/{rel}","templated":true}]}}