{"id":190,"date":"2021-09-10T10:27:32","date_gmt":"2021-09-10T13:27:32","guid":{"rendered":"https:\/\/pos.uel.br\/ppgcfuel\/?page_id=190"},"modified":"2023-02-23T16:15:47","modified_gmt":"2023-02-23T19:15:47","slug":"corpo-discente","status":"publish","type":"page","link":"https:\/\/pos.uel.br\/ppgcfuel\/corpo-discente\/","title":{"rendered":"Disserta\u00e7\u00f5es Defendidas"},"content":{"rendered":"\n<p><strong>Luiza Mara Ven\u00e2ncio<\/strong><\/p>\n\n\n\n<p>&#8221; \u00a0AVALIA\u00c7\u00c3O CL\u00cdNICA DA EFIC\u00c1CIA DA ASSOCIA\u00c7\u00c3O DE UM ANTISS\u00c9PTICO BUCAL E SPRAY NASAL NA DIMINUI\u00c7\u00c3O DA CARGA VIRAL EM PORTADORES DE SARS-COV-2&#8243; <\/p>\n\n\n\n<p>Orientadora:Audrey A.S.G. Lonni<\/p>\n\n\n\n<p>data: 17\/10\/2022<\/p>\n\n\n\n<p><strong>Anayana Zago Dangui<\/strong><\/p>\n\n\n\n<p>&#8220;Inova\u00e7\u00e3o em cerveja artesanal adicionada com extrato de bioativos fen\u00f3licos de Agaricus blazei Murril&#8221;.<\/p>\n\n\n\n<p>Orientadora: Elisa Yoko Hirooka<\/p>\n\n\n\n<p>data: 07\/04\/2022<\/p>\n\n\n\n<p><strong>Mikaela Miguel Sevidanis<\/strong><\/p>\n\n\n\n<p>&#8220;Desenvolvimento de um filme polim\u00e9rico biodegrad\u00e1vel para envelhecimento cut\u00e2neo do colo&#8221;.<\/p>\n\n\n\n<p>Orientadora: Audrey A.S.G. Lonni<\/p>\n\n\n\n<p>data: 21\/03\/2022<\/p>\n\n\n\n<p><strong>Rhayelle Thayssa<\/strong> <strong>Polizel<\/strong><\/p>\n\n\n\n<p>&#8220;Perfil dos eventos toxicol\u00f3gicos associados a medicamentos atendidos por um centro de informa\u00e7\u00e3o e assist\u00eancia toxicol\u00f3gica&#8221;.<\/p>\n\n\n\n<p>Orientador: Edmarlon Girotto<\/p>\n\n\n\n<p>data: 17\/03\/2022<\/p>\n\n\n\n<p><strong>Talita Oliveira Silva<\/strong><\/p>\n\n\n\n<p>&#8220;Avalia\u00e7\u00e3o dos efeitos cl\u00ednicos de formula\u00e7\u00e3o dermocosm\u00e9tica contendo extrato de <em>Trichilia catigua<\/em> aliado ao laser de baixa intensidade no tratamento da acne vulgar&#8221;<\/p>\n\n\n\n<p>Orientadora: Audrey A.S.G. Lonni<\/p>\n\n\n\n<p>data: 15\/03\/2022<\/p>\n\n\n\n<p><strong>Claudia Tiemi Nakano<\/strong><\/p>\n\n\n\n<p>&#8220;Desenvolvimento de uma nanoemuls\u00e3o \u00e0 base de \u00f3leo de linha\u00e7a aditivada de extrato de caf\u00e9 verde e avalia\u00e7\u00e3o dos danos oxidativos causados pela radia\u00e7\u00e3o UVB&#8221;.<\/p>\n\n\n\n<p>Orientadora: Sandra Regina Georgetti<\/p>\n\n\n\n<p>data: 11\/03\/2022<\/p>\n\n\n\n<p><strong>Emili Bruna Toso Bueno<\/strong><\/p>\n\n\n\n<p>&#8220;PRODU\u00c7\u00c3O, EXTRA\u00c7\u00c3O E PURIFICA\u00c7\u00c3O DE QUINOLONAS E AERUGINALDE\u00cdDO DE Pseudomonas aeruginosa&#8221;.<\/p>\n\n\n\n<p>Orientadora: Josiane Alessandra Vignoli Camilios<\/p>\n\n\n\n<p>data:  09 de dezembro de 2021<\/p>\n\n\n\n<p><strong>Pryscilla Ayhumi Aymori<\/strong><\/p>\n\n\n\n<p>\u201cAvalia\u00e7\u00e3o dos efeitos cl\u00ednicos de dermocosm\u00e9tico contendo extrato de&nbsp;<em>Coffea canephora<\/em>&nbsp;verde aplicado por fonoforese\u201d<\/p>\n\n\n\n<p>Orientadora: Audrey Alesandra Stinghen Garcia Lonni<\/p>\n\n\n\n<p>data: 25 de junho de 2021<\/p>\n\n\n\n<p><strong>Aline<\/strong> <strong>Barriquelo Rosa<\/strong><\/p>\n\n\n\n<p>&#8221; Desenvolvimento de comprimido palat\u00e1vel de cefalexina para animais de pequeno porte&#8221;<\/p>\n\n\n\n<p>Orientadora: Marcela Maria Baracat<\/p>\n\n\n\n<p>Data: 05 de fevereiro de 2021<\/p>\n\n\n\n<p><strong>Amanda Cristina de Souza<\/strong><\/p>\n\n\n\n<p>\u201cDieta de Restri\u00e7\u00f5es Proteica em Ratos Durante a Adolesc\u00eancia, Causa Disfun\u00e7\u00e3o Endotelial na Vida Adulta\u201d<\/p>\n\n\n\n<p>Orientadora: Graziela Scaliante Ceravolo<\/p>\n\n\n\n<p>Data: 27 de janeiro de 2021<\/p>\n\n\n\n<p><strong>Telma Regina Fares Gianjacomo<\/strong><\/p>\n\n\n\n<p>\u201cCaracteriza\u00e7\u00e3o do Consumo de Medicamentos Psicof\u00e1rmacos por Estudantes de uma Universidade P\u00fablica\u201d<\/p>\n\n\n\n<p>Orientador: Edmarlon Girotto<\/p>\n\n\n\n<p>Data: 21 de dezembro de 2020<\/p>\n\n\n\n<p><strong>Murilo da Silveira Benatto<\/strong><\/p>\n\n\n\n<p>\u201cAn\u00e1lise do Cuidado Farmac\u00eautico Realizado nos Pacientes em Cuidados Paliativos Oncol\u00f3gicos\u201d<\/p>\n\n\n\n<p>Orientador: Camilo Molino Guidoni<\/p>\n\n\n\n<p>Data: 21 de dezembro de 2020<\/p>\n\n\n\n<p><strong>Briani Gisele Bigotto<\/strong><\/p>\n\n\n\n<p>\u201cDesenvolvimento, Caracteriza\u00e7\u00e3o e Avalia\u00e7\u00e3o de Nova Formula\u00e7\u00e3o saneante contendo \u00d3leo Essencial de Melaleuca\u201d<\/p>\n\n\n\n<p>Orientadora: Audrey Alesandra Stinghen Garcia Lonni<\/p>\n\n\n\n<p>Data: 17 de dezembro de 2020<\/p>\n\n\n\n<p><strong>Nat\u00e1lia Rodrigues de Oliveira<\/strong><\/p>\n\n\n\n<p>\u201cDesenvolvimento de Formula\u00e7\u00e3o de Esmalte contendo princ\u00edpios ativos naturais como alternativa para o tratamento da onicomicose\u201d<\/p>\n\n\n\n<p>Orientadora: Audrey Alesandra Stinghen Garcia Lonni<\/p>\n\n\n\n<p>Data: 22 de setembro de 2020<\/p>\n\n\n\n<p><strong>Guilherme Carneiro Leal<\/strong><\/p>\n\n\n\n<p>\u201cDesenvolvimento e Avalia\u00e7\u00e3o da Efic\u00e1cia Cl\u00ednicade Emuls\u00e3o Base Contendo Ingredientes Naturais para Uso T\u00f3pico em Prepara\u00e7\u00f5es Magistrais\u201d<\/p>\n\n\n\n<p>Orientadora: Audrey Alesandra Stinghen Garcia Lonni<\/p>\n\n\n\n<p>Data: 02 de julho de 2020<\/p>\n\n\n\n<p><strong>Mar\u00edlia Camargo Fonteque<\/strong><\/p>\n\n\n\n<p>\u201cEfeito T\u00f3pico do Flavon\u00f3ide Hesperidina Metilchalcona nos Danos Oxidativos e Inflamat\u00f3rios Induzidos por Queimadura em Camundongos Hairless\u201d<\/p>\n\n\n\n<p>Orientadora: Sandra Regina Georgetti<\/p>\n\n\n\n<p>Data: 17 de julho de 2020<\/p>\n\n\n\n<p><strong>Carla Menegucci<\/strong><\/p>\n\n\n\n<p>\u201cGel Termorrevers\u00edvel Adicionado da Flavona Naringenina em Pele de Camundongo sem Pelo Submetidos \u00e0 Queimadura T\u00e9rmica: Efeito nos Danos Oxidativos e Inflamat\u00f3rios\u201d<\/p>\n\n\n\n<p>Orientadora: Sandra Regina Georgetti<\/p>\n\n\n\n<p>Data: 16 de julho de 2020<\/p>\n\n\n\n<p><strong>J\u00e9ssica Vertuan Rufino<\/strong><\/p>\n\n\n\n<p>\u201cAssocia\u00e7\u00e3o entre Indicativo de Depress\u00e3o e Perfil S\u00f3ciodemogr\u00e1fico, Acad\u00eamico e H\u00e1bitos de Vida em Universit\u00e1rios\u201d<\/p>\n\n\n\n<p>Orientador: Camilo Molino Guidoni<\/p>\n\n\n\n<p>Data: 16 de mar\u00e7o de 2020<\/p>\n\n\n\n<p><strong>Cl\u00f3vis Minoru Kumagai<\/strong><\/p>\n\n\n\n<p>\u201cDesenvolvimento de Formula\u00e7\u00e3o Farmac\u00eautica T\u00f3pica Contendo Des\u00f3xi-Delta 12,14-Prostaglandina J2 e Avalia\u00e7\u00e3o do Potencial Terap\u00eautico para o Controle da Inflama\u00e7\u00e3o e Estresse Oxidativo Induzido por Radia\u00e7\u00e3o UVB em Camundongos\u201d<\/p>\n\n\n\n<p>Orientadora: R\u00fabia Casagrande<\/p>\n\n\n\n<p>Data: 04 de outubro de 2019<\/p>\n\n\n\n<p><strong>Andr\u00e9 da Silva<\/strong><\/p>\n\n\n\n<p>\u201cPerfil da judicializa\u00e7\u00e3o de medicamentos na \u00e1rea de abrang\u00eancia de uma Regional de Sa\u00fade do Norte do Paran\u00e1\u201d<\/p>\n\n\n\n<p>Orientador: Camilo Molino Guidoni<\/p>\n\n\n\n<p>Data: 11 de julho de 2019<\/p>\n\n\n\n<p><strong>Pedro Augusto Goularte Garso<\/strong><\/p>\n\n\n\n<p>\u201cIncid\u00eancia e fatores de risco para o uso de antidepressivos em indiv\u00edduos de 40 anos ou masi em munic\u00edpio de m\u00e9dio porte no Norte do Paran\u00e1\u201d<\/p>\n\n\n\n<p>Orientador: Prof. Dr. Edmarlon Giroto<\/p>\n\n\n\n<p>Data: 08 de julho de 2019<\/p>\n\n\n\n<p><strong>Ana Paula Queiroz Mello<\/strong><\/p>\n\n\n\n<p>\u201cProdu\u00e7\u00e3o direcionada de di-Ramnolip\u00eddeos por cultivo de Pseudomonas aeruginosa PAO1 e desenvolvimento de processos de purifica\u00e7\u00e3o para obten\u00e7\u00e3o de um \u00fanico cong\u00eanere\u201d<\/p>\n\n\n\n<p>Orientador: Prof. Dr. Doumit Camillios Neto<\/p>\n\n\n\n<p>Data: 19 de junho de 2019<\/p>\n\n\n\n<p><strong>Ricardo Luis Nascimento de Matos<\/strong><\/p>\n\n\n\n<p>\u201cSolidagenona isolada de ra\u00edzes da Solidago chilensis Meyen: avalia\u00e7\u00e3o dos efeitos em modelo biol\u00f3gico explante de pele de su\u00ednos\u201d<\/p>\n\n\n\n<p>Orientador: Prof. Dr. Nilton Syogo Arakawa<\/p>\n\n\n\n<p>Data: 08 de Fevereiro\/2019<\/p>\n","protected":false},"excerpt":{"rendered":"<p>Luiza Mara Ven\u00e2ncio &#8221; \u00a0AVALIA\u00c7\u00c3O CL\u00cdNICA DA EFIC\u00c1CIA DA ASSOCIA\u00c7\u00c3O DE UM ANTISS\u00c9PTICO BUCAL E SPRAY NASAL NA DIMINUI\u00c7\u00c3O DA CARGA VIRAL EM PORTADORES DE SARS-COV-2&#8243; Orientadora:Audrey A.S.G. Lonni data: 17\/10\/2022 Anayana Zago Dangui &#8220;Inova\u00e7\u00e3o em cerveja artesanal adicionada com extrato de bioativos fen\u00f3licos de Agaricus blazei Murril&#8221;. Orientadora: Elisa Yoko Hirooka data: 07\/04\/2022 Mikaela [&hellip;]<\/p>\n","protected":false},"author":10,"featured_media":0,"parent":0,"menu_order":0,"comment_status":"closed","ping_status":"closed","template":"","meta":{"footnotes":""},"class_list":["post-190","page","type-page","status-publish","hentry"],"_links":{"self":[{"href":"https:\/\/pos.uel.br\/ppgcfuel\/wp-json\/wp\/v2\/pages\/190","targetHints":{"allow":["GET"]}}],"collection":[{"href":"https:\/\/pos.uel.br\/ppgcfuel\/wp-json\/wp\/v2\/pages"}],"about":[{"href":"https:\/\/pos.uel.br\/ppgcfuel\/wp-json\/wp\/v2\/types\/page"}],"author":[{"embeddable":true,"href":"https:\/\/pos.uel.br\/ppgcfuel\/wp-json\/wp\/v2\/users\/10"}],"replies":[{"embeddable":true,"href":"https:\/\/pos.uel.br\/ppgcfuel\/wp-json\/wp\/v2\/comments?post=190"}],"version-history":[{"count":7,"href":"https:\/\/pos.uel.br\/ppgcfuel\/wp-json\/wp\/v2\/pages\/190\/revisions"}],"predecessor-version":[{"id":497,"href":"https:\/\/pos.uel.br\/ppgcfuel\/wp-json\/wp\/v2\/pages\/190\/revisions\/497"}],"wp:attachment":[{"href":"https:\/\/pos.uel.br\/ppgcfuel\/wp-json\/wp\/v2\/media?parent=190"}],"curies":[{"name":"wp","href":"https:\/\/api.w.org\/{rel}","templated":true}]}}