{"id":184,"date":"2021-09-10T10:10:54","date_gmt":"2021-09-10T13:10:54","guid":{"rendered":"https:\/\/pos.uel.br\/ppgcfuel\/?page_id=184"},"modified":"2025-03-17T14:41:34","modified_gmt":"2025-03-17T17:41:34","slug":"egressos","status":"publish","type":"page","link":"https:\/\/pos.uel.br\/ppgcfuel\/egressos\/","title":{"rendered":"Egressos"},"content":{"rendered":"\n<p><strong>Vinicius de Melo Milani<\/strong><\/p>\n\n\n\n<p>Inser\u00e7\u00e3o do Egresso: Analista de Garantia da Qualidade na empresa ADESTE<\/p>\n\n\n\n<p>Orientadora: Marcelle de Lima Ferreira Bispo<\/p>\n\n\n\n<p>Defesa: 30\/04\/2024<\/p>\n\n\n\n<p><strong>Willian Hideki Chinen<\/strong><\/p>\n\n\n\n<p>Inser\u00e7\u00e3o do Egresso: Doutorando no Programa Ci\u00eancias da Sa\u00fade-UEL<\/p>\n\n\n\n<p>Orientadora: R\u00fabia Casagrande<\/p>\n\n\n\n<p>Defesa: 10\/05\/2024<\/p>\n\n\n\n<p><strong>Maria Raquel de Oliveira Cambu\u00ed<\/strong><\/p>\n\n\n\n<p>Inser\u00e7\u00e3o do Egresso: Analista de PD&amp;I Anal\u00edtico na empresa Prati-Donaduzzi<\/p>\n\n\n\n<p>Orientadora: R\u00fabia Casagrande<\/p>\n\n\n\n<p>Defesa: 03\/05\/2024<\/p>\n\n\n\n<p><strong>Paulo Alison Rocha Tonon<\/strong><\/p>\n\n\n\n<p>Inser\u00e7\u00e3o do Egresso: Farmac\u00eautico no Hospital Regional de presidente Prudente<\/p>\n\n\n\n<p>Orientadora: Joice Mara Cruciol<\/p>\n\n\n\n<p>Defesa: 27\/02\/2024<\/p>\n\n\n\n<p><strong>Ana Carolina Tribulato Polvani<\/strong><\/p>\n\n\n\n<p>Inser\u00e7\u00e3o do Egresso: Farmac\u00eautica Respons\u00e1vel na rede Panvel<\/p>\n\n\n\n<p>Orientadora: Audrey Alesandra Stinghen Garcia Lonni<\/p>\n\n\n\n<p>Defesa: 02\/02\/2024<\/p>\n\n\n\n<p><strong>Isabela Mazarim da Costa<\/strong><\/p>\n\n\n\n<p>Inser\u00e7\u00e3o do Egresso: Supervisora Controle de Qualidade em Origem Agro Mestre<\/p>\n\n\n\n<p>Orientadora: Audrey Alesandra Stinghen Garcia Lonni<\/p>\n\n\n\n<p>Defesa: 24\/11\/2023<\/p>\n\n\n\n<p><strong>Lilian Mayumi Tanida<\/strong><\/p>\n\n\n\n<p>Inser\u00e7\u00e3o do Egresso: Funcion\u00e1ria estatut\u00e1ria da Prefeitura Municipal de Ibipor\u00e3- PR (Coordenadora de Laborat\u00f3rio)<\/p>\n\n\n\n<p>Orientadora: Edmarlon Giroto<\/p>\n\n\n\n<p>Defesa: 11\/09\/2023<\/p>\n\n\n\n<p><strong>D\u00e9bora Dahmer<\/strong><\/p>\n\n\n\n<p>Inser\u00e7\u00e3o do Egresso: Doutorando no Programa de Biotecnologia-UEL<\/p>\n\n\n\n<p>Orientadora: Audrey Alesandra Stinghen Garcia Lonni<\/p>\n\n\n\n<p>Defesa: 23 de junho de 2023<\/p>\n\n\n\n<p><strong>Gabriele In\u00e1cio de Oliveira<\/strong><\/p>\n\n\n\n<p>Inser\u00e7\u00e3o do Egresso: Professora no Instituto Mix e Farmac\u00eautica na farm\u00e1cia manipula\u00e7\u00e3o Londrif\u00f3rmulas<\/p>\n\n\n\n<p>Orientadora: Nilton Syogo Arakawa<\/p>\n\n\n\n<p>Defesa: 26 de abril de 2023<\/p>\n\n\n\n<p><strong>Regina Midori Tamari Silva<\/strong><\/p>\n\n\n\n<p>Inser\u00e7\u00e3o do Egresso: Funcion\u00e1ria estatut\u00e1ria da Prefeitura Municipal de Ibipor\u00e3-PR (Farmac\u00eautica)<\/p>\n\n\n\n<p>Orientadora: Edmarlon Giroto<\/p>\n\n\n\n<p>Defesa: 03 de abril de 2023<\/p>\n\n\n\n<p><strong>Luiza Mara Ven\u00e2ncio<\/strong><\/p>\n\n\n\n<p>Inser\u00e7\u00e3o do Egresso: RT farm\u00e1cia comercial<\/p>\n\n\n\n<p>Orientadora: Audrey Alesandra Stinghen Garcia Lonni<\/p>\n\n\n\n<p>Defesa: 10 de outubro de 2022<\/p>\n\n\n\n<p><strong>Anayana Zago Dangui<\/strong><\/p>\n\n\n\n<p>Inser\u00e7\u00e3o do Egresso: Docente &nbsp;curso de Farm\u00e1cia do Centro Universit\u00e1rio Mater Dei (UNIMATER) em Pato Branco (PR) e professora substituta no curso de Farm\u00e1cia do Instituto Federal do Paran\u00e1 &#8211; Campus Palmas (PR).<\/p>\n\n\n\n<p>Orientadora: Elisa Yoko Hirooka<\/p>\n\n\n\n<p>Defesa: 07 de abril de 2022<\/p>\n\n\n\n<p><strong>Mikaela M. Sevidanis<\/strong><\/p>\n\n\n\n<p>Inser\u00e7\u00e3o do Egresso: Propriet\u00e1ria cl\u00ednica est\u00e9tica e Trabalho no Setor de Farm\u00e1cia Magistral<\/p>\n\n\n\n<p>Orientadora: Audrey Alesandra Stinghen Garcia Lonni<\/p>\n\n\n\n<p>Defesa: 21 de mar\u00e7o de 2022<\/p>\n\n\n\n<p><strong>Talita Oliveira da Silva<\/strong><\/p>\n\n\n\n<p>Inser\u00e7\u00e3o do Egresso: Propriet\u00e1ria cl\u00ednica est\u00e9tica e Trabalho no Setor de Farm\u00e1cia Magistral<\/p>\n\n\n\n<p>Orientadora: Audrey Alesandra Stinghen Garcia Lonni<\/p>\n\n\n\n<p>Defesa: 15 de mar\u00e7o de 2022<\/p>\n\n\n\n<p><strong>Claudia Tiemi Nakano<\/strong><\/p>\n\n\n\n<p>Inser\u00e7\u00e3o do Egresso: qu\u00edmica respons\u00e1vel no setor de Desenvolvimento de Produtos na empresa Ruby Rose Maquiagem<\/p>\n\n\n\n<p>Orientadora: Sandra Regina Georgetti<\/p>\n\n\n\n<p>Defesa: 11 de mar\u00e7o de 2022<\/p>\n\n\n\n<p><strong>Rhayelle T. Polizel<\/strong><\/p>\n\n\n\n<p>Inser\u00e7\u00e3o do Egresso: Coordenadora Curso Farm\u00e1cia Inesul<\/p>\n\n\n\n<p>Orientadora: Edmarlon Girotto<\/p>\n\n\n\n<p>Defesa: 07 de mar\u00e7o de 2022<\/p>\n\n\n\n<p><strong>Emili Bruna Toso Bueno<\/strong><\/p>\n\n\n\n<p>Inser\u00e7\u00e3o do Egresso: Farmac\u00eautica na UBS Maria Jos\u00e9 Aalbertini Gomes-Estrela do Norte\/SP<\/p>\n\n\n\n<p>Orientadora: Josiane A. Vignoli<\/p>\n\n\n\n<p>Defesa: 09 de dezembro de 2021<\/p>\n\n\n\n<p><strong>Pryscilla Ayhumi Aymori<\/strong><\/p>\n\n\n\n<p>Inser\u00e7\u00e3o do Egresso: sem atividades<\/p>\n\n\n\n<p>Orientadora: Audrey Alesandra Stinghen Garcia Lonni<\/p>\n\n\n\n<p>Defesa: 25 de junho de 2021<\/p>\n\n\n\n<p><strong>Aline<\/strong>&nbsp;<strong>Barriquelo Rosa<\/strong><\/p>\n\n\n\n<p>Inser\u00e7\u00e3o do Egresso: Ind\u00fastria Sandoz do Brasil<\/p>\n\n\n\n<p>Orientadora: Marcela Maria Baracat<\/p>\n\n\n\n<p>Defesa: 05 de fevereiro de 2021<\/p>\n\n\n\n<p><\/p>\n\n\n\n<p><strong>Clara Ruiz de Souza<\/strong><\/p>\n\n\n\n<p>Inser\u00e7\u00e3o do Egresso: Applied Researcher Chemist (DECIEM Beauty Group Inc, Canada).<\/p>\n\n\n\n<p>Orientadora: Sandra Regina Georgetti<\/p>\n\n\n\n<p>Defesa: 12\/02\/2021<br><\/p>\n\n\n\n<p><strong>Amanda Cristina de Souza<\/strong><\/p>\n\n\n\n<p>Inser\u00e7\u00e3o do Egresso: Doutorado em Fisiopatologia M\u00e9dica &#8211; UNICAMP<\/p>\n\n\n\n<p>Orientadora: Graziela Scaliante Ceravolo<\/p>\n\n\n\n<p>Defesa: 27 de janeiro de 2021<\/p>\n\n\n\n<p><\/p>\n\n\n\n<p><strong>Telma Regina Fares Gianjacomo<\/strong><\/p>\n\n\n\n<p>Inser\u00e7\u00e3o do Egresso: Doutoranda P\u00f3s-Gradua\u00e7\u00e3o em Sa\u00fade Coletiva-UEL<\/p>\n\n\n\n<p>Orientador: Edmarlon Girotto<\/p>\n\n\n\n<p>Defesa: 21 de dezembro de 2020<\/p>\n\n\n\n<p><\/p>\n\n\n\n<p><strong>Murilo da Silveira Benatto<\/strong><\/p>\n\n\n\n<p>Inser\u00e7\u00e3o do Egresso: Farmac\u00eautico concursado na Prefeitura Municipal de Guarulhos (UBS Inocoop).<\/p>\n\n\n\n<p>Orientador: Camilo Molino Guidoni<\/p>\n\n\n\n<p>Defesa: 21 de dezembro de 2020<\/p>\n\n\n\n<p><\/p>\n\n\n\n<p><strong>Briani Gisele Bigotto<\/strong><\/p>\n\n\n\n<p>Inser\u00e7\u00e3o do Egresso: Doutora em P\u00f3s-Gradua\u00e7\u00e3o Biotecnologia &#8211; UEL e P\u00f3s-doutorando do PPG em MicrobiologiA-UEL<\/p>\n\n\n\n<p>Orientadora: Audrey Alesandra Stinghen Garcia Lonni<\/p>\n\n\n\n<p> Defesa : 17 de dezembro de 2020<\/p>\n\n\n\n<p><\/p>\n\n\n\n<p><strong>Nat\u00e1lia Rodrigues de Oliveira<\/strong><\/p>\n\n\n\n<p>Inser\u00e7\u00e3o do Egresso: Tutora polo Uning\u00e1<\/p>\n\n\n\n<p>Orientadora: Audrey Alesandra Stinghen Garcia Lonni<\/p>\n\n\n\n<p> Defesa : 22 de setembro de 2020<\/p>\n\n\n\n<p><\/p>\n\n\n\n<p><strong>Guilherme Carneiro Leal<\/strong><\/p>\n\n\n\n<p>Inser\u00e7\u00e3o do Egresso: Propriet\u00e1rio da Farm\u00e1cia de manipula\u00e7\u00e3o Magistral Pharmacia<\/p>\n\n\n\n<p>Orientadora: Audrey Alesandra Stinghen Garcia Lonni<\/p>\n\n\n\n<p> Defesa: 02 de julho de 2020<\/p>\n\n\n\n<p><\/p>\n\n\n\n<p><strong>Mar\u00edlia Camargo Fonteque<\/strong><\/p>\n\n\n\n<p>Inser\u00e7\u00e3o do Egresso: Graduanda do Curso de Medicina-PUC<\/p>\n\n\n\n<p>Orientadora: Sandra Regina Georgetti<\/p>\n\n\n\n<p> Defesa: 17 de julho de 2020<\/p>\n\n\n\n<p><\/p>\n\n\n\n<p><strong>Carla Menegucci<\/strong><\/p>\n\n\n\n<p>Inser\u00e7\u00e3o do Egresso: Sandoz do Brasil<\/p>\n\n\n\n<p>Orientadora: Sandra Regina Georgetti<\/p>\n\n\n\n<p> Defesa: 16 de julho de 2020<\/p>\n\n\n\n<p><\/p>\n\n\n\n<p><strong>J\u00e9ssica Vertuan Rufino<\/strong><\/p>\n\n\n\n<p>Inser\u00e7\u00e3o do Egresso: Tutora na Kroton e&nbsp;Doutoranda do Programa em Sa\u00fade Coletiva &#8211; UEL <\/p>\n\n\n\n<p>Orientador: Camilo Molino Guidoni<\/p>\n\n\n\n<p> Defesa: 16 de mar\u00e7o de 2020<\/p>\n\n\n\n<p><\/p>\n\n\n\n<p><strong>Roberta Paiva Benatto<\/strong><\/p>\n\n\n\n<p>Inser\u00e7\u00e3o do Egresso: Farmac\u00eautica concursada na Prefeitura Municipal de Ribeir\u00e3o Claro<\/p>\n\n\n\n<p>Orientador: Camilo Molino Guidoni<\/p>\n\n\n\n<p> Defesa: 28 de fevereiro de 2020<\/p>\n\n\n\n<p><\/p>\n\n\n\n<p><strong>Cl\u00f3vis Minoru Kumagai<\/strong><\/p>\n\n\n\n<p>Inser\u00e7\u00e3o do Egresso: RT em Drogaria<\/p>\n\n\n\n<p>Orientadora: R\u00fabia Casagrande<\/p>\n\n\n\n<p> Defesa: 04 de outubro de 2019<\/p>\n\n\n\n<p><\/p>\n\n\n\n<p><strong>Andr\u00e9 da Silva<\/strong><\/p>\n\n\n\n<p>Inser\u00e7\u00e3o do Egresso: Farmac\u00eautico pela SESA-PR (v\u00ednculo com o Hemocentro do HU) e Doutorando do Programa em Sa\u00fade Coletiva &#8211; UEL<\/p>\n\n\n\n<p>Orientador: Camilo Molino Guidoni<\/p>\n\n\n\n<p> Defesa: 11 de julho de 2019<\/p>\n\n\n\n<p><\/p>\n\n\n\n<p><strong>Pedro Augusto Goularte Garso<\/strong><\/p>\n\n\n\n<p>Inser\u00e7\u00e3o do Egresso: Representando comercial em empresa de exames diagn\u00f3sticos<\/p>\n\n\n\n<p>Orientador: Prof. Dr. Edmarlon Giroto<\/p>\n\n\n\n<p> Defesa: 08 de julho de 2019<\/p>\n\n\n\n<p><\/p>\n\n\n\n<p><strong>Ana Paula Queiroz Mello<\/strong><\/p>\n\n\n\n<p>Inser\u00e7\u00e3o do Egresso: Analista de controle de qualidade biol\u00f3gico- Empresa Dechra do Brasil Produtos Veterin\u00e1rios<\/p>\n\n\n\n<p>Orientador: Prof. Dr. Doumit Camillios Neto<\/p>\n\n\n\n<p> Defesa: 19 de junho de 2019<\/p>\n\n\n\n<p><\/p>\n\n\n\n<p><strong>Ricardo Luis Nascimento de Matos<\/strong><\/p>\n\n\n\n<p>Inser\u00e7\u00e3o do Egresso: Doutor em Qu\u00edmica &#8211; UEL e Diretor de Pesquisa da empresa PRONASUL  incubada pela INTUEL<\/p>\n\n\n\n<p>Orientador: Prof. Dr. Nilton Syogo Arakawa<\/p>\n\n\n\n<p> Defesa: 08 de Fevereiro\/2019<\/p>\n\n\n\n<p><\/p>\n","protected":false},"excerpt":{"rendered":"<p>Vinicius de Melo Milani Inser\u00e7\u00e3o do Egresso: Analista de Garantia da Qualidade na empresa ADESTE Orientadora: Marcelle de Lima Ferreira Bispo Defesa: 30\/04\/2024 Willian Hideki Chinen Inser\u00e7\u00e3o do Egresso: Doutorando no Programa Ci\u00eancias da Sa\u00fade-UEL Orientadora: R\u00fabia Casagrande Defesa: 10\/05\/2024 Maria Raquel de Oliveira Cambu\u00ed Inser\u00e7\u00e3o do Egresso: Analista de PD&amp;I Anal\u00edtico na empresa Prati-Donaduzzi [&hellip;]<\/p>\n","protected":false},"author":10,"featured_media":0,"parent":0,"menu_order":0,"comment_status":"closed","ping_status":"closed","template":"","meta":{"footnotes":""},"class_list":["post-184","page","type-page","status-publish","hentry"],"_links":{"self":[{"href":"https:\/\/pos.uel.br\/ppgcfuel\/wp-json\/wp\/v2\/pages\/184","targetHints":{"allow":["GET"]}}],"collection":[{"href":"https:\/\/pos.uel.br\/ppgcfuel\/wp-json\/wp\/v2\/pages"}],"about":[{"href":"https:\/\/pos.uel.br\/ppgcfuel\/wp-json\/wp\/v2\/types\/page"}],"author":[{"embeddable":true,"href":"https:\/\/pos.uel.br\/ppgcfuel\/wp-json\/wp\/v2\/users\/10"}],"replies":[{"embeddable":true,"href":"https:\/\/pos.uel.br\/ppgcfuel\/wp-json\/wp\/v2\/comments?post=184"}],"version-history":[{"count":24,"href":"https:\/\/pos.uel.br\/ppgcfuel\/wp-json\/wp\/v2\/pages\/184\/revisions"}],"predecessor-version":[{"id":648,"href":"https:\/\/pos.uel.br\/ppgcfuel\/wp-json\/wp\/v2\/pages\/184\/revisions\/648"}],"wp:attachment":[{"href":"https:\/\/pos.uel.br\/ppgcfuel\/wp-json\/wp\/v2\/media?parent=184"}],"curies":[{"name":"wp","href":"https:\/\/api.w.org\/{rel}","templated":true}]}}