{"id":16,"date":"2021-04-26T21:51:34","date_gmt":"2021-04-27T00:51:34","guid":{"rendered":"https:\/\/pos.uel.br\/ppgcfuel\/?page_id=16"},"modified":"2025-04-30T10:14:50","modified_gmt":"2025-04-30T13:14:50","slug":"formularios","status":"publish","type":"page","link":"https:\/\/pos.uel.br\/ppgcfuel\/formularios\/","title":{"rendered":"Regimentos, resolu\u00e7\u00f5es e normas"},"content":{"rendered":"\n<div class=\"wp-block-uel-card\">\n<p><a href=\"https:\/\/pos.uel.br\/cienciasdasaude\/wp-content\/uploads\/2023\/09\/REGULAMENTO-DISTRIBUIC%CC%A7A%CC%83O-DE-BOLSAS-PPGCS-2023-FINAL.pdf\">Normas e Procedimentos para concess\u00e3o das Bolsas de Estudo Demanda Social (DS)<\/a> <a href=\"https:\/\/acrobat.adobe.com\/id\/urn:aaid:sc:VA6C2:4062247d-e780-4cc5-a81e-64098ab866aa\" data-type=\"link\" data-id=\"https:\/\/acrobat.adobe.com\/id\/urn:aaid:sc:VA6C2:4062247d-e780-4cc5-a81e-64098ab866aa\">https:\/\/acrobat.adobe.com\/id\/urn:aaid:sc:VA6C2:4062247d-e780-4cc5-a81e-64098ab866aa<\/a><\/p>\n\n\n\n<p><\/p>\n<\/div>\n\n\n\n<div class=\"wp-block-uel-card\">\n<div class=\"wp-block-file\"><a id=\"wp-block-file--media-e5e99d83-f41a-464e-990a-5522acf825f9\" href=\"https:\/\/pos.uel.br\/ppgcfuel\/wp-content\/uploads\/2021\/10\/Carta-de-aceite-CF.doc\">Carta de aceite CF<\/a><a href=\"https:\/\/pos.uel.br\/ppgcfuel\/wp-content\/uploads\/2021\/10\/Carta-de-aceite-CF.doc\" class=\"wp-block-file__button wp-element-button\" download aria-describedby=\"wp-block-file--media-e5e99d83-f41a-464e-990a-5522acf825f9\">Baixar<\/a><\/div>\n<\/div>\n\n\n\n<div class=\"wp-block-uel-card\">\n<div class=\"wp-block-file\"><a id=\"wp-block-file--media-5329dcb5-8b2b-4dd0-a9fc-1c0cec52c1de\" href=\"https:\/\/pos.uel.br\/ppgcfuel\/wp-content\/uploads\/2021\/10\/Normas-para-Projeto-de-pesquisa-CF-Pandemia.docx\">Normas para Projeto de pesquisa CF Pandemia<\/a><a href=\"https:\/\/pos.uel.br\/ppgcfuel\/wp-content\/uploads\/2021\/10\/Normas-para-Projeto-de-pesquisa-CF-Pandemia.docx\" class=\"wp-block-file__button wp-element-button\" download aria-describedby=\"wp-block-file--media-5329dcb5-8b2b-4dd0-a9fc-1c0cec52c1de\">Baixar<\/a><\/div>\n<\/div>\n\n\n\n<div class=\"wp-block-uel-card\">\n<div class=\"wp-block-file\"><a id=\"wp-block-file--media-bb98d318-53cd-426b-bce9-80b75b401f7d\" href=\"https:\/\/pos.uel.br\/ppgcfuel\/wp-content\/uploads\/2021\/10\/Ficha-de-Inscricao-com-Check-list.doc\">Ficha de Inscri\u00e7\u00e3o com Check list<\/a><a href=\"https:\/\/pos.uel.br\/ppgcfuel\/wp-content\/uploads\/2021\/10\/Ficha-de-Inscricao-com-Check-list.doc\" class=\"wp-block-file__button wp-element-button\" download aria-describedby=\"wp-block-file--media-bb98d318-53cd-426b-bce9-80b75b401f7d\">Baixar<\/a><\/div>\n<\/div>\n\n\n\n<p>Tabela de auto-pontua\u00e7\u00e3o do curriculo do candidato (<a rel=\"noreferrer noopener\" href=\"http:\/\/www.uel.br\/pos\/ppgcfuel\/pages\/arquivos\/Tabela%20de%20Pontuacao%20PPGCF.pdf\" target=\"_blank\">Clique aqui<\/a>)<\/p>\n\n\n\n<p>Cancelamento ou Ren\u00fancia da Bolsa de Estudos (<a href=\"http:\/\/www.uel.br\/pos\/ppgcfuel\/pages\/arquivos\/Cancelamento%20ou%20Renuncia%20de%20bolsa%20PPGCF%202.doc\" target=\"_blank\" rel=\"noreferrer noopener\">Clique aqui<\/a>)<\/p>\n\n\n\n<p>Ficha de Inscri\u00e7\u00e3o com Check List (<a href=\"http:\/\/www.uel.br\/pos\/ppgcfuel\/pages\/arquivos\/Selecao\/Check%20list%20Inscricao%20Candidato%20CF%20Pandemia.doc\" target=\"_blank\" rel=\"noreferrer noopener\">clique aqui<\/a>)<\/p>\n\n\n\n<p>Tabela pontua\u00e7\u00e3o <a href=\"https:\/\/pos.uel.br\/ppgcfuel\/wp-content\/uploads\/2021\/10\/Tabela-de-Pontuacao-PPGCF.pdf\" data-type=\"URL\" data-id=\"https:\/\/pos.uel.br\/ppgcfuel\/wp-content\/uploads\/2021\/10\/Tabela-de-Pontuacao-PPGCF.pdf\" target=\"_blank\" rel=\"noreferrer noopener\">https:\/\/pos.uel.br\/ppgcfuel\/wp-content\/uploads\/2021\/10\/Tabela-de-Pontuacao-PPGCF.pdf<\/a><\/p>\n\n\n\n<div class=\"wp-block-uel-card\">\n<p>Regimento  CEPE 32\/2015 &#8211; Cria\u00e7\u00e3o do Mestrado em Ci\u00eancias Farmac\u00eauticas   <a rel=\"noreferrer noopener\" href=\"https:\/\/pos.uel.br\/ppgcfuel\/wp-content\/uploads\/2021\/09\/Resolucao-CEPE-32-2015-Criacao-do-Mestrado-em-Ciencias-Farmaceuticas.pdf\" data-type=\"URL\" data-id=\"https:\/\/pos.uel.br\/ppgcfuel\/wp-content\/uploads\/2021\/09\/Resolucao-CEPE-32-2015-Criacao-do-Mestrado-em-Ciencias-Farmaceuticas.pdf\" target=\"_blank\">https:\/\/pos.uel.br\/ppgcfuel\/wp-content\/uploads\/2021\/09\/Resolucao-CEPE-32-2015-Criacao-do-Mestrado-em-Ciencias-Farmaceuticas.pdf<\/a><\/p>\n<\/div>\n\n\n\n<p> Resolu\u00e7\u00e3o CEPE 33\/2015 &#8211; Regimento do Mestrado em Ci\u00eancias Farmac\u00eauticas  <a href=\"https:\/\/pos.uel.br\/ppgcfuel\/wp-content\/uploads\/2021\/10\/Regimento-Mest-Cien-Farmac-Res-CEPE-33-2015.pdf\">https:\/\/pos.uel.br\/ppgcfuel\/wp-content\/uploads\/2021\/10\/Regimento-Mest-Cien-Farmac-Res-CEPE-33-2015.pdf<\/a><\/p>\n\n\n\n<p>Organiza\u00e7\u00e3o curricular PPGCF<\/p>\n\n\n\n<p><\/p>\n","protected":false},"excerpt":{"rendered":"<p>Tabela de auto-pontua\u00e7\u00e3o do curriculo do candidato (Clique aqui) Cancelamento ou Ren\u00fancia da Bolsa de Estudos (Clique aqui) Ficha de Inscri\u00e7\u00e3o com Check List (clique aqui) Tabela pontua\u00e7\u00e3o https:\/\/pos.uel.br\/ppgcfuel\/wp-content\/uploads\/2021\/10\/Tabela-de-Pontuacao-PPGCF.pdf Resolu\u00e7\u00e3o CEPE 33\/2015 &#8211; Regimento do Mestrado em Ci\u00eancias Farmac\u00eauticas https:\/\/pos.uel.br\/ppgcfuel\/wp-content\/uploads\/2021\/10\/Regimento-Mest-Cien-Farmac-Res-CEPE-33-2015.pdf Organiza\u00e7\u00e3o curricular PPGCF<\/p>\n","protected":false},"author":7,"featured_media":0,"parent":0,"menu_order":0,"comment_status":"closed","ping_status":"closed","template":"","meta":{"footnotes":""},"class_list":["post-16","page","type-page","status-publish","hentry"],"_links":{"self":[{"href":"https:\/\/pos.uel.br\/ppgcfuel\/wp-json\/wp\/v2\/pages\/16","targetHints":{"allow":["GET"]}}],"collection":[{"href":"https:\/\/pos.uel.br\/ppgcfuel\/wp-json\/wp\/v2\/pages"}],"about":[{"href":"https:\/\/pos.uel.br\/ppgcfuel\/wp-json\/wp\/v2\/types\/page"}],"author":[{"embeddable":true,"href":"https:\/\/pos.uel.br\/ppgcfuel\/wp-json\/wp\/v2\/users\/7"}],"replies":[{"embeddable":true,"href":"https:\/\/pos.uel.br\/ppgcfuel\/wp-json\/wp\/v2\/comments?post=16"}],"version-history":[{"count":10,"href":"https:\/\/pos.uel.br\/ppgcfuel\/wp-json\/wp\/v2\/pages\/16\/revisions"}],"predecessor-version":[{"id":664,"href":"https:\/\/pos.uel.br\/ppgcfuel\/wp-json\/wp\/v2\/pages\/16\/revisions\/664"}],"wp:attachment":[{"href":"https:\/\/pos.uel.br\/ppgcfuel\/wp-json\/wp\/v2\/media?parent=16"}],"curies":[{"name":"wp","href":"https:\/\/api.w.org\/{rel}","templated":true}]}}