{"id":148,"date":"2021-09-10T09:14:21","date_gmt":"2021-09-10T12:14:21","guid":{"rendered":"https:\/\/pos.uel.br\/ppgcfuel\/?page_id=148"},"modified":"2021-09-10T09:25:02","modified_gmt":"2021-09-10T12:25:02","slug":"dissertacao","status":"publish","type":"page","link":"https:\/\/pos.uel.br\/ppgcfuel\/dissertacao\/","title":{"rendered":"Disserta\u00e7\u00e3o"},"content":{"rendered":"\n<figure class=\"wp-block-table is-style-stripes\"><table><tbody><tr><td>2 DCF 025 &#8211;<\/td><td>Disserta\u00e7\u00e3o I<\/td><td>10 cr<\/td><td>150 h<\/td><\/tr><tr><td>2 DCF 026 &#8211;<\/td><td>Disserta\u00e7\u00e3o II<\/td><td>10 cr<\/td><td>150 h<\/td><\/tr><tr><td>2 DCF 027 &#8211;<\/td><td>Disserta\u00e7\u00e3o III<\/td><td>15 cr<\/td><td>225 h<\/td><\/tr><tr><td>2 DCF 028 &#8211;<\/td><td>Disserta\u00e7\u00e3o IV<\/td><td>15 cr<\/td><td>225 h<\/td><\/tr><\/tbody><\/table><\/figure>\n\n\n\n<p><\/p>\n","protected":false},"excerpt":{"rendered":"<p>2 DCF 025 &#8211; Disserta\u00e7\u00e3o I 10 cr 150 h 2 DCF 026 &#8211; Disserta\u00e7\u00e3o II 10 cr 150 h 2 DCF 027 &#8211; Disserta\u00e7\u00e3o III 15 cr 225 h 2 DCF 028 &#8211; Disserta\u00e7\u00e3o IV 15 cr 225 h<\/p>\n","protected":false},"author":10,"featured_media":0,"parent":0,"menu_order":0,"comment_status":"closed","ping_status":"closed","template":"","meta":{"footnotes":""},"class_list":["post-148","page","type-page","status-publish","hentry"],"_links":{"self":[{"href":"https:\/\/pos.uel.br\/ppgcfuel\/wp-json\/wp\/v2\/pages\/148","targetHints":{"allow":["GET"]}}],"collection":[{"href":"https:\/\/pos.uel.br\/ppgcfuel\/wp-json\/wp\/v2\/pages"}],"about":[{"href":"https:\/\/pos.uel.br\/ppgcfuel\/wp-json\/wp\/v2\/types\/page"}],"author":[{"embeddable":true,"href":"https:\/\/pos.uel.br\/ppgcfuel\/wp-json\/wp\/v2\/users\/10"}],"replies":[{"embeddable":true,"href":"https:\/\/pos.uel.br\/ppgcfuel\/wp-json\/wp\/v2\/comments?post=148"}],"version-history":[{"count":3,"href":"https:\/\/pos.uel.br\/ppgcfuel\/wp-json\/wp\/v2\/pages\/148\/revisions"}],"predecessor-version":[{"id":162,"href":"https:\/\/pos.uel.br\/ppgcfuel\/wp-json\/wp\/v2\/pages\/148\/revisions\/162"}],"wp:attachment":[{"href":"https:\/\/pos.uel.br\/ppgcfuel\/wp-json\/wp\/v2\/media?parent=148"}],"curies":[{"name":"wp","href":"https:\/\/api.w.org\/{rel}","templated":true}]}}