{"id":146,"date":"2021-09-10T09:14:21","date_gmt":"2021-09-10T12:14:21","guid":{"rendered":"https:\/\/pos.uel.br\/ppgcfuel\/?page_id=146"},"modified":"2022-03-07T14:49:06","modified_gmt":"2022-03-07T17:49:06","slug":"optativas","status":"publish","type":"page","link":"https:\/\/pos.uel.br\/ppgcfuel\/optativas\/","title":{"rendered":"Disciplinas Optativas"},"content":{"rendered":"\n<p class=\"has-medium-font-size\"><strong>2 DCF 013&nbsp; &#8211; T\u00f3picos Avan\u00e7ados em Assist\u00eancia Farmac\u00eautica e Farm\u00e1cia Cl\u00ednica (3 cr = 45h)<\/strong><\/p>\n\n\n\n<p>Informa\u00e7\u00f5es sobre a Assist\u00eancia Farmac\u00eautica, enfatizando o ciclo do medicamento (sele\u00e7\u00e3o, programa\u00e7\u00e3o, aquisi\u00e7\u00e3o, armazenamento, prescri\u00e7\u00e3o e dispensa\u00e7\u00e3o). Farmacoepidemiologia, Farmacoeconomia, Farm\u00e1cia Cl\u00ednica &amp; Terap\u00eautica e Aten\u00e7\u00e3o Farmac\u00eautica. Discuss\u00e3o de artigos cient\u00edficos e casos cl\u00ednicos referentes \u00e0s doen\u00e7as cr\u00f4nicas n\u00e3o transmiss\u00edveis e\/ou transmiss\u00edveis. Desenvolvimento da an\u00e1lise cr\u00edtica e de habilidades cl\u00ednicas em discuss\u00f5es cient\u00edficas no contexto da Assist\u00eancia Farmac\u00eautica e da Farm\u00e1cia Cl\u00ednica.<\/p>\n\n\n\n<p class=\"has-medium-font-size\"><strong>2 DCF 014 &#8211; Fundamentos da Pr\u00e1tica Docente em Ensino Superior (3 cr = 45h)<\/strong><\/p>\n\n\n\n<p>Fundamentos e concep\u00e7\u00f5es b\u00e1sicas que norteiam o desenvolvimento de metodologias de ensino-aprendizagem. Aprendizagem Baseada em Problemas. Capacita\u00e7\u00e3o para atua\u00e7\u00e3o como tutor.<\/p>\n\n\n\n<p class=\"has-medium-font-size\"><strong>2 DCF&nbsp; 015 &#8211; Pr\u00e1ticas Docentes na Gradua\u00e7\u00e3o I (2 cr = 30 h)<\/strong><\/p>\n\n\n\n<p>Atua\u00e7\u00e3o do mestrando no ensino de gradua\u00e7\u00e3o, sob a supervis\u00e3o do professor orientador, em disciplina de cursos da \u00e1rea de Ci\u00eancias da Sa\u00fade.<\/p>\n\n\n\n<p class=\"has-medium-font-size\"><strong>2 DCF 016 &#8211; Fundamentos da Reda\u00e7\u00e3o de Artigos Cient\u00edficos (3 cr = 45 h)<\/strong><\/p>\n\n\n\n<p>A escolha de peri\u00f3dicos da \u00e1rea de Ci\u00eancias Farmac\u00eauticas para publica\u00e7\u00e3o (indexa\u00e7\u00e3o, fator de impacto, qualifica\u00e7\u00e3o CAPES). A autoria cient\u00edfica. A estrutura de artigos resultantes de pesquisa emp\u00edrica e de revis\u00e3o. Revis\u00e3o bibliogr\u00e1fica e uso de descritores em sa\u00fade. A reda\u00e7\u00e3o cient\u00edfica (organiza\u00e7\u00e3o das ideias, estilo, erros comuns, formas e regras de apresenta\u00e7\u00e3o dos dados, referencia\u00e7\u00e3o bibliogr\u00e1fica). O processo de apresenta\u00e7\u00e3o de artigos, revis\u00e3o por pares e publica\u00e7\u00e3o de artigos.<\/p>\n\n\n\n<p class=\"has-medium-font-size\"><strong>2 DCF 017 &#8211; Tecnologia de Cosm\u00e9ticos (2 cr = 30 h)<\/strong><\/p>\n\n\n\n<p>Atualiza\u00e7\u00e3o e complementa\u00e7\u00e3o do conhecimento na \u00e1rea de cosmetologia, englobando a pesquisa, desenvolvimento de produtos cosm\u00e9ticos. Obten\u00e7\u00e3o de ativos de interesse tecnol\u00f3gico na cosmetologia.<\/p>\n\n\n\n<p class=\"has-medium-font-size\"><strong>2 DCF 018 &#8211; T\u00f3picos Avan\u00e7ados em Farmacologia (3 cr = 45 h)<\/strong><\/p>\n\n\n\n<p>Abordar e discutir t\u00f3picos atuais em Farmacologia abrangendo a Farmacocin\u00e9tica e a Farmacodin\u00e2mica.<\/p>\n\n\n\n<p class=\"has-medium-font-size\"><strong>2 DCF 019 &#8211; Bioqu\u00edmica de Macromol\u00e9culas e Metabolismo Celular (4 cr = 60 h)<\/strong><\/p>\n\n\n\n<p>Qu\u00edmica de macromol\u00e9culas &#8211; \u00e1cidos nucleicos, prote\u00ednas, carboidratos e lip\u00eddios. Princ\u00edpios de termodin\u00e2mica. Bioenerg\u00e9tica e vis\u00e3o geral do metabolismo. Metabolismo de carboidratos, lip\u00eddios, nucleot\u00eddios, amino\u00e1cidos e prote\u00ednas. Integra\u00e7\u00e3o e regula\u00e7\u00e3o metab\u00f3lica.<\/p>\n\n\n\n<p class=\"has-medium-font-size\"><strong>2 DCF 020 &#8211; Princ\u00edpios Ativos Naturais (4 cr = 60 h)<\/strong><\/p>\n\n\n\n<p>Realizar o estudo das classifica\u00e7\u00f5es, rela\u00e7\u00f5es com o metabolismo prim\u00e1rio, principais rea\u00e7\u00f5es envolvidas na forma\u00e7\u00e3o dos princ\u00edpios ativos naturais, a partir das rotas metab\u00f3licas do chiquimato (\u00e1cidos arom\u00e1ticos, compostos fen\u00f3licos), acetato-mevalonato (\u00e1cidos graxos saturados e insaturados, policet\u00eddeos e terpen\u00f3ides), amino\u00e1cidos (alcal\u00f3ides) e mistas (flavon\u00f3ides, antraquinonas e Taninos) dos vegetais e dos microrganismos, suas fun\u00e7\u00f5es, diversidades e import\u00e2ncias biol\u00f3gicas.<\/p>\n\n\n\n<p class=\"has-medium-font-size\"><strong>2 DCF 021 &#8211; An\u00e1lise Estrutural de Biocompostos (2 cr = 30 h)<\/strong><\/p>\n\n\n\n<p>Apresentar as diferentes t\u00e9cnicas anal\u00edticas instrumentais para a caracteriza\u00e7\u00e3o de estruturas qu\u00edmicas de baixa e alta massa molecular, a fim de tornar o aluno apto a escolher quando necess\u00e1rio a t\u00e9cnica adequada.<\/p>\n\n\n\n<p class=\"has-medium-font-size\"><strong>2 DCF 022 &#8211; Radicais Livres, Estresse Oxidativo e Antioxidantes (2 cr = 30 h)<\/strong><\/p>\n\n\n\n<p>Conceitos de radicais livres. Compreender a instala\u00e7\u00e3o do estresse oxidativo no organismo. Conhecer a participa\u00e7\u00e3o dos antioxidantes end\u00f3genos na defesa do organismo Estudo de subst\u00e2ncias antioxidantes ex\u00f3genas. M\u00e9todos para determina\u00e7\u00e3o de atividade antioxidante&nbsp;<em>in vitro<\/em>&nbsp;e&nbsp;<em>in vivo<\/em>.<\/p>\n\n\n\n<p class=\"has-medium-font-size\"><strong>2 DCF 023 &#8211; Sistema de Libera\u00e7\u00e3o de F\u00e1rmacos (3 cr = 45 h)<\/strong><\/p>\n\n\n\n<p>Sistemas de libera\u00e7\u00e3o controlada de f\u00e1rmacos aplicados por diferentes vias de administra\u00e7\u00e3o.<\/p>\n\n\n\n<p class=\"has-medium-font-size\"><strong>2 DCF 024 &#8211; Estudo de Formula\u00e7\u00f5es Farmac\u00eauticas T\u00f3picas e Avalia\u00e7\u00e3o da Absor\u00e7\u00e3o Cut\u00e2nea (3 cr \u2013 45 h)<\/strong><\/p>\n\n\n\n<p>Estudar formula\u00e7\u00f5es farmac\u00eauticas de administra\u00e7\u00e3o t\u00f3pica e t\u00e9cnicas de avalia\u00e7\u00e3o e promo\u00e7\u00e3o da absor\u00e7\u00e3o cut\u00e2nea de f\u00e1rmacos.<\/p>\n","protected":false},"excerpt":{"rendered":"<p>2 DCF 013&nbsp; &#8211; T\u00f3picos Avan\u00e7ados em Assist\u00eancia Farmac\u00eautica e Farm\u00e1cia Cl\u00ednica (3 cr = 45h) Informa\u00e7\u00f5es sobre a Assist\u00eancia Farmac\u00eautica, enfatizando o ciclo do medicamento (sele\u00e7\u00e3o, programa\u00e7\u00e3o, aquisi\u00e7\u00e3o, armazenamento, prescri\u00e7\u00e3o e dispensa\u00e7\u00e3o). Farmacoepidemiologia, Farmacoeconomia, Farm\u00e1cia Cl\u00ednica &amp; Terap\u00eautica e Aten\u00e7\u00e3o Farmac\u00eautica. Discuss\u00e3o de artigos cient\u00edficos e casos cl\u00ednicos referentes \u00e0s doen\u00e7as cr\u00f4nicas n\u00e3o transmiss\u00edveis [&hellip;]<\/p>\n","protected":false},"author":10,"featured_media":0,"parent":0,"menu_order":0,"comment_status":"closed","ping_status":"closed","template":"","meta":{"footnotes":""},"class_list":["post-146","page","type-page","status-publish","hentry"],"_links":{"self":[{"href":"https:\/\/pos.uel.br\/ppgcfuel\/wp-json\/wp\/v2\/pages\/146","targetHints":{"allow":["GET"]}}],"collection":[{"href":"https:\/\/pos.uel.br\/ppgcfuel\/wp-json\/wp\/v2\/pages"}],"about":[{"href":"https:\/\/pos.uel.br\/ppgcfuel\/wp-json\/wp\/v2\/types\/page"}],"author":[{"embeddable":true,"href":"https:\/\/pos.uel.br\/ppgcfuel\/wp-json\/wp\/v2\/users\/10"}],"replies":[{"embeddable":true,"href":"https:\/\/pos.uel.br\/ppgcfuel\/wp-json\/wp\/v2\/comments?post=146"}],"version-history":[{"count":3,"href":"https:\/\/pos.uel.br\/ppgcfuel\/wp-json\/wp\/v2\/pages\/146\/revisions"}],"predecessor-version":[{"id":373,"href":"https:\/\/pos.uel.br\/ppgcfuel\/wp-json\/wp\/v2\/pages\/146\/revisions\/373"}],"wp:attachment":[{"href":"https:\/\/pos.uel.br\/ppgcfuel\/wp-json\/wp\/v2\/media?parent=146"}],"curies":[{"name":"wp","href":"https:\/\/api.w.org\/{rel}","templated":true}]}}