{"id":145,"date":"2021-09-10T09:14:21","date_gmt":"2021-09-10T12:14:21","guid":{"rendered":"https:\/\/pos.uel.br\/ppgcfuel\/?page_id=145"},"modified":"2022-03-07T14:48:13","modified_gmt":"2022-03-07T17:48:13","slug":"obrigatorias","status":"publish","type":"page","link":"https:\/\/pos.uel.br\/ppgcfuel\/obrigatorias\/","title":{"rendered":"Disciplinas Obrigat\u00f3rias"},"content":{"rendered":"\n<p class=\"has-medium-font-size\"><strong>2 DCF 009 &#8211; M\u00e9todos e T\u00e9cnicas de Pesquisa em Sa\u00fade (4 cr = 60 h)<\/strong><\/p>\n\n\n\n<p><strong>Ementa:&nbsp;<\/strong>A evolu\u00e7\u00e3o do pensamento cient\u00edfico. Os m\u00e9todos de pesquisa quantitativos utilizados em Ci\u00eancias Farmac\u00eauticas. M\u00e9todo epidemiol\u00f3gico. A pesquisa bibliogr\u00e1fica. T\u00e9cnicas de elabora\u00e7\u00e3o de trabalhos. Aspectos conceituais, metodol\u00f3gicos, e etapas a serem seguidos para o desenvolvimento de uma pesquisa. Quest\u00f5es \u00e9ticas relativas a diretrizes e normas regulamentadores de pesquisa em seres humanos e animais.<\/p>\n\n\n\n<p class=\"has-medium-font-size\"><strong>2 DCF 010 \u2013 Bioestat\u00edstica (4 cr = 60 h)<\/strong><\/p>\n\n\n\n<p><strong>Ementa:&nbsp;<\/strong>Estat\u00edstica descritiva, incluindo medidas de tend\u00eancia central, de dispers\u00e3o e de correla\u00e7\u00e3o entre vari\u00e1veis. Testes de hip\u00f3teses para compara\u00e7\u00e3o de m\u00e9dias e propor\u00e7\u00f5es. T\u00e9cnicas de an\u00e1lise explorat\u00f3ria, testes param\u00e9tricos e n\u00e3o param\u00e9tricos, an\u00e1lise de vari\u00e2ncia, compara\u00e7\u00f5es m\u00faltiplas, regress\u00e3o e correla\u00e7\u00e3o.<\/p>\n\n\n\n<p class=\"has-medium-font-size\"><strong>2 DCF 011 \u2013 Farmacoepidemiologia (4 cr = 60h)<\/strong><\/p>\n\n\n\n<p>Farmacoepidemiologia e o uso de medicamentos. Introdu\u00e7\u00e3o ao m\u00e9todo de avalia\u00e7\u00e3o epidemiol\u00f3gica. Introdu\u00e7\u00e3o \u00e0s medidas de freq\u00fc\u00eancia e de associa\u00e7\u00e3o em epidemiologia. Eventos adversos a medicamentos e farmacovigil\u00e2ncia. M\u00e9todos de identifica\u00e7\u00e3o e classifica\u00e7\u00e3o de eventos adversos a medicamentos. Estudos de utiliza\u00e7\u00e3o de medicamentos.<\/p>\n\n\n\n<p class=\"has-medium-font-size\"><strong>2 DCF 012 &#8211; Semin\u00e1rios em Ci\u00eancias Farmac\u00eauticas (4 cr = 60h)<\/strong><\/p>\n\n\n\n<p>Apresenta\u00e7\u00e3o, pelos alunos, dos projetos de disserta\u00e7\u00e3o e sua evolu\u00e7\u00e3o, com discuss\u00e3o dos pares e de docentes do Programa.<\/p>\n","protected":false},"excerpt":{"rendered":"<p>2 DCF 009 &#8211; M\u00e9todos e T\u00e9cnicas de Pesquisa em Sa\u00fade (4 cr = 60 h) Ementa:&nbsp;A evolu\u00e7\u00e3o do pensamento cient\u00edfico. Os m\u00e9todos de pesquisa quantitativos utilizados em Ci\u00eancias Farmac\u00eauticas. M\u00e9todo epidemiol\u00f3gico. A pesquisa bibliogr\u00e1fica. T\u00e9cnicas de elabora\u00e7\u00e3o de trabalhos. Aspectos conceituais, metodol\u00f3gicos, e etapas a serem seguidos para o desenvolvimento de uma pesquisa. Quest\u00f5es [&hellip;]<\/p>\n","protected":false},"author":10,"featured_media":0,"parent":0,"menu_order":0,"comment_status":"closed","ping_status":"closed","template":"","meta":{"footnotes":""},"class_list":["post-145","page","type-page","status-publish","hentry"],"_links":{"self":[{"href":"https:\/\/pos.uel.br\/ppgcfuel\/wp-json\/wp\/v2\/pages\/145","targetHints":{"allow":["GET"]}}],"collection":[{"href":"https:\/\/pos.uel.br\/ppgcfuel\/wp-json\/wp\/v2\/pages"}],"about":[{"href":"https:\/\/pos.uel.br\/ppgcfuel\/wp-json\/wp\/v2\/types\/page"}],"author":[{"embeddable":true,"href":"https:\/\/pos.uel.br\/ppgcfuel\/wp-json\/wp\/v2\/users\/10"}],"replies":[{"embeddable":true,"href":"https:\/\/pos.uel.br\/ppgcfuel\/wp-json\/wp\/v2\/comments?post=145"}],"version-history":[{"count":3,"href":"https:\/\/pos.uel.br\/ppgcfuel\/wp-json\/wp\/v2\/pages\/145\/revisions"}],"predecessor-version":[{"id":372,"href":"https:\/\/pos.uel.br\/ppgcfuel\/wp-json\/wp\/v2\/pages\/145\/revisions\/372"}],"wp:attachment":[{"href":"https:\/\/pos.uel.br\/ppgcfuel\/wp-json\/wp\/v2\/media?parent=145"}],"curies":[{"name":"wp","href":"https:\/\/api.w.org\/{rel}","templated":true}]}}