{"id":122,"date":"2021-09-09T16:57:19","date_gmt":"2021-09-09T19:57:19","guid":{"rendered":"https:\/\/pos.uel.br\/ppgcfuel\/?page_id=122"},"modified":"2021-09-09T17:11:33","modified_gmt":"2021-09-09T20:11:33","slug":"localizacao","status":"publish","type":"page","link":"https:\/\/pos.uel.br\/ppgcfuel\/localizacao\/","title":{"rendered":"Localiza\u00e7\u00e3o"},"content":{"rendered":"\n<p><\/p>\n\n\n\n<p class=\"has-primary-text-color has-text-color has-medium-font-size\">O Programa de P\u00f3s-Gradua\u00e7\u00e3o em Ci\u00eancias Farmac\u00eauticas est\u00e1 localizado no Centro de Pesquisa e P\u00f3s-Gradua\u00e7\u00e3o (CEPPOS) no Centro de Ci\u00eancias da Sa\u00fade (CCS), \u00f3rg\u00e3o anexo ao Hospital Universit\u00e1rio.<\/p>\n\n\n\n<p class=\"has-primary-text-color has-text-color has-medium-font-size\">Programa de P\u00f3s-Gradua\u00e7\u00e3o em Ci\u00eancias Farmac\u00eauticas<\/p>\n\n\n\n<p class=\"has-primary-text-color has-text-color has-medium-font-size\">Centro de Pesquisa e P\u00f3s-Gradua\u00e7\u00e3o<\/p>\n\n\n\n<p class=\"has-primary-text-color has-text-color has-medium-font-size\">Av: Robert Koch, 60, Vila Oper\u00e1ria<\/p>\n\n\n\n<p class=\"has-primary-text-color has-text-color has-medium-font-size\">CEP 86039-440, Londrina &#8211; PR<\/p>\n\n\n\n<p><\/p>\n\n\n\n<p><strong>Mapa de Localiza\u00e7\u00e3o<\/strong> <strong>do Hospital Universit\u00e1rio <\/strong><a href=\"http:\/\/www.uel.br\/pos\/ppgcfuel\/pages\/arquivos\/Documentos\/2018%2002%2027%20CEPPOS.JPG\" data-type=\"URL\" data-id=\"http:\/\/www.uel.br\/pos\/ppgcfuel\/pages\/arquivos\/Documentos\/2018%2002%2027%20CEPPOS.JPG\">http:\/\/www.uel.br\/pos\/ppgcfuel\/pages\/arquivos\/Documentos\/2018%2002%2027%20CEPPOS.JPG<\/a><\/p>\n\n\n\n<p><strong>Mapa de Localiza\u00e7\u00e3o do CEPPOS-HU<\/strong><\/p>\n\n\n\n<p> <a rel=\"noreferrer noopener\" href=\"http:\/\/www.uel.br\/pos\/ppgcfuel\/pages\/arquivos\/Documentos\/2018%2002%2027%20CEPPOS.JPG\" data-type=\"URL\" data-id=\"http:\/\/www.uel.br\/pos\/ppgcfuel\/pages\/arquivos\/Documentos\/2018%2002%2027%20CEPPOS.JPG\" target=\"_blank\">http:\/\/www.uel.br\/pos\/ppgcfuel\/pages\/arquivos\/Documentos\/2018%2002%2027%20CEPPOS.JPG<\/a><\/p>\n","protected":false},"excerpt":{"rendered":"<p>O Programa de P\u00f3s-Gradua\u00e7\u00e3o em Ci\u00eancias Farmac\u00eauticas est\u00e1 localizado no Centro de Pesquisa e P\u00f3s-Gradua\u00e7\u00e3o (CEPPOS) no Centro de Ci\u00eancias da Sa\u00fade (CCS), \u00f3rg\u00e3o anexo ao Hospital Universit\u00e1rio. Programa de P\u00f3s-Gradua\u00e7\u00e3o em Ci\u00eancias Farmac\u00eauticas Centro de Pesquisa e P\u00f3s-Gradua\u00e7\u00e3o Av: Robert Koch, 60, Vila Oper\u00e1ria CEP 86039-440, Londrina &#8211; PR Mapa de Localiza\u00e7\u00e3o do Hospital [&hellip;]<\/p>\n","protected":false},"author":10,"featured_media":0,"parent":0,"menu_order":0,"comment_status":"closed","ping_status":"closed","template":"","meta":{"footnotes":""},"class_list":["post-122","page","type-page","status-publish","hentry"],"_links":{"self":[{"href":"https:\/\/pos.uel.br\/ppgcfuel\/wp-json\/wp\/v2\/pages\/122","targetHints":{"allow":["GET"]}}],"collection":[{"href":"https:\/\/pos.uel.br\/ppgcfuel\/wp-json\/wp\/v2\/pages"}],"about":[{"href":"https:\/\/pos.uel.br\/ppgcfuel\/wp-json\/wp\/v2\/types\/page"}],"author":[{"embeddable":true,"href":"https:\/\/pos.uel.br\/ppgcfuel\/wp-json\/wp\/v2\/users\/10"}],"replies":[{"embeddable":true,"href":"https:\/\/pos.uel.br\/ppgcfuel\/wp-json\/wp\/v2\/comments?post=122"}],"version-history":[{"count":5,"href":"https:\/\/pos.uel.br\/ppgcfuel\/wp-json\/wp\/v2\/pages\/122\/revisions"}],"predecessor-version":[{"id":135,"href":"https:\/\/pos.uel.br\/ppgcfuel\/wp-json\/wp\/v2\/pages\/122\/revisions\/135"}],"wp:attachment":[{"href":"https:\/\/pos.uel.br\/ppgcfuel\/wp-json\/wp\/v2\/media?parent=122"}],"curies":[{"name":"wp","href":"https:\/\/api.w.org\/{rel}","templated":true}]}}