{"id":12,"date":"2021-04-26T21:51:34","date_gmt":"2021-04-27T00:51:34","guid":{"rendered":"https:\/\/pos.uel.br\/ppgcfuel\/?page_id=12"},"modified":"2021-09-10T09:12:02","modified_gmt":"2021-09-10T12:12:02","slug":"estrutura-curricular","status":"publish","type":"page","link":"https:\/\/pos.uel.br\/ppgcfuel\/estrutura-curricular\/","title":{"rendered":"Estrutura curricular"},"content":{"rendered":"\n<p class=\"has-medium-font-size\">O curr\u00edculo ser\u00e1 composto por um conjunto de disciplinas caracterizadas pelo c\u00f3digo, denomina\u00e7\u00e3o, carga hor\u00e1ria, n\u00famero de cr\u00e9ditos, ementa, bibliografia e docente respons\u00e1vel.<\/p>\n\n\n\n<p class=\"has-medium-font-size\">Cada disciplina ter\u00e1 uma carga hor\u00e1ria expressa em cr\u00e9ditos, sendo que cada cr\u00e9dito corresponde a 15 (quinze) horas-aula.<\/p>\n\n\n\n<p class=\"has-medium-font-size\">As disciplinas ser\u00e3o agrupadas em obrigat\u00f3rias e optativas de acordo com os respectivos conte\u00fados program\u00e1ticos.<\/p>\n\n\n\n<p class=\"has-medium-font-size\">Al\u00e9m das disciplinas, a estrutura curricular dever\u00e1 prever a elabora\u00e7\u00e3o de Disserta\u00e7\u00e3o, que ser\u00e1 submetida \u00e0 aprova\u00e7\u00e3o de uma Banca Examinadora.<\/p>\n\n\n\n<p class=\"has-medium-font-size\">Os cr\u00e9ditos ser\u00e3o distribu\u00eddos:<\/p>\n\n\n\n<p class=\"has-medium-font-size\">a) 16 (dezesseis) cr\u00e9ditos em disciplinas obrigat\u00f3rias;<\/p>\n\n\n\n<p class=\"has-medium-font-size\">b) 08 (oito) cr\u00e9ditos em disciplinas optativas;<\/p>\n\n\n\n<p class=\"has-medium-font-size\">c) 50 (cinquenta) cr\u00e9ditos em Disserta\u00e7\u00e3o.<\/p>\n\n\n\n<p class=\"has-medium-font-size\">Cr\u00e9ditos em disciplinas cursadas em n\u00edvel de P\u00f3s-Gradua\u00e7\u00e3o em outras institui\u00e7\u00f5es que possuam Programas recomendados pela CAPES poder\u00e3o ser aceitos com os cr\u00e9ditos correspondentes at\u00e9 o limite m\u00e1ximo de 1\/3 (um ter\u00e7o) do n\u00famero m\u00ednimo de cr\u00e9ditos exigidos no Mestrado.<\/p>\n","protected":false},"excerpt":{"rendered":"<p>O curr\u00edculo ser\u00e1 composto por um conjunto de disciplinas caracterizadas pelo c\u00f3digo, denomina\u00e7\u00e3o, carga hor\u00e1ria, n\u00famero de cr\u00e9ditos, ementa, bibliografia e docente respons\u00e1vel. Cada disciplina ter\u00e1 uma carga hor\u00e1ria expressa em cr\u00e9ditos, sendo que cada cr\u00e9dito corresponde a 15 (quinze) horas-aula. As disciplinas ser\u00e3o agrupadas em obrigat\u00f3rias e optativas de acordo com os respectivos conte\u00fados [&hellip;]<\/p>\n","protected":false},"author":7,"featured_media":0,"parent":0,"menu_order":0,"comment_status":"closed","ping_status":"closed","template":"","meta":{"footnotes":""},"class_list":["post-12","page","type-page","status-publish","hentry"],"_links":{"self":[{"href":"https:\/\/pos.uel.br\/ppgcfuel\/wp-json\/wp\/v2\/pages\/12","targetHints":{"allow":["GET"]}}],"collection":[{"href":"https:\/\/pos.uel.br\/ppgcfuel\/wp-json\/wp\/v2\/pages"}],"about":[{"href":"https:\/\/pos.uel.br\/ppgcfuel\/wp-json\/wp\/v2\/types\/page"}],"author":[{"embeddable":true,"href":"https:\/\/pos.uel.br\/ppgcfuel\/wp-json\/wp\/v2\/users\/7"}],"replies":[{"embeddable":true,"href":"https:\/\/pos.uel.br\/ppgcfuel\/wp-json\/wp\/v2\/comments?post=12"}],"version-history":[{"count":4,"href":"https:\/\/pos.uel.br\/ppgcfuel\/wp-json\/wp\/v2\/pages\/12\/revisions"}],"predecessor-version":[{"id":143,"href":"https:\/\/pos.uel.br\/ppgcfuel\/wp-json\/wp\/v2\/pages\/12\/revisions\/143"}],"wp:attachment":[{"href":"https:\/\/pos.uel.br\/ppgcfuel\/wp-json\/wp\/v2\/media?parent=12"}],"curies":[{"name":"wp","href":"https:\/\/api.w.org\/{rel}","templated":true}]}}