{"id":114,"date":"2021-09-09T16:41:08","date_gmt":"2021-09-09T19:41:08","guid":{"rendered":"https:\/\/pos.uel.br\/ppgcfuel\/?page_id=114"},"modified":"2021-09-09T16:42:51","modified_gmt":"2021-09-09T19:42:51","slug":"credenciamento-de-docentes","status":"publish","type":"page","link":"https:\/\/pos.uel.br\/ppgcfuel\/credenciamento-de-docentes\/","title":{"rendered":"Credenciamento de Docentes"},"content":{"rendered":"\n<p>O credenciamento de novos docentes no Programa ser\u00e1 solicitado \u00e0 Comiss\u00e3o Coordenadora do Programa.<\/p>\n\n\n\n<p>O proponente deve apresentar \u00e0 Comiss\u00e3o Coordenadora do Programa:<\/p>\n\n\n\n<p>I. Comprovante do t\u00edtulo de Doutor ou equivalente;<\/p>\n\n\n\n<p>II. Carta manifestando seu interesse de credenciamento no Programa;<\/p>\n\n\n\n<p>III. Publicar no m\u00ednimo 3 (tr\u00eas) artigos no tri\u00eanio em peri\u00f3dicos indexados no m\u00ednimo, no QUALIS B1\/B2 da CAPES para a \u00e1rea de Farm\u00e1cia, sendo que o registro de uma patente pode substituir um artigo;<\/p>\n\n\n\n<p>IV. Apresentar proposta de disciplina a ser ministrada no Programa;<\/p>\n\n\n\n<p>V. Ter linha de pesquisa definida e compat\u00edvel com a \u00e1rea de concentra\u00e7\u00e3o do Programa;<\/p>\n\n\n\n<p>VI. Ter orientado ou estar orientando alunos de inicia\u00e7\u00e3o cient\u00edfica, aperfei\u00e7oamento ou trabalho de conclus\u00e3o de curso;<\/p>\n\n\n\n<p>VII. Demonstrar que possui capacidade de prover condi\u00e7\u00f5es materiais e financeiras para o desenvolvimento de projeto de pesquisa do aluno.<\/p>\n\n\n\n<p>Obs. O docente poder\u00e1 estar credenciado em apenas mais um Programa de P\u00f3s-Gradua\u00e7\u00e3o, totalizando o credenciamento em apenas 2 (dois) Programas.<\/p>\n","protected":false},"excerpt":{"rendered":"<p>O credenciamento de novos docentes no Programa ser\u00e1 solicitado \u00e0 Comiss\u00e3o Coordenadora do Programa. O proponente deve apresentar \u00e0 Comiss\u00e3o Coordenadora do Programa: I. Comprovante do t\u00edtulo de Doutor ou equivalente; II. Carta manifestando seu interesse de credenciamento no Programa; III. Publicar no m\u00ednimo 3 (tr\u00eas) artigos no tri\u00eanio em peri\u00f3dicos indexados no m\u00ednimo, no [&hellip;]<\/p>\n","protected":false},"author":10,"featured_media":0,"parent":0,"menu_order":0,"comment_status":"closed","ping_status":"closed","template":"","meta":{"footnotes":""},"class_list":["post-114","page","type-page","status-publish","hentry"],"_links":{"self":[{"href":"https:\/\/pos.uel.br\/ppgcfuel\/wp-json\/wp\/v2\/pages\/114","targetHints":{"allow":["GET"]}}],"collection":[{"href":"https:\/\/pos.uel.br\/ppgcfuel\/wp-json\/wp\/v2\/pages"}],"about":[{"href":"https:\/\/pos.uel.br\/ppgcfuel\/wp-json\/wp\/v2\/types\/page"}],"author":[{"embeddable":true,"href":"https:\/\/pos.uel.br\/ppgcfuel\/wp-json\/wp\/v2\/users\/10"}],"replies":[{"embeddable":true,"href":"https:\/\/pos.uel.br\/ppgcfuel\/wp-json\/wp\/v2\/comments?post=114"}],"version-history":[{"count":2,"href":"https:\/\/pos.uel.br\/ppgcfuel\/wp-json\/wp\/v2\/pages\/114\/revisions"}],"predecessor-version":[{"id":119,"href":"https:\/\/pos.uel.br\/ppgcfuel\/wp-json\/wp\/v2\/pages\/114\/revisions\/119"}],"wp:attachment":[{"href":"https:\/\/pos.uel.br\/ppgcfuel\/wp-json\/wp\/v2\/media?parent=114"}],"curies":[{"name":"wp","href":"https:\/\/api.w.org\/{rel}","templated":true}]}}