{"id":862,"date":"2023-06-29T20:59:15","date_gmt":"2023-06-29T23:59:15","guid":{"rendered":"https:\/\/pos.uel.br\/ppga\/?page_id=862"},"modified":"2025-02-21T15:48:01","modified_gmt":"2025-02-21T18:48:01","slug":"pos-doutorado-2","status":"publish","type":"page","link":"https:\/\/pos.uel.br\/ppga\/pos-doutorado-2\/","title":{"rendered":"P\u00f3s-Doutorado"},"content":{"rendered":"\n<div class=\"wp-block-uel-card\">\n<h3 class=\"wp-block-heading\">Apresenta\u00e7\u00e3o<\/h3>\n\n\n\n<p>Na UEL e no PPGA, o P\u00f3s-Doutorado \u00e9 um conjunto de atividades de estudo e pesquisa e\/ou inova\u00e7\u00e3o tecnol\u00f3gica desenvolvido por doutoras\/doutores n\u00e3o pertencentes ao Quadro de Pessoal Efetivo da UEL. Ele \u00e9 conduzido sob a supervis\u00e3o de um\/a docente com t\u00edtulo de Doutor pertencente ao <a href=\"https:\/\/pos.uel.br\/ppga\/corpo-docente\/\"><strong>Corpo Docente do PPGA<\/strong><\/a>, e pode ocorrer de duas formas:<\/p>\n\n\n\n<ul class=\"wp-block-list\">\n<li><strong>Com bolsa<\/strong>, concorrendo \u00e0 edital espec\u00edfico conforme disponibilidade de bolsas.<\/li>\n\n\n\n<li><strong>Sem bolsa<\/strong>, em sistema de fluxo cont\u00ednuo, conforme normas e condi\u00e7\u00f5es estabelecidas pela <strong><a href=\"https:\/\/sites.uel.br\/proppg\/wp-content\/uploads\/2023\/11\/Resolucao-CEPE-no-053-2019-Pos-doutoral.pdf\">Resolu\u00e7\u00e3o UEL &#8211; CEPE 053\/2019<\/a><\/strong>.<\/li>\n<\/ul>\n<\/div>\n\n\n\n<div class=\"wp-block-uel-card\">\n<h3 class=\"wp-block-heading\"><a href=\"https:\/\/pos.uel.br\/ppga\/ingresso-pos-doutorado\/\">Ingresso<\/a><\/h3>\n<\/div>\n\n\n\n<div class=\"wp-block-uel-card\">\n<h3 class=\"wp-block-heading\"><a href=\"https:\/\/pos.uel.br\/ppga\/documentacao-necessaria\/\">Documenta\u00e7\u00e3o Necess\u00e1ria<\/a><\/h3>\n<\/div>\n\n\n\n<div class=\"wp-block-uel-card\">\n<h3 class=\"wp-block-heading\">Est\u00e1gio p\u00f3s-doutoral em andamento<\/h3>\n\n\n\n<ul class=\"wp-block-list\">\n<li>P\u00f3s-doutoranda: <strong>Dra. Vania Cristina Pastri Gutierrez<\/strong><\/li>\n\n\n\n<li>Lattes: <a href=\"http:\/\/lattes.cnpq.br\/0872618283695432\">http:\/\/lattes.cnpq.br\/0872618283695432<\/a><\/li>\n\n\n\n<li>ORCID: <a href=\"https:\/\/orcid.org\/0000-0003-1782-6370\">https:\/\/orcid.org\/0000-0003-1782-6370<\/a><\/li>\n\n\n\n<li>Supervisor: <strong>Dr. Eduardo Augusto do Ros\u00e1rio Contani<\/strong><\/li>\n\n\n\n<li>Projeto de Pesquisa Vinculado: Governan\u00e7a e cria\u00e7\u00e3o de valor: formas de operacionaliza\u00e7\u00e3o em contextos de inova\u00e7\u00e3o tecnol\u00f3gica<\/li>\n<\/ul>\n<\/div>\n","protected":false},"excerpt":{"rendered":"","protected":false},"author":8,"featured_media":0,"parent":0,"menu_order":0,"comment_status":"closed","ping_status":"closed","template":"","meta":{"footnotes":""},"class_list":["post-862","page","type-page","status-publish","hentry"],"acf":[],"_links":{"self":[{"href":"https:\/\/pos.uel.br\/ppga\/wp-json\/wp\/v2\/pages\/862","targetHints":{"allow":["GET"]}}],"collection":[{"href":"https:\/\/pos.uel.br\/ppga\/wp-json\/wp\/v2\/pages"}],"about":[{"href":"https:\/\/pos.uel.br\/ppga\/wp-json\/wp\/v2\/types\/page"}],"author":[{"embeddable":true,"href":"https:\/\/pos.uel.br\/ppga\/wp-json\/wp\/v2\/users\/8"}],"replies":[{"embeddable":true,"href":"https:\/\/pos.uel.br\/ppga\/wp-json\/wp\/v2\/comments?post=862"}],"version-history":[{"count":9,"href":"https:\/\/pos.uel.br\/ppga\/wp-json\/wp\/v2\/pages\/862\/revisions"}],"predecessor-version":[{"id":1890,"href":"https:\/\/pos.uel.br\/ppga\/wp-json\/wp\/v2\/pages\/862\/revisions\/1890"}],"wp:attachment":[{"href":"https:\/\/pos.uel.br\/ppga\/wp-json\/wp\/v2\/media?parent=862"}],"curies":[{"name":"wp","href":"https:\/\/api.w.org\/{rel}","templated":true}]}}