{"id":695,"date":"2022-09-07T21:33:09","date_gmt":"2022-09-08T00:33:09","guid":{"rendered":"https:\/\/pos.uel.br\/ppga\/?page_id=695"},"modified":"2025-02-25T17:18:59","modified_gmt":"2025-02-25T20:18:59","slug":"processo-seletivo-para-alunos-regulares-turma-2023","status":"publish","type":"page","link":"https:\/\/pos.uel.br\/ppga\/processo-seletivo-para-alunos-regulares-turma-2023\/","title":{"rendered":"Processo Seletivo &#8211; Turma 2023"},"content":{"rendered":"\n<div class=\"wp-block-uel-card\">\n<h4 class=\"wp-block-heading\">Processo Seletivo do Mestrado para Alunos Regulares, Turma 2023, <strong>encerrado<\/strong>.<\/h4>\n\n\n\n<p>Clique no Edital de Abertura para informa\u00e7\u00f5es completas sobre o Processo Seletivo e verifique tabela abaixo (PROCEDIMENTOS) sobre os editais das etapas do processo.<\/p>\n<\/div>\n\n\n\n<h4 class=\"wp-block-heading is-style-default has-primary-accent-color has-site-background-background-color has-text-color has-background\"><a href=\"https:\/\/pos.uel.br\/ppga\/wp-content\/uploads\/2022\/12\/Retificac\u0327a\u0303o-032022-Edital-PPGA-UEL-Processo-Seletivo-Regulares_Sala.pdf\" data-type=\"URL\" data-id=\"https:\/\/pos.uel.br\/ppga\/wp-content\/uploads\/2022\/12\/Retificac\u0327a\u0303o-032022-Edital-PPGA-UEL-Processo-Seletivo-Regulares_Sala.pdf\" target=\"_blank\" rel=\"noreferrer noopener\">Aten\u00e7\u00e3o: altera\u00e7\u00e3o de SALA das argui\u00e7\u00f5es (clique aqui e saiba mais)<\/a><\/h4>\n\n\n\n<h4 class=\"wp-block-heading is-style-default has-primary-accent-color has-site-background-background-color has-text-color has-background\"><a href=\"https:\/\/pos.uel.br\/ppga\/wp-content\/uploads\/2022\/12\/Retificac\u0327a\u0303o-022022-Edital-PPGA-UEL-Processo-Seletivo-Regulares.pdf\" data-type=\"URL\" data-id=\"https:\/\/pos.uel.br\/ppga\/wp-content\/uploads\/2022\/12\/Retificac\u0327a\u0303o-022022-Edital-PPGA-UEL-Processo-Seletivo-Regulares.pdf\" target=\"_blank\" rel=\"noreferrer noopener\">Aten\u00e7\u00e3o: Edital de Retifica\u00e7\u00e3o (altera\u00e7\u00e3o da Banca de Avalia\u00e7\u00e3o das Argui\u00e7\u00f5es &#8211; Linha de Pesquisa OPS<\/a><\/h4>\n\n\n\n<h4 class=\"wp-block-heading has-primary-accent-color has-site-background-background-color has-text-color has-background\"><a href=\"https:\/\/pos.uel.br\/ppga\/wp-content\/uploads\/2022\/09\/Edital-012-2022-PPGA-UEL-Selec\u0327a\u0303o-Alunos-Regulares.pdf\" data-type=\"URL\" data-id=\"https:\/\/pos.uel.br\/ppga\/wp-content\/uploads\/2022\/09\/Edital-012-2022-PPGA-UEL-Selec\u0327a\u0303o-Alunos-Regulares.pdf\" target=\"_blank\" rel=\"noreferrer noopener\">Edital de Abertura<\/a><\/h4>\n\n\n\n<h4 class=\"wp-block-heading has-primary-accent-color has-site-background-background-color has-text-color has-background\"><a rel=\"noreferrer noopener\" href=\"http:\/\/www.uel.br\/eventos\/insc\/?id=7665\" target=\"_blank\">Requerimento de Pedido de Isen\u00e7\u00e3o de Taxa de Inscri\u00e7\u00e3o &#8211; Cad\u00danico<\/a><\/h4>\n\n\n\n<h4 class=\"wp-block-heading has-primary-accent-color has-site-background-background-color has-text-color has-background\"><a href=\"https:\/\/pos.uel.br\/ppga\/linhas-de-pesquisa\/\" data-type=\"URL\" data-id=\"https:\/\/pos.uel.br\/ppga\/linhas-de-pesquisa\/\" target=\"_blank\" rel=\"noreferrer noopener\">Linhas de Pesquisa<\/a><\/h4>\n\n\n\n<h4 class=\"wp-block-heading has-primary-accent-color has-site-background-background-color has-text-color has-background\"><a href=\"https:\/\/pos.uel.br\/ppga\/corpo-docente\/\" data-type=\"URL\" data-id=\"https:\/\/pos.uel.br\/ppga\/corpo-docente\/\" target=\"_blank\" rel=\"noreferrer noopener\">Corpo Docente<\/a><\/h4>\n\n\n\n<p><\/p>\n\n\n\n<figure class=\"wp-block-table is-style-stripes\"><table><thead><tr><th><strong><mark class=\"has-inline-color has-primary-accent-color\">PROCEDIMENTOS<\/mark><\/strong><\/th><th><mark class=\"has-inline-color has-primary-accent-color\">DATAS IMPORTANTES<\/mark><\/th><th><mark class=\"has-inline-color has-primary-accent-color\">ARQUIVO<\/mark><\/th><\/tr><\/thead><tbody><tr><td>Per\u00edodo para Requerimento de Isen\u00e7\u00e3o da Taxa de Inscri\u00e7\u00e3o (todas as modalidades)<\/td><td>de 06\/09\/2022 a 09\/09\/2022<\/td><td><\/td><\/tr><tr><td><a href=\"https:\/\/pos.uel.br\/ppga\/wp-content\/uploads\/2022\/09\/0142022-Edital-PPGA-UEL-Processo-Seletivo-Regulares-ISENC\u0327A\u0303O-INSCRIC\u0327A\u0303O.pdf\" data-type=\"URL\" data-id=\"https:\/\/pos.uel.br\/ppga\/wp-content\/uploads\/2022\/09\/0142022-Edital-PPGA-UEL-Processo-Seletivo-Regulares-ISENC\u0327A\u0303O-INSCRIC\u0327A\u0303O.pdf\" target=\"_blank\" rel=\"noreferrer noopener\"><strong>Edital com Resultado dos Requerimentos de Isen\u00e7\u00e3o da Taxa de Inscri\u00e7\u00e3o<\/strong><\/a><\/td><td>13\/09\/2022<\/td><td><strong><a href=\"https:\/\/pos.uel.br\/ppga\/wp-content\/uploads\/2022\/09\/0142022-Edital-PPGA-UEL-Processo-Seletivo-Regulares-ISENC\u0327A\u0303O-INSCRIC\u0327A\u0303O.pdf\" data-type=\"URL\" data-id=\"https:\/\/pos.uel.br\/ppga\/wp-content\/uploads\/2022\/09\/0142022-Edital-PPGA-UEL-Processo-Seletivo-Regulares-ISENC\u0327A\u0303O-INSCRIC\u0327A\u0303O.pdf\" target=\"_blank\" rel=\"noreferrer noopener\">PDF<\/a><\/strong><\/td><\/tr><tr><td>Interposi\u00e7\u00e3o de Recurso ao Resultado dos Requerimentos de Isen\u00e7\u00e3o da Taxa de Inscri\u00e7\u00e3o<\/td><td>14\/09\/2022<\/td><td><\/td><\/tr><tr><td>Edital com Resposta aos Recursos Interpostos ao Resultado dos Requerimentos de Isen\u00e7\u00e3o da Taxa de Inscri\u00e7\u00e3o<\/td><td>16\/09\/2022<\/td><td><\/td><\/tr><tr><td><strong>Per\u00edodo de Inscri\u00e7\u00e3o<\/strong><\/td><td><strong>de 20\/09\/2022 a 11\/11\/2022<\/strong><\/td><td><\/td><\/tr><tr><td><strong>Per\u00edodo de envio de documentos para homologa\u00e7\u00e3o da inscri\u00e7\u00e3o<\/strong><\/td><td><strong>de 20\/09\/2022 a 11\/11\/2022<\/strong><\/td><td><\/td><\/tr><tr><td>Per\u00edodo de an\u00e1lise das comiss\u00f5es de cotas<\/td><td>de 16\/11\/2022 a 23\/11\/2022<\/td><td><\/td><\/tr><tr><td><a rel=\"noreferrer noopener\" href=\"https:\/\/pos.uel.br\/ppga\/wp-content\/uploads\/2022\/11\/0172022-Edital-PPGA-UEL-Processo-Seletivo-Regulares-RESULTADO-COTAS.docx.pdf\" data-type=\"URL\" data-id=\"https:\/\/pos.uel.br\/ppga\/wp-content\/uploads\/2022\/11\/0172022-Edital-PPGA-UEL-Processo-Seletivo-Regulares-RESULTADO-COTAS.docx.pdf\" target=\"_blank\"><strong>Resultado da An\u00e1lise das Comiss\u00f5es de Cotas (negros, ind\u00edgenas e deficientes)<\/strong><\/a><\/td><td>25\/11\/2022<\/td><td><a href=\"https:\/\/pos.uel.br\/ppga\/wp-content\/uploads\/2022\/11\/0172022-Edital-PPGA-UEL-Processo-Seletivo-Regulares-RESULTADO-COTAS.docx.pdf\" data-type=\"URL\" data-id=\"https:\/\/pos.uel.br\/ppga\/wp-content\/uploads\/2022\/11\/0172022-Edital-PPGA-UEL-Processo-Seletivo-Regulares-RESULTADO-COTAS.docx.pdf\" target=\"_blank\" rel=\"noreferrer noopener\"><strong>PDF<\/strong><\/a><\/td><\/tr><tr><td>Interposi\u00e7\u00e3o de Recursos ao Resultado da An\u00e1lise das Comiss\u00f5es de Cotas<\/td><td>28\/11\/2022<\/td><td><\/td><\/tr><tr><td>Devolutiva da An\u00e1lise dos Recursos Interpostos ao Resultado das Comiss\u00f5es de Cotas<\/td><td>30\/11\/2022<\/td><td><\/td><\/tr><tr><td>Per\u00edodo de Sele\u00e7\u00e3o para o Mestrado<\/td><td>de 16\/11\/2022 a 20\/12\/2022<\/td><td><\/td><\/tr><tr><td>Etapa I: Confer\u00eancia dos Documentos (eliminat\u00f3ria)<\/td><td>de 16\/11\/2022 a 21\/11\/2022<\/td><td><\/td><\/tr><tr><td><a rel=\"noreferrer noopener\" href=\"https:\/\/pos.uel.br\/ppga\/wp-content\/uploads\/2022\/11\/0162022-Edital-PPGA-UEL-Processo-Seletivo-Regulares-CONFERE\u0302NCIA-DE-DOCUMENTOS.pdf\" data-type=\"URL\" data-id=\"https:\/\/pos.uel.br\/ppga\/wp-content\/uploads\/2022\/11\/0162022-Edital-PPGA-UEL-Processo-Seletivo-Regulares-CONFERE\u0302NCIA-DE-DOCUMENTOS.pdf\" target=\"_blank\"><strong>Divulga\u00e7\u00e3o do Resultado da Etapa I (Confer\u00eancia dos Documentos)<\/strong><\/a><\/td><td>01\/12\/2022<\/td><td><strong><a href=\"https:\/\/pos.uel.br\/ppga\/wp-content\/uploads\/2022\/11\/0162022-Edital-PPGA-UEL-Processo-Seletivo-Regulares-CONFERE\u0302NCIA-DE-DOCUMENTOS.pdf\" data-type=\"URL\" data-id=\"https:\/\/pos.uel.br\/ppga\/wp-content\/uploads\/2022\/11\/0162022-Edital-PPGA-UEL-Processo-Seletivo-Regulares-CONFERE\u0302NCIA-DE-DOCUMENTOS.pdf\" target=\"_blank\" rel=\"noreferrer noopener\">PDF<\/a><\/strong><\/td><\/tr><tr><td>Interposi\u00e7\u00e3o de Recurso ao Resultado da Etapa I<\/td><td>de 02\/12\/2022 a 03\/12\/2022<\/td><td><\/td><\/tr><tr><td>An\u00e1lise dos Recursos Interpostos ao Resultado da Etapa I<\/td><td>de 05\/12\/2022 a 06\/12\/2022<\/td><td><\/td><\/tr><tr><td>Edital com Resposta aos Recursos Interpostos ao Resultado da Etapa I<\/td><td>06\/12\/2022<\/td><td><\/td><\/tr><tr><td>Etapa II: Roteiro Descritivo de Projeto de Pesquisa e Texto de Posicionamento (eliminat\u00f3ria)<\/td><td>de 23\/11\/2022 a 29\/11\/2022<\/td><td><\/td><\/tr><tr><td><a rel=\"noreferrer noopener\" href=\"https:\/\/pos.uel.br\/ppga\/wp-content\/uploads\/2022\/12\/0182022-Edital-PPGA-UEL-Processo-Seletivo-Regulares-POSICIONAMENTO-E-PROJETO.pdf\" data-type=\"URL\" data-id=\"https:\/\/pos.uel.br\/ppga\/wp-content\/uploads\/2022\/12\/0182022-Edital-PPGA-UEL-Processo-Seletivo-Regulares-POSICIONAMENTO-E-PROJETO.pdf\" target=\"_blank\"><strong>Divulga\u00e7\u00e3o do Resultado da Etapa II (Rot. Descr. Proj. Pesquisa e Texto de Posicionamento)<\/strong><\/a><\/td><td>01\/12\/2022<\/td><td><a href=\"https:\/\/pos.uel.br\/ppga\/wp-content\/uploads\/2022\/12\/0182022-Edital-PPGA-UEL-Processo-Seletivo-Regulares-POSICIONAMENTO-E-PROJETO.pdf\" data-type=\"URL\" data-id=\"https:\/\/pos.uel.br\/ppga\/wp-content\/uploads\/2022\/12\/0182022-Edital-PPGA-UEL-Processo-Seletivo-Regulares-POSICIONAMENTO-E-PROJETO.pdf\" target=\"_blank\" rel=\"noreferrer noopener\"><strong>PDF<\/strong><\/a><\/td><\/tr><tr><td>Interposi\u00e7\u00e3o de Recurso ao Resultado da Etapa II<\/td><td>de 02\/12\/2022 a 03\/12\/2022<\/td><td><\/td><\/tr><tr><td>An\u00e1lise dos Recursos Interpostos ao Resultado da Etapa II<\/td><td>de 05\/12\/2022 a 06\/12\/2022<\/td><td><\/td><\/tr><tr><td><a href=\"https:\/\/pos.uel.br\/ppga\/wp-content\/uploads\/2022\/12\/0192022-Edital-PPGA-UEL-Processo-Seletivo-Regulares-Resposta-Recursos-Etapa-II.pdf\" data-type=\"URL\" data-id=\"https:\/\/pos.uel.br\/ppga\/wp-content\/uploads\/2022\/12\/0192022-Edital-PPGA-UEL-Processo-Seletivo-Regulares-Resposta-Recursos-Etapa-II.pdf\" target=\"_blank\" rel=\"noreferrer noopener\"><strong>Edital com Resposta aos Recursos Interpostos ao Resultado da Etapa II<\/strong><\/a><\/td><td>06\/12\/2022<\/td><td><a href=\"https:\/\/pos.uel.br\/ppga\/wp-content\/uploads\/2022\/12\/0192022-Edital-PPGA-UEL-Processo-Seletivo-Regulares-Resposta-Recursos-Etapa-II.pdf\" data-type=\"URL\" data-id=\"https:\/\/pos.uel.br\/ppga\/wp-content\/uploads\/2022\/12\/0192022-Edital-PPGA-UEL-Processo-Seletivo-Regulares-Resposta-Recursos-Etapa-II.pdf\" target=\"_blank\" rel=\"noreferrer noopener\"><strong>PDF<\/strong><\/a><\/td><\/tr><tr><td>Etapa III: Argui\u00e7\u00e3o&nbsp;(eliminat\u00f3ria)<\/td><td>de 07\/12\/2022 a 09\/12\/2022<\/td><td><\/td><\/tr><tr><td><a href=\"https:\/\/pos.uel.br\/ppga\/wp-content\/uploads\/2022\/12\/0202022-Edital-PPGA-UEL-Processo-Seletivo-Regulares-Resultado-Etapa-III.pdf\" data-type=\"URL\" data-id=\"https:\/\/pos.uel.br\/ppga\/wp-content\/uploads\/2022\/12\/0202022-Edital-PPGA-UEL-Processo-Seletivo-Regulares-Resultado-Etapa-III.pdf\" target=\"_blank\" rel=\"noreferrer noopener\"><strong>Divulga\u00e7\u00e3o do Resultado da Etapa III (Argui\u00e7\u00e3o)<\/strong><\/a><\/td><td>12\/12\/2022<\/td><td><a href=\"https:\/\/pos.uel.br\/ppga\/wp-content\/uploads\/2022\/12\/0202022-Edital-PPGA-UEL-Processo-Seletivo-Regulares-Resultado-Etapa-III.pdf\" data-type=\"URL\" data-id=\"https:\/\/pos.uel.br\/ppga\/wp-content\/uploads\/2022\/12\/0202022-Edital-PPGA-UEL-Processo-Seletivo-Regulares-Resultado-Etapa-III.pdf\" target=\"_blank\" rel=\"noreferrer noopener\"><strong>PDF<\/strong><\/a><\/td><\/tr><tr><td>Interposi\u00e7\u00e3o de Recurso ao Resultado da Etapa III<\/td><td>de 13\/12\/2022 a 14\/12\/2022<\/td><td><\/td><\/tr><tr><td>An\u00e1lise dos Recursos Interpostos ao Resultado da Etapa III<\/td><td>de 15\/12\/2022 a 16\/12\/2022<\/td><td><\/td><\/tr><tr><td>Edital com Resposta aos Recursos Interpostos ao Resultado da Etapa III<\/td><td>20\/12\/2022<\/td><td><\/td><\/tr><tr><td>Etapa IV: Curr\u00edculo Lattes Documentado (classificat\u00f3ria)<\/td><td>de 16\/11\/2022 a 25\/11\/2022<\/td><td><\/td><\/tr><tr><td><a href=\"https:\/\/pos.uel.br\/ppga\/wp-content\/uploads\/2022\/12\/0212022-Edital-PPGA-UEL-Processo-Seletivo-Regulares-Resultado-Etapa-IV.pdf\" data-type=\"URL\" data-id=\"https:\/\/pos.uel.br\/ppga\/wp-content\/uploads\/2022\/12\/0212022-Edital-PPGA-UEL-Processo-Seletivo-Regulares-Resultado-Etapa-IV.pdf\" target=\"_blank\" rel=\"noreferrer noopener\"><strong>Divulga\u00e7\u00e3o do Resultado da Etapa IV (Curr\u00edculo Lattes Documentado)<\/strong><\/a><\/td><td>12\/12\/2022<\/td><td><a href=\"https:\/\/pos.uel.br\/ppga\/wp-content\/uploads\/2022\/12\/0212022-Edital-PPGA-UEL-Processo-Seletivo-Regulares-Resultado-Etapa-IV.pdf\" data-type=\"URL\" data-id=\"https:\/\/pos.uel.br\/ppga\/wp-content\/uploads\/2022\/12\/0212022-Edital-PPGA-UEL-Processo-Seletivo-Regulares-Resultado-Etapa-IV.pdf\" target=\"_blank\" rel=\"noreferrer noopener\"><strong>PDF<\/strong><\/a><\/td><\/tr><tr><td>Interposi\u00e7\u00e3o de Recurso ao Resultado da Etapa IV<\/td><td>de 13\/12\/2022 a 14\/12\/2022<\/td><td><\/td><\/tr><tr><td>An\u00e1lise dos Recursos Interpostos ao Resultado da Etapa IV<\/td><td>de 15\/12\/2022 a 16\/12\/2022<\/td><td><\/td><\/tr><tr><td>Edital com Resposta aos Recursos Interpostos ao Resultado da Etapa IV<\/td><td>20\/12\/2022<\/td><td><\/td><\/tr><tr><td><a rel=\"noreferrer noopener\" href=\"https:\/\/pos.uel.br\/ppga\/wp-content\/uploads\/2022\/12\/0222022-Edital-PPGA-UEL-Processo-Seletivo-Regulares-Resultado-Final.pdf\" target=\"_blank\"><strong>Divulga\u00e7\u00e3o do Edital de Resultado Final<\/strong><\/a><\/td><td>20\/01\/2023<\/td><td><strong><a rel=\"noreferrer noopener\" href=\"https:\/\/pos.uel.br\/ppga\/wp-content\/uploads\/2022\/12\/0222022-Edital-PPGA-UEL-Processo-Seletivo-Regulares-Resultado-Final.pdf\" target=\"_blank\">PDF<\/a><\/strong><\/td><\/tr><tr><td><strong><a href=\"https:\/\/pos.uel.br\/ppga\/wp-content\/uploads\/2022\/12\/0232022-Edital-PPGA-UEL-Processo-Seletivo-Regulares-Convocac\u0327a\u0303o-Matri\u0301cula.pdf\" data-type=\"URL\" data-id=\"https:\/\/pos.uel.br\/ppga\/wp-content\/uploads\/2022\/12\/0232022-Edital-PPGA-UEL-Processo-Seletivo-Regulares-Convocac\u0327a\u0303o-Matri\u0301cula.pdf\" target=\"_blank\" rel=\"noreferrer noopener\">Edital de Convoca\u00e7\u00e3o para Matr\u00edcula<\/a><\/strong><\/td><td><strong>de 23\/01\/2023 a 25\/01\/2023<\/strong><\/td><td><strong><a href=\"https:\/\/pos.uel.br\/ppga\/wp-content\/uploads\/2022\/12\/0232022-Edital-PPGA-UEL-Processo-Seletivo-Regulares-Convocac\u0327a\u0303o-Matri\u0301cula.pdf\" data-type=\"URL\" data-id=\"https:\/\/pos.uel.br\/ppga\/wp-content\/uploads\/2022\/12\/0232022-Edital-PPGA-UEL-Processo-Seletivo-Regulares-Convocac\u0327a\u0303o-Matri\u0301cula.pdf\" target=\"_blank\" rel=\"noreferrer noopener\">PDF<\/a><\/strong><\/td><\/tr><tr><td>Per\u00edodo de matr\u00edcula<\/td><td>de 23\/01\/2023 a 25\/01\/2023<\/td><td><\/td><\/tr><tr><td>In\u00edcio do semestre letivo<\/td><td>06\/03\/2023<\/td><td><\/td><\/tr><\/tbody><\/table><\/figure>\n","protected":false},"excerpt":{"rendered":"<p>Aten\u00e7\u00e3o: altera\u00e7\u00e3o de SALA das argui\u00e7\u00f5es (clique aqui e saiba mais) Aten\u00e7\u00e3o: Edital de Retifica\u00e7\u00e3o (altera\u00e7\u00e3o da Banca de Avalia\u00e7\u00e3o das Argui\u00e7\u00f5es &#8211; Linha de Pesquisa OPS Edital de Abertura Requerimento de Pedido de Isen\u00e7\u00e3o de Taxa de Inscri\u00e7\u00e3o &#8211; Cad\u00danico Linhas de Pesquisa Corpo Docente PROCEDIMENTOS DATAS IMPORTANTES ARQUIVO Per\u00edodo para Requerimento de Isen\u00e7\u00e3o [&hellip;]<\/p>\n","protected":false},"author":8,"featured_media":0,"parent":0,"menu_order":0,"comment_status":"closed","ping_status":"closed","template":"","meta":{"footnotes":""},"class_list":["post-695","page","type-page","status-publish","hentry"],"acf":[],"_links":{"self":[{"href":"https:\/\/pos.uel.br\/ppga\/wp-json\/wp\/v2\/pages\/695","targetHints":{"allow":["GET"]}}],"collection":[{"href":"https:\/\/pos.uel.br\/ppga\/wp-json\/wp\/v2\/pages"}],"about":[{"href":"https:\/\/pos.uel.br\/ppga\/wp-json\/wp\/v2\/types\/page"}],"author":[{"embeddable":true,"href":"https:\/\/pos.uel.br\/ppga\/wp-json\/wp\/v2\/users\/8"}],"replies":[{"embeddable":true,"href":"https:\/\/pos.uel.br\/ppga\/wp-json\/wp\/v2\/comments?post=695"}],"version-history":[{"count":32,"href":"https:\/\/pos.uel.br\/ppga\/wp-json\/wp\/v2\/pages\/695\/revisions"}],"predecessor-version":[{"id":1955,"href":"https:\/\/pos.uel.br\/ppga\/wp-json\/wp\/v2\/pages\/695\/revisions\/1955"}],"wp:attachment":[{"href":"https:\/\/pos.uel.br\/ppga\/wp-json\/wp\/v2\/media?parent=695"}],"curies":[{"name":"wp","href":"https:\/\/api.w.org\/{rel}","templated":true}]}}