{"id":647,"date":"2022-09-06T15:06:13","date_gmt":"2022-09-06T18:06:13","guid":{"rendered":"https:\/\/pos.uel.br\/ppga\/?page_id=647"},"modified":"2025-02-21T19:07:40","modified_gmt":"2025-02-21T22:07:40","slug":"requerimento-de-defesa-publica-de-dissertacao","status":"publish","type":"page","link":"https:\/\/pos.uel.br\/ppga\/requerimento-de-defesa-publica-de-dissertacao\/","title":{"rendered":"Procedimentos para Pedido de Defesa P\u00fablica de Disserta\u00e7\u00e3o"},"content":{"rendered":"\n<div class=\"wp-block-uel-card\">\n<h4 class=\"wp-block-heading\"><mark class=\"has-inline-color has-primary-accent-color\">Aten\u00e7\u00e3o: o prazo m\u00e1ximo para a realiza\u00e7\u00e3o da Defesa P\u00fablica de Disserta\u00e7\u00e3o \u00e9 de 24 meses, a contar da data da primeira matr\u00edcula como aluno\/a regular do Programa<\/mark><\/h4>\n<\/div>\n\n\n\n<div class=\"wp-block-uel-card\">\n<h3 class=\"wp-block-heading\">Condi\u00e7\u00f5es para pedir a Defesa P\u00fablica de Disserta\u00e7\u00e3o:<\/h3>\n\n\n\n<ul class=\"wp-block-list\">\n<li>Estar regularmente matriculado no PPGA-UEL.<\/li>\n\n\n\n<li>Ter sido aprovado no <strong>Exame de Qualifica\u00e7\u00e3o<\/strong>.<\/li>\n\n\n\n<li>Cumprir atividade especial obrigat\u00f3ria: <strong>assistir 3 bancas <\/strong>de defesa p\u00fablica de disserta\u00e7\u00e3o.<\/li>\n\n\n\n<li>Cumprir atividade especial obrigat\u00f3ria: elabora\u00e7\u00e3o e entrega de 1 <strong>relat\u00f3rio complementar<\/strong> de defesa p\u00fablica de disserta\u00e7\u00e3o.<\/li>\n\n\n\n<li>Cumprir atividade especial obrigat\u00f3ria: dep\u00f3sito, em conjunto com a disserta\u00e7\u00e3o, de <strong>artigo <\/strong>de mesmo tema da disserta\u00e7\u00e3o.<\/li>\n<\/ul>\n<\/div>\n\n\n\n<div class=\"wp-block-uel-card\">\n<h3 class=\"wp-block-heading\">Procedimentos<\/h3>\n\n\n\n<ol class=\"wp-block-list\">\n<li>Preencher o Requerimento de Defesa de Disserta\u00e7\u00e3o: <a href=\"https:\/\/forms.gle\/egZ6pnaCK6XkSWJL8\" data-type=\"link\" data-id=\"https:\/\/forms.gle\/egZ6pnaCK6XkSWJL8\"><strong>Requerimento de Defesa de Disserta\u00e7\u00e3o<\/strong><\/a><\/li>\n\n\n\n<li>Aguardar a avalia\u00e7\u00e3o da Coordena\u00e7\u00e3o (requerimento <strong>deferido <\/strong>ou <strong>indeferido<\/strong>)<\/li>\n\n\n\n<li>Se <strong>indeferido<\/strong>, procurar a Coordena\u00e7\u00e3o.<\/li>\n\n\n\n<li>Se <strong>deferido<\/strong>, aguardar a <strong>homologa\u00e7\u00e3o <\/strong>da banca no Sistema UEL. O pedido \u00e9 feito pela Secretaria do PPGA e o prazo m\u00e9dio de homologa\u00e7\u00e3o da PROPPG \u00e9 de tr\u00eas semanas.<\/li>\n\n\n\n<li>Ap\u00f3s a homologa\u00e7\u00e3o, <strong>enviar email<\/strong> \u00e0s\/aos docentes da banca, \u00e0 Secretaria dos Mestrados e \u00e0 Coordena\u00e7\u00e3o do PPGA, contendo data, hor\u00e1rio, local ou link de realiza\u00e7\u00e3o da banca e os arquivos da disserta\u00e7\u00e3o (uma vers\u00e3o PDF e outra docx): <a href=\"mailto:mestrados@uel.br\"><strong>mestrados@uel.br<\/strong><\/a> e <a href=\"mailto:ppga@uel.br\"><strong>ppga@uel.br<\/strong><\/a><\/li>\n<\/ol>\n<\/div>\n\n\n\n<div class=\"wp-block-uel-card\">\n<h3 class=\"wp-block-heading\">Observa\u00e7\u00f5es:<\/h3>\n\n\n\n<ul class=\"wp-block-list\">\n<li>A defesa dever\u00e1 <strong>ocorrer entre 30 dias e 45 dias<\/strong> ap\u00f3s o dep\u00f3sito da disserta\u00e7\u00e3o.<\/li>\n\n\n\n<li><strong>A defesa ser\u00e1 p\u00fablica<\/strong>.<\/li>\n\n\n\n<li>O resultado da defesa poder\u00e1 ser <strong>Aprovado<\/strong> ou <strong>Reprovado<\/strong>.<\/li>\n\n\n\n<li>No caso de <strong>aprova\u00e7\u00e3o<\/strong>, a banca poder\u00e1 sugerir reformula\u00e7\u00f5es, que dever\u00e3o ser acompanhadas pelo(a)\u00a0orientador(a) e entregues no prazo m\u00e1ximo de 30 dias \u00e0 Coordena\u00e7\u00e3o do PPGA-UEL.<\/li>\n\n\n\n<li>Ap\u00f3s a realiza\u00e7\u00e3o da banca de defesa, o(a) orientador(a) dever\u00e1 entregar \u00e0 Secretaria do Programa a ata\u00a0preenchida e assinada por todos os membros da Banca Examinadora, bem como demais documentos\u00a0obrigat\u00f3rios. Somente com esta documenta\u00e7\u00e3o o processo ser\u00e1 conclu\u00eddo no Sistema UEL.<\/li>\n<\/ul>\n<\/div>\n","protected":false},"excerpt":{"rendered":"","protected":false},"author":8,"featured_media":0,"parent":0,"menu_order":0,"comment_status":"closed","ping_status":"closed","template":"","meta":{"footnotes":""},"class_list":["post-647","page","type-page","status-publish","hentry"],"acf":[],"_links":{"self":[{"href":"https:\/\/pos.uel.br\/ppga\/wp-json\/wp\/v2\/pages\/647","targetHints":{"allow":["GET"]}}],"collection":[{"href":"https:\/\/pos.uel.br\/ppga\/wp-json\/wp\/v2\/pages"}],"about":[{"href":"https:\/\/pos.uel.br\/ppga\/wp-json\/wp\/v2\/types\/page"}],"author":[{"embeddable":true,"href":"https:\/\/pos.uel.br\/ppga\/wp-json\/wp\/v2\/users\/8"}],"replies":[{"embeddable":true,"href":"https:\/\/pos.uel.br\/ppga\/wp-json\/wp\/v2\/comments?post=647"}],"version-history":[{"count":4,"href":"https:\/\/pos.uel.br\/ppga\/wp-json\/wp\/v2\/pages\/647\/revisions"}],"predecessor-version":[{"id":1927,"href":"https:\/\/pos.uel.br\/ppga\/wp-json\/wp\/v2\/pages\/647\/revisions\/1927"}],"wp:attachment":[{"href":"https:\/\/pos.uel.br\/ppga\/wp-json\/wp\/v2\/media?parent=647"}],"curies":[{"name":"wp","href":"https:\/\/api.w.org\/{rel}","templated":true}]}}