{"id":642,"date":"2022-09-06T15:01:30","date_gmt":"2022-09-06T18:01:30","guid":{"rendered":"https:\/\/pos.uel.br\/ppga\/?page_id=642"},"modified":"2025-02-21T19:07:48","modified_gmt":"2025-02-21T22:07:48","slug":"requerimento-de-exame-de-qualificacao","status":"publish","type":"page","link":"https:\/\/pos.uel.br\/ppga\/requerimento-de-exame-de-qualificacao\/","title":{"rendered":"Procedimentos para Pedido de Exame de Qualifica\u00e7\u00e3o"},"content":{"rendered":"\n<div class=\"wp-block-uel-card\">\n<h4 class=\"wp-block-heading\"><mark class=\"has-inline-color has-primary-accent-color\">Aten\u00e7\u00e3o: o exame de qualifica\u00e7\u00e3o dever\u00e1 ocorrer em at\u00e9 20 meses a contar da data do ingresso no PPGA-UEL<\/mark><\/h4>\n<\/div>\n\n\n\n<div class=\"wp-block-uel-card\">\n<h3 class=\"wp-block-heading\">Condi\u00e7\u00f5es para pedir o exame de qualifica\u00e7\u00e3o:<\/h3>\n\n\n\n<ul class=\"wp-block-list\">\n<li>Estar regularmente matriculado no PPGA-UEL.<\/li>\n\n\n\n<li>Cumprir <strong>36 cr\u00e9ditos em disciplinas obrigat\u00f3rias<\/strong>, conforme seguinte distribui\u00e7\u00e3o:\n<ul class=\"wp-block-list\">\n<li>8 cr\u00e9ditos em Disciplinas Obrigat\u00f3rias Gerais: <strong>Teoria das Organiza\u00e7\u00f5es e Metodologia de Pesquisa em Organiza\u00e7\u00f5es<\/strong>.<\/li>\n\n\n\n<li>4 cr\u00e9ditos em Disciplina Obrigat\u00f3ria por linha: <strong>Gest\u00e3o de Organiza\u00e7\u00f5es (GOR)<\/strong> ou <strong>Rela\u00e7\u00f5es de Poder na Produ\u00e7\u00e3o da Vida Organizada (OPS)<\/strong>.<\/li>\n\n\n\n<li>4 cr\u00e9ditos em Disciplina Obrigat\u00f3ria com Op\u00e7\u00e3o de Escolha: <strong>Estudos Qualitativos em Organiza\u00e7\u00f5es<\/strong> ou <strong>Estudos Quantitativos em Administra\u00e7\u00e3o<\/strong>.<\/li>\n\n\n\n<li>16 cr\u00e9ditos em Disciplinas Obrigat\u00f3rias de Elabora\u00e7\u00e3o e Avalia\u00e7\u00e3o de Disserta\u00e7\u00e3o: <strong>Projeto de Disserta\u00e7\u00e3o I e Projeto de Disserta\u00e7\u00e3o II<\/strong>.<\/li>\n\n\n\n<li>4 cr\u00e9ditos em <strong>Est\u00e1gio de Doc\u00eancia<\/strong> (apenas para Bolsistas)<\/li>\n<\/ul>\n<\/li>\n\n\n\n<li>Cumprir <strong>8 cr\u00e9ditos em disciplinas optativas<\/strong>.<\/li>\n\n\n\n<li>Comprovar <strong>profici\u00eancia em l\u00edngua estrangeira<\/strong>.<\/li>\n\n\n\n<li>Comprovar <strong>submiss\u00e3o de artigo em peri\u00f3dico cient\u00edfico<\/strong>.<\/li>\n<\/ul>\n<\/div>\n\n\n\n<div class=\"wp-block-uel-card\">\n<h3 class=\"wp-block-heading\">Procedimentos<\/h3>\n\n\n\n<ol class=\"wp-block-list\">\n<li>Requerer o Exame de Qualifica\u00e7\u00e3o no Portal do Estudante de P\u00f3s-Gradua\u00e7\u00e3o da UEL:<strong> <a href=\"https:\/\/sistemas.uel.br\/portaldepos\/index\">https:\/\/sistemas.uel.br\/portaldepos\/index<\/a><\/strong><\/li>\n\n\n\n<li>Aguardar a avalia\u00e7\u00e3o da PROPPG (<strong>apto <\/strong>ou <strong>n\u00e3o apto<\/strong>). O prazo m\u00e9dio de avalia\u00e7\u00e3o da PROPPG \u00e9 de duas semanas.<\/li>\n\n\n\n<li>Se <strong>n\u00e3o apto<\/strong>, resolver as pend\u00eancias apontadas pela PROPPG e realizar novo requerimento<\/li>\n\n\n\n<li>Se <strong>apto<\/strong>, <strong>enviar email<\/strong> \u00e0s\/aos docentes da banca, \u00e0 Secretaria dos Mestrados e \u00e0 Coordena\u00e7\u00e3o do PPGA, contendo data, hor\u00e1rio, local ou link de realiza\u00e7\u00e3o da banca e os arquivos da disserta\u00e7\u00e3o (uma vers\u00e3o PDF e outra docx): <a href=\"mailto:mestrados@uel.br\"><strong>mestrados@uel.br<\/strong><\/a> e <a href=\"mailto:ppga@uel.br\"><strong>ppga@uel.br<\/strong><\/a><\/li>\n<\/ol>\n<\/div>\n\n\n\n<div class=\"wp-block-uel-card\">\n<h3 class=\"wp-block-heading\">Observa\u00e7\u00f5es:<\/h3>\n\n\n\n<ul class=\"wp-block-list\">\n<li>O exame de qualifica\u00e7\u00e3o dever\u00e1 ocorrer entre <strong>30 dias e 45 dias ap\u00f3s a data do requerimento<\/strong>.<\/li>\n\n\n\n<li>Ap\u00f3s a qualifica\u00e7\u00e3o, a\/o orientador(a) dever\u00e1 entregar \u00e0 Secretaria do Programa a <strong>ata preenchida e assinada<\/strong> por todos os&nbsp;membros da Banca Examinadora. Somente com esta documenta\u00e7\u00e3o o processo ser\u00e1 conclu\u00eddo (o resultado do exame&nbsp;de qualifica\u00e7\u00e3o ser\u00e1 cadastrado no Sistema UEL).<\/li>\n\n\n\n<li>Em caso de <strong>reprova\u00e7\u00e3o<\/strong>, um novo exame de qualifica\u00e7\u00e3o dever\u00e1 ser realizado no prazo m\u00e1ximo de 4 meses, a contar da data da primeira\u00a0qualifica\u00e7\u00e3o.<\/li>\n\n\n\n<li>O resultado do exame de qualifica\u00e7\u00e3o ser\u00e1 de <strong>aprova\u00e7\u00e3o <\/strong>ou <strong>reprova\u00e7\u00e3o<\/strong>.<\/li>\n<\/ul>\n<\/div>\n\n\n\n<p><\/p>\n","protected":false},"excerpt":{"rendered":"","protected":false},"author":8,"featured_media":0,"parent":0,"menu_order":0,"comment_status":"closed","ping_status":"closed","template":"","meta":{"footnotes":""},"class_list":["post-642","page","type-page","status-publish","hentry"],"acf":[],"_links":{"self":[{"href":"https:\/\/pos.uel.br\/ppga\/wp-json\/wp\/v2\/pages\/642","targetHints":{"allow":["GET"]}}],"collection":[{"href":"https:\/\/pos.uel.br\/ppga\/wp-json\/wp\/v2\/pages"}],"about":[{"href":"https:\/\/pos.uel.br\/ppga\/wp-json\/wp\/v2\/types\/page"}],"author":[{"embeddable":true,"href":"https:\/\/pos.uel.br\/ppga\/wp-json\/wp\/v2\/users\/8"}],"replies":[{"embeddable":true,"href":"https:\/\/pos.uel.br\/ppga\/wp-json\/wp\/v2\/comments?post=642"}],"version-history":[{"count":17,"href":"https:\/\/pos.uel.br\/ppga\/wp-json\/wp\/v2\/pages\/642\/revisions"}],"predecessor-version":[{"id":1928,"href":"https:\/\/pos.uel.br\/ppga\/wp-json\/wp\/v2\/pages\/642\/revisions\/1928"}],"wp:attachment":[{"href":"https:\/\/pos.uel.br\/ppga\/wp-json\/wp\/v2\/media?parent=642"}],"curies":[{"name":"wp","href":"https:\/\/api.w.org\/{rel}","templated":true}]}}