{"id":624,"date":"2022-09-05T21:49:56","date_gmt":"2022-09-06T00:49:56","guid":{"rendered":"https:\/\/pos.uel.br\/ppga\/?page_id=624"},"modified":"2022-09-05T21:53:16","modified_gmt":"2022-09-06T00:53:16","slug":"atividades-de-elaboracao-e-avaliacao-da-dissertacao","status":"publish","type":"page","link":"https:\/\/pos.uel.br\/ppga\/atividades-de-elaboracao-e-avaliacao-da-dissertacao\/","title":{"rendered":"Atividades de Elabora\u00e7\u00e3o e Avalia\u00e7\u00e3o da Disserta\u00e7\u00e3o"},"content":{"rendered":"\n<hr class=\"wp-block-separator has-alpha-channel-opacity\"\/>\n\n\n\n<h3 class=\"has-text-align-left has-primary-accent-color has-site-background-background-color has-text-color has-background wp-block-heading\"><strong>Atividades de Elabora\u00e7\u00e3o da Disserta\u00e7\u00e3o<\/strong><\/h3>\n\n\n\n<p>S\u00e3o atividades obrigat\u00f3rias reservadas para o planejamento e a elabora\u00e7\u00e3o da disserta\u00e7\u00e3o.<\/p>\n\n\n\n<p>As atividades de elabora\u00e7\u00e3o da disserta\u00e7\u00e3o do PPGA s\u00e3o:<\/p>\n\n\n\n<p>a)&nbsp;<a href=\"http:\/\/www.uel.br\/pos\/ppga\/index.php\/pt-BR\/component\/content\/article?id=183\"><strong>Disserta\u00e7\u00e3o I<\/strong><\/a>&nbsp;(60 horas \u2013 4 cr\u00e9ditos).<\/p>\n\n\n\n<p>b)\u00a0<a href=\"http:\/\/www.uel.br\/pos\/ppga\/index.php\/pt-BR\/component\/content\/article?id=184\"><strong>Disserta\u00e7\u00e3o II\u00a0<\/strong><\/a>(225 horas \u2013 15 cr\u00e9ditos).<\/p>\n\n\n\n<hr class=\"wp-block-separator has-alpha-channel-opacity\"\/>\n\n\n\n<h3 class=\"has-primary-accent-color has-site-background-background-color has-text-color has-background wp-block-heading\"><strong>Atividades de Avalia\u00e7\u00e3o da Disserta\u00e7\u00e3o<\/strong><\/h3>\n\n\n\n<p>S\u00e3o atividades obrigat\u00f3rias reservadas para a avalia\u00e7\u00e3o da disserta\u00e7\u00e3o.<\/p>\n\n\n\n<p>As atividades de avalia\u00e7\u00e3o da disserta\u00e7\u00e3o do PPGA s\u00e3o:<\/p>\n\n\n\n<p>a)&nbsp;<strong>Exame de Qualifica\u00e7\u00e3o<\/strong>.<\/p>\n\n\n\n<p>b)&nbsp;<strong>Defesa P\u00fablica de Disserta\u00e7\u00e3o<\/strong>.<\/p>\n","protected":false},"excerpt":{"rendered":"<p>Atividades de Elabora\u00e7\u00e3o da Disserta\u00e7\u00e3o S\u00e3o atividades obrigat\u00f3rias reservadas para o planejamento e a elabora\u00e7\u00e3o da disserta\u00e7\u00e3o. As atividades de elabora\u00e7\u00e3o da disserta\u00e7\u00e3o do PPGA s\u00e3o: a)&nbsp;Disserta\u00e7\u00e3o I&nbsp;(60 horas \u2013 4 cr\u00e9ditos). b)\u00a0Disserta\u00e7\u00e3o II\u00a0(225 horas \u2013 15 cr\u00e9ditos). Atividades de Avalia\u00e7\u00e3o da Disserta\u00e7\u00e3o S\u00e3o atividades obrigat\u00f3rias reservadas para a avalia\u00e7\u00e3o da disserta\u00e7\u00e3o. As atividades de [&hellip;]<\/p>\n","protected":false},"author":8,"featured_media":0,"parent":0,"menu_order":0,"comment_status":"closed","ping_status":"closed","template":"","meta":{"footnotes":""},"class_list":["post-624","page","type-page","status-publish","hentry"],"acf":[],"_links":{"self":[{"href":"https:\/\/pos.uel.br\/ppga\/wp-json\/wp\/v2\/pages\/624","targetHints":{"allow":["GET"]}}],"collection":[{"href":"https:\/\/pos.uel.br\/ppga\/wp-json\/wp\/v2\/pages"}],"about":[{"href":"https:\/\/pos.uel.br\/ppga\/wp-json\/wp\/v2\/types\/page"}],"author":[{"embeddable":true,"href":"https:\/\/pos.uel.br\/ppga\/wp-json\/wp\/v2\/users\/8"}],"replies":[{"embeddable":true,"href":"https:\/\/pos.uel.br\/ppga\/wp-json\/wp\/v2\/comments?post=624"}],"version-history":[{"count":5,"href":"https:\/\/pos.uel.br\/ppga\/wp-json\/wp\/v2\/pages\/624\/revisions"}],"predecessor-version":[{"id":629,"href":"https:\/\/pos.uel.br\/ppga\/wp-json\/wp\/v2\/pages\/624\/revisions\/629"}],"wp:attachment":[{"href":"https:\/\/pos.uel.br\/ppga\/wp-json\/wp\/v2\/media?parent=624"}],"curies":[{"name":"wp","href":"https:\/\/api.w.org\/{rel}","templated":true}]}}