{"id":612,"date":"2022-09-02T17:17:14","date_gmt":"2022-09-02T20:17:14","guid":{"rendered":"https:\/\/pos.uel.br\/ppga\/?page_id=612"},"modified":"2025-02-14T15:54:34","modified_gmt":"2025-02-14T18:54:34","slug":"estrutura-do-curso","status":"publish","type":"page","link":"https:\/\/pos.uel.br\/ppga\/estrutura-do-curso\/","title":{"rendered":"Estrutura Curricular e Ementas"},"content":{"rendered":"\n<div class=\"wp-block-uel-card\">\n<p>O Programa de P\u00f3s-Gradua\u00e7\u00e3o em Administra\u00e7\u00e3o da Universidade Estadual de Londrina est\u00e1 dividido em disciplinas obrigat\u00f3rias e disciplinas optativas (<strong>Estrutura Curricular<\/strong>), <strong>Atividades de Elabora\u00e7\u00e3o e Avalia\u00e7\u00e3o da Disserta\u00e7\u00e3o<\/strong>, <strong>Atividades Especiais Obrigat\u00f3rias para a Forma\u00e7\u00e3o<\/strong> e atividades de pesquisa.<\/p>\n<\/div>\n\n\n\n<h3 class=\"wp-block-heading has-primary-accent-color has-site-background-background-color has-text-color has-background\"><a href=\"https:\/\/pos.uel.br\/ppga\/estrutura-curricular\/\" data-type=\"URL\" data-id=\"https:\/\/pos.uel.br\/ppga\/estrutura-curricular\/\" target=\"_blank\" rel=\"noreferrer noopener\">Estrutura Curricular e Ementas<\/a><\/h3>\n\n\n\n<h3 class=\"wp-block-heading has-primary-accent-color has-site-background-background-color has-text-color has-background\"><a href=\"https:\/\/pos.uel.br\/ppga\/atividades-de-elaboracao-e-avaliacao-da-dissertacao\/\" data-type=\"URL\" data-id=\"https:\/\/pos.uel.br\/ppga\/atividades-de-elaboracao-e-avaliacao-da-dissertacao\/\" target=\"_blank\" rel=\"noreferrer noopener\">Atividades de Elabora\u00e7\u00e3o e Avalia\u00e7\u00e3o da Disserta\u00e7\u00e3o<\/a><\/h3>\n\n\n\n<h3 class=\"wp-block-heading has-primary-accent-color has-site-background-background-color has-text-color has-background\"><a href=\"https:\/\/pos.uel.br\/ppga\/atividades-especiais-obrigatorias-para-a-formacao\/\" target=\"_blank\" rel=\"noreferrer noopener\">Atividades Especiais Obrigat\u00f3rias para a Forma\u00e7\u00e3o<\/a><\/h3>\n","protected":false},"excerpt":{"rendered":"<p>Estrutura Curricular e Ementas Atividades de Elabora\u00e7\u00e3o e Avalia\u00e7\u00e3o da Disserta\u00e7\u00e3o Atividades Especiais Obrigat\u00f3rias para a Forma\u00e7\u00e3o<\/p>\n","protected":false},"author":8,"featured_media":0,"parent":0,"menu_order":0,"comment_status":"closed","ping_status":"closed","template":"","meta":{"footnotes":""},"class_list":["post-612","page","type-page","status-publish","hentry"],"acf":[],"_links":{"self":[{"href":"https:\/\/pos.uel.br\/ppga\/wp-json\/wp\/v2\/pages\/612","targetHints":{"allow":["GET"]}}],"collection":[{"href":"https:\/\/pos.uel.br\/ppga\/wp-json\/wp\/v2\/pages"}],"about":[{"href":"https:\/\/pos.uel.br\/ppga\/wp-json\/wp\/v2\/types\/page"}],"author":[{"embeddable":true,"href":"https:\/\/pos.uel.br\/ppga\/wp-json\/wp\/v2\/users\/8"}],"replies":[{"embeddable":true,"href":"https:\/\/pos.uel.br\/ppga\/wp-json\/wp\/v2\/comments?post=612"}],"version-history":[{"count":10,"href":"https:\/\/pos.uel.br\/ppga\/wp-json\/wp\/v2\/pages\/612\/revisions"}],"predecessor-version":[{"id":1832,"href":"https:\/\/pos.uel.br\/ppga\/wp-json\/wp\/v2\/pages\/612\/revisions\/1832"}],"wp:attachment":[{"href":"https:\/\/pos.uel.br\/ppga\/wp-json\/wp\/v2\/media?parent=612"}],"curies":[{"name":"wp","href":"https:\/\/api.w.org\/{rel}","templated":true}]}}