{"id":580,"date":"2022-09-02T16:41:55","date_gmt":"2022-09-02T19:41:55","guid":{"rendered":"https:\/\/pos.uel.br\/ppga\/?page_id=580"},"modified":"2026-04-06T15:28:13","modified_gmt":"2026-04-06T18:28:13","slug":"dissertacoes-defendidas","status":"publish","type":"page","link":"https:\/\/pos.uel.br\/ppga\/dissertacoes-defendidas\/","title":{"rendered":"Disserta\u00e7\u00f5es Defendidas"},"content":{"rendered":"\n<div class=\"wp-block-uel-card\">\n<div class=\"wp-block-columns is-layout-flex wp-container-core-columns-is-layout-9d6595d7 wp-block-columns-is-layout-flex\">\n<div class=\"wp-block-column is-layout-flow wp-block-column-is-layout-flow\"><form role=\"search\" method=\"get\" action=\"https:\/\/pos.uel.br\/ppga\/\" class=\"wp-block-search__button-outside wp-block-search__text-button wp-block-search\"    ><label class=\"wp-block-search__label\" for=\"wp-block-search__input-1\" >Pesquisar<\/label><div class=\"wp-block-search__inside-wrapper\" ><input class=\"wp-block-search__input\" id=\"wp-block-search__input-1\" placeholder=\"\" value=\"\" type=\"search\" name=\"s\" required \/><button aria-label=\"Pesquisar\" class=\"wp-block-search__button wp-element-button\" type=\"submit\" >Pesquisar<\/button><\/div><\/form>\n\n\n<div style=\"height:100px\" aria-hidden=\"true\" class=\"wp-block-spacer\"><\/div>\n\n\n\n<p>As disserta\u00e7\u00f5es defendidas no PPGA est\u00e3o organizadas conforme ano de defesa. As informa\u00e7\u00f5es est\u00e3o organizadas por data, t\u00edtulo, autoria, banca examinadora e palavras-chave. Al\u00e9m disso, \u00e9 poss\u00edvel acessar o trabalho na \u00edntegra.<\/p>\n\n\n\n<p>Alternativamente, \u00e9 poss\u00edvel encontrar as disserta\u00e7\u00f5es defendidas do PPGA no novo <a href=\"http:\/\/repositorio.uel.br\/handle\/123456789\/146\"><strong>Reposit\u00f3rio Institucional da UEL (RIUEL)<\/strong><\/a> (Sistemas de Bibliotecas da UEL) e no <a href=\"http:\/\/catalogodeteses.capes.gov.br\/\"><strong>Cat\u00e1logo de Teses e Disserta\u00e7\u00f5es da Capes<\/strong><\/a>.<\/p>\n\n\n\n<div class=\"wp-block-uel-card\">\n<p>Para saber mais sobre os procedimentos para pedido de defesa p\u00fablica de disserta\u00e7\u00e3o, <a href=\"https:\/\/pos.uel.br\/ppga\/requerimento-de-defesa-publica-de-dissertacao\/\" target=\"_blank\" rel=\"noreferrer noopener\"><strong>clique aqui<\/strong><\/a>.<\/p>\n<\/div>\n<\/div>\n\n\n\n<div class=\"wp-block-column is-layout-flow wp-block-column-is-layout-flow\">\n<h4 class=\"wp-block-heading has-text-align-center has-secondary-accent-color has-site-background-background-color has-text-color has-background\">\u00cdNDICE DE DISSERTA\u00c7\u00d5ES POR ANO<\/h4>\n\n\n\n<div class=\"wp-block-uel-card\">\n<h2 class=\"wp-block-heading has-text-align-center\"><a href=\"https:\/\/pos.uel.br\/ppga\/dissertacoes-defendidas-em-2026\/\">2026<\/a><\/h2>\n<\/div>\n\n\n\n<div class=\"wp-block-uel-card\">\n<h2 class=\"wp-block-heading has-text-align-center\"><a href=\"https:\/\/pos.uel.br\/ppga\/dissertacoes-defendidas-em-2025\/\">2025<\/a><\/h2>\n<\/div>\n\n\n\n<div class=\"wp-block-uel-card\">\n<h2 class=\"wp-block-heading has-text-align-center\"><a href=\"https:\/\/pos.uel.br\/ppga\/dissertacoes-defendidas-em-2024\/\">2024<\/a><\/h2>\n<\/div>\n\n\n\n<div class=\"wp-block-uel-card\">\n<h2 class=\"wp-block-heading has-text-align-center\"><a href=\"https:\/\/pos.uel.br\/ppga\/dissertacoes-defendidas-em-2023\/\">2023<\/a><\/h2>\n<\/div>\n\n\n\n<div class=\"wp-block-uel-card\">\n<h2 class=\"wp-block-heading has-text-align-center\"><a href=\"https:\/\/pos.uel.br\/ppga\/dissertacoes-defendidas-em-2022\/\">2022<\/a><\/h2>\n<\/div>\n\n\n\n<div class=\"wp-block-uel-card\">\n<h2 class=\"wp-block-heading has-text-align-center\"><a href=\"https:\/\/pos.uel.br\/ppga\/dissertacoes-defendidas-em-2021\/\">2021<\/a><\/h2>\n<\/div>\n\n\n\n<div class=\"wp-block-uel-card\">\n<h2 class=\"wp-block-heading has-text-align-center\"><a href=\"https:\/\/pos.uel.br\/ppga\/dissertacoes-defendidas-em-2020\/\">2020<\/a><\/h2>\n<\/div>\n\n\n\n<div class=\"wp-block-uel-card\">\n<h2 class=\"wp-block-heading has-text-align-center\"><a href=\"https:\/\/pos.uel.br\/ppga\/dissertacoes-defendidas-em-2019\/\">2019<\/a><\/h2>\n<\/div>\n\n\n\n<div class=\"wp-block-uel-card\">\n<h2 class=\"wp-block-heading has-text-align-center\"><a href=\"https:\/\/pos.uel.br\/ppga\/dissertacoes-defendidas-em-2018\/\">2018<\/a><\/h2>\n<\/div>\n\n\n\n<div class=\"wp-block-uel-card\">\n<h2 class=\"wp-block-heading has-text-align-center\"><a href=\"https:\/\/pos.uel.br\/ppga\/dissertacoes-defendidas-em-2017\/\">2017<\/a><\/h2>\n<\/div>\n\n\n\n<div class=\"wp-block-uel-card\">\n<h2 class=\"wp-block-heading has-text-align-center\"><a href=\"https:\/\/pos.uel.br\/ppga\/dissertacoes-defendidas-em-2016\/\">2016<\/a><\/h2>\n<\/div>\n\n\n\n<div class=\"wp-block-uel-card\">\n<h2 class=\"wp-block-heading has-text-align-center\"><a href=\"https:\/\/pos.uel.br\/ppga\/dissertacoes-defendidas-em-2015\/\">2015<\/a><\/h2>\n<\/div>\n\n\n\n<div class=\"wp-block-uel-card\">\n<h2 class=\"wp-block-heading has-text-align-center\"><a href=\"https:\/\/pos.uel.br\/ppga\/dissertacoes-defendidas-em-2014\/\">2014<\/a><\/h2>\n<\/div>\n\n\n\n<div class=\"wp-block-uel-card\">\n<h2 class=\"wp-block-heading has-text-align-center\"><a href=\"https:\/\/pos.uel.br\/ppga\/dissertacoes-defendidas-em-2013\/\">2013<\/a><\/h2>\n<\/div>\n\n\n\n<div class=\"wp-block-uel-card\">\n<h2 class=\"wp-block-heading has-text-align-center\"><a href=\"https:\/\/pos.uel.br\/ppga\/dissertacoes-defendidas-em-2012\/\">2012<\/a><\/h2>\n<\/div>\n<\/div>\n<\/div>\n<\/div>\n\n\n\n<p><\/p>\n","protected":false},"excerpt":{"rendered":"","protected":false},"author":8,"featured_media":0,"parent":0,"menu_order":0,"comment_status":"closed","ping_status":"closed","template":"","meta":{"footnotes":""},"class_list":["post-580","page","type-page","status-publish","hentry"],"acf":[],"_links":{"self":[{"href":"https:\/\/pos.uel.br\/ppga\/wp-json\/wp\/v2\/pages\/580","targetHints":{"allow":["GET"]}}],"collection":[{"href":"https:\/\/pos.uel.br\/ppga\/wp-json\/wp\/v2\/pages"}],"about":[{"href":"https:\/\/pos.uel.br\/ppga\/wp-json\/wp\/v2\/types\/page"}],"author":[{"embeddable":true,"href":"https:\/\/pos.uel.br\/ppga\/wp-json\/wp\/v2\/users\/8"}],"replies":[{"embeddable":true,"href":"https:\/\/pos.uel.br\/ppga\/wp-json\/wp\/v2\/comments?post=580"}],"version-history":[{"count":47,"href":"https:\/\/pos.uel.br\/ppga\/wp-json\/wp\/v2\/pages\/580\/revisions"}],"predecessor-version":[{"id":2510,"href":"https:\/\/pos.uel.br\/ppga\/wp-json\/wp\/v2\/pages\/580\/revisions\/2510"}],"wp:attachment":[{"href":"https:\/\/pos.uel.br\/ppga\/wp-json\/wp\/v2\/media?parent=580"}],"curies":[{"name":"wp","href":"https:\/\/api.w.org\/{rel}","templated":true}]}}