{"id":32,"date":"2021-04-29T12:41:47","date_gmt":"2021-04-29T15:41:47","guid":{"rendered":"https:\/\/pos.uel.br\/ppga\/?page_id=32"},"modified":"2025-02-21T19:14:48","modified_gmt":"2025-02-21T22:14:48","slug":"formularios","status":"publish","type":"page","link":"https:\/\/pos.uel.br\/ppga\/formularios\/","title":{"rendered":"Documentos e Formul\u00e1rios"},"content":{"rendered":"\n<div class=\"wp-block-uel-card\"><\/div>\n\n\n\n<figure class=\"wp-block-table\"><table><tbody><tr><td><strong>Documento<\/strong><\/td><td><strong>Arquivo<\/strong><\/td><\/tr><tr><td>Relat\u00f3rio Complementar de Defesa de Disserta\u00e7\u00e3o<\/td><td><a href=\"https:\/\/pos.uel.br\/ppga\/wp-content\/uploads\/2022\/09\/Relatorio_Complementar_Defesa_Dissertacao_2022.docx\" data-type=\"URL\" data-id=\"https:\/\/pos.uel.br\/ppga\/wp-content\/uploads\/2022\/09\/Relatorio_Complementar_Defesa_Dissertacao_2022.docx\" target=\"_blank\" rel=\"noreferrer noopener\">WORD<\/a><\/td><\/tr><tr><td>Formul\u00e1rio PPGA-UEL de Avalia\u00e7\u00e3o de Atividades Cadastradas no Curr\u00edculo Lattes (Inscri\u00e7\u00e3o em Processo Seletivo)<\/td><td><a href=\"https:\/\/pos.uel.br\/ppga\/wp-content\/uploads\/2022\/09\/Formulario_PPGA_UEL_2021.docx\" data-type=\"URL\" data-id=\"https:\/\/pos.uel.br\/ppga\/wp-content\/uploads\/2022\/09\/Formulario_PPGA_UEL_2021.docx\" target=\"_blank\" rel=\"noreferrer noopener\">WORD<\/a><\/td><\/tr><tr><td>Requerimento de Defesa P\u00fablica de Disserta\u00e7\u00e3o<\/td><td><a href=\"https:\/\/docs.google.com\/forms\/d\/e\/1FAIpQLSeMYY1z6gwlNxksmyR6aYB4pUaDAbh2ffOwtX_igtDATsbZbg\/viewform?usp=sf_link\">FORMUL\u00c1RIO<\/a><\/td><\/tr><tr><td>Requerimento de Exame de Qualifica\u00e7\u00e3o<\/td><td><a href=\"https:\/\/docs.google.com\/forms\/d\/e\/1FAIpQLScv3qEi4wUNRYLxZlA2Gw92lYsS3MGnieB0ToSe8ss1dWXJXg\/viewform?usp=sf_link\">FORMUL\u00c1RIO<\/a><\/td><\/tr><tr><td>Cadastro do(a) Convidado(a) Externo(a) Titular<\/td><td><a href=\"https:\/\/pos.uel.br\/ppga\/wp-content\/uploads\/2022\/09\/Cadastro-doa-Convidadoa-Externoa-Titular-2021.docx\" data-type=\"URL\" data-id=\"https:\/\/pos.uel.br\/ppga\/wp-content\/uploads\/2022\/09\/Cadastro-doa-Convidadoa-Externoa-Titular-2021.docx\" target=\"_blank\" rel=\"noreferrer noopener\">WORD<\/a><\/td><\/tr><\/tbody><\/table><\/figure>\n","protected":false},"excerpt":{"rendered":"<p>Documento Arquivo Relat\u00f3rio Complementar de Defesa de Disserta\u00e7\u00e3o WORD Formul\u00e1rio PPGA-UEL de Avalia\u00e7\u00e3o de Atividades Cadastradas no Curr\u00edculo Lattes (Inscri\u00e7\u00e3o em Processo Seletivo) WORD Requerimento de Defesa P\u00fablica de Disserta\u00e7\u00e3o FORMUL\u00c1RIO Requerimento de Exame de Qualifica\u00e7\u00e3o FORMUL\u00c1RIO Cadastro do(a) Convidado(a) Externo(a) Titular WORD<\/p>\n","protected":false},"author":7,"featured_media":0,"parent":0,"menu_order":0,"comment_status":"closed","ping_status":"closed","template":"","meta":{"footnotes":""},"class_list":["post-32","page","type-page","status-publish","hentry"],"acf":[],"_links":{"self":[{"href":"https:\/\/pos.uel.br\/ppga\/wp-json\/wp\/v2\/pages\/32","targetHints":{"allow":["GET"]}}],"collection":[{"href":"https:\/\/pos.uel.br\/ppga\/wp-json\/wp\/v2\/pages"}],"about":[{"href":"https:\/\/pos.uel.br\/ppga\/wp-json\/wp\/v2\/types\/page"}],"author":[{"embeddable":true,"href":"https:\/\/pos.uel.br\/ppga\/wp-json\/wp\/v2\/users\/7"}],"replies":[{"embeddable":true,"href":"https:\/\/pos.uel.br\/ppga\/wp-json\/wp\/v2\/comments?post=32"}],"version-history":[{"count":4,"href":"https:\/\/pos.uel.br\/ppga\/wp-json\/wp\/v2\/pages\/32\/revisions"}],"predecessor-version":[{"id":1931,"href":"https:\/\/pos.uel.br\/ppga\/wp-json\/wp\/v2\/pages\/32\/revisions\/1931"}],"wp:attachment":[{"href":"https:\/\/pos.uel.br\/ppga\/wp-json\/wp\/v2\/media?parent=32"}],"curies":[{"name":"wp","href":"https:\/\/api.w.org\/{rel}","templated":true}]}}