{"id":22,"date":"2021-04-29T12:32:17","date_gmt":"2021-04-29T15:32:17","guid":{"rendered":"https:\/\/pos.uel.br\/ppga\/?page_id=22"},"modified":"2025-02-21T18:48:31","modified_gmt":"2025-02-21T21:48:31","slug":"mestrado","status":"publish","type":"page","link":"https:\/\/pos.uel.br\/ppga\/mestrado\/","title":{"rendered":"Mestrado"},"content":{"rendered":"\n<h4 class=\"wp-block-heading is-style-default has-primary-accent-color has-site-background-background-color has-text-color has-background\"><a href=\"https:\/\/pos.uel.br\/ppga\/estrutura-do-curso\/\">Estrutura Curricular e Ementas<\/a><\/h4>\n\n\n\n<div class=\"wp-block-group\"><div class=\"wp-block-group__inner-container is-layout-constrained wp-block-group-is-layout-constrained\">\n<h4 class=\"wp-block-heading is-style-default has-primary-accent-color has-site-background-background-color has-text-color has-background\"><a href=\"https:\/\/pos.uel.br\/ppga\/qualificacoes-e-defesas-procedimentos\/\">Qualifica\u00e7\u00f5es e Defesas (Procedimentos)<\/a><\/h4>\n\n\n\n<h4 class=\"wp-block-heading is-style-default has-primary-accent-color has-site-background-background-color has-text-color has-background\"><a href=\"https:\/\/pos.uel.br\/ppga\/formularios\/\">Documentos e Formul\u00e1rios<\/a><\/h4>\n\n\n\n<h4 class=\"wp-block-heading is-style-default has-primary-accent-color has-site-background-background-color has-text-color has-background\"><a href=\"https:\/\/pos.uel.br\/ppga\/horarios-do-semestre\/\">Hor\u00e1rios do Semestre<\/a><\/h4>\n\n\n\n<h4 class=\"wp-block-heading is-style-default has-primary-accent-color has-site-background-background-color has-text-color has-background\"><a href=\"https:\/\/pos.uel.br\/ppga\/experiencias-inovadoras-de-formacao\/\">Experi\u00eancias Inovadoras de Forma\u00e7\u00e3o<\/a><\/h4>\n<\/div><\/div>\n\n\n\n<p><\/p>\n","protected":false},"excerpt":{"rendered":"<p>Estrutura Curricular e Ementas Qualifica\u00e7\u00f5es e Defesas (Procedimentos) Documentos e Formul\u00e1rios Hor\u00e1rios do Semestre Experi\u00eancias Inovadoras de Forma\u00e7\u00e3o<\/p>\n","protected":false},"author":7,"featured_media":0,"parent":0,"menu_order":0,"comment_status":"closed","ping_status":"closed","template":"","meta":{"footnotes":""},"class_list":["post-22","page","type-page","status-publish","hentry"],"acf":[],"_links":{"self":[{"href":"https:\/\/pos.uel.br\/ppga\/wp-json\/wp\/v2\/pages\/22","targetHints":{"allow":["GET"]}}],"collection":[{"href":"https:\/\/pos.uel.br\/ppga\/wp-json\/wp\/v2\/pages"}],"about":[{"href":"https:\/\/pos.uel.br\/ppga\/wp-json\/wp\/v2\/types\/page"}],"author":[{"embeddable":true,"href":"https:\/\/pos.uel.br\/ppga\/wp-json\/wp\/v2\/users\/7"}],"replies":[{"embeddable":true,"href":"https:\/\/pos.uel.br\/ppga\/wp-json\/wp\/v2\/comments?post=22"}],"version-history":[{"count":3,"href":"https:\/\/pos.uel.br\/ppga\/wp-json\/wp\/v2\/pages\/22\/revisions"}],"predecessor-version":[{"id":1919,"href":"https:\/\/pos.uel.br\/ppga\/wp-json\/wp\/v2\/pages\/22\/revisions\/1919"}],"wp:attachment":[{"href":"https:\/\/pos.uel.br\/ppga\/wp-json\/wp\/v2\/media?parent=22"}],"curies":[{"name":"wp","href":"https:\/\/api.w.org\/{rel}","templated":true}]}}