{"id":1613,"date":"2024-11-11T15:45:50","date_gmt":"2024-11-11T18:45:50","guid":{"rendered":"https:\/\/pos.uel.br\/ppga\/?page_id=1613"},"modified":"2024-11-11T15:45:50","modified_gmt":"2024-11-11T18:45:50","slug":"apresentacao-pos-doutorado","status":"publish","type":"page","link":"https:\/\/pos.uel.br\/ppga\/apresentacao-pos-doutorado\/","title":{"rendered":"Apresenta\u00e7\u00e3o (P\u00f3s-Doutorado)"},"content":{"rendered":"\n<div class=\"wp-block-uel-card\">\n<h3 class=\"wp-block-heading\">Apresenta\u00e7\u00e3o<\/h3>\n\n\n\n<p>Na UEL e no PPGA, o P\u00f3s-Doutorado \u00e9 um conjunto de atividades de estudo e pesquisa e\/ou inova\u00e7\u00e3o tecnol\u00f3gica desenvolvido por doutoras\/doutores n\u00e3o pertencentes ao Quadro de Pessoal Efetivo da UEL. Ele \u00e9 conduzido sob a supervis\u00e3o de um\/a docente com t\u00edtulo de Doutor pertencente ao&nbsp;<a href=\"https:\/\/pos.uel.br\/ppga\/corpo-docente\/\"><strong>Corpo Docente do PPGA<\/strong><\/a>, e pode ocorrer de duas formas:<\/p>\n\n\n\n<ul class=\"wp-block-list\">\n<li><strong>Com bolsa<\/strong>, concorrendo \u00e0 edital espec\u00edfico conforme disponibilidade de bolsas.<\/li>\n\n\n\n<li><strong>Sem bolsa<\/strong>, em sistema de fluxo cont\u00ednuo, conforme normas e condi\u00e7\u00f5es estabelecidas pela\u00a0<strong><a href=\"https:\/\/sites.uel.br\/proppg\/wp-content\/uploads\/2023\/11\/Resolucao-CEPE-no-053-2019-Pos-doutoral.pdf\">Resolu\u00e7\u00e3o UEL \u2013 CEPE 053\/2019<\/a><\/strong>.<\/li>\n<\/ul>\n<\/div>\n\n\n\n<p><\/p>\n","protected":false},"excerpt":{"rendered":"","protected":false},"author":8,"featured_media":0,"parent":0,"menu_order":0,"comment_status":"closed","ping_status":"closed","template":"","meta":{"footnotes":""},"class_list":["post-1613","page","type-page","status-publish","hentry"],"acf":[],"_links":{"self":[{"href":"https:\/\/pos.uel.br\/ppga\/wp-json\/wp\/v2\/pages\/1613","targetHints":{"allow":["GET"]}}],"collection":[{"href":"https:\/\/pos.uel.br\/ppga\/wp-json\/wp\/v2\/pages"}],"about":[{"href":"https:\/\/pos.uel.br\/ppga\/wp-json\/wp\/v2\/types\/page"}],"author":[{"embeddable":true,"href":"https:\/\/pos.uel.br\/ppga\/wp-json\/wp\/v2\/users\/8"}],"replies":[{"embeddable":true,"href":"https:\/\/pos.uel.br\/ppga\/wp-json\/wp\/v2\/comments?post=1613"}],"version-history":[{"count":1,"href":"https:\/\/pos.uel.br\/ppga\/wp-json\/wp\/v2\/pages\/1613\/revisions"}],"predecessor-version":[{"id":1614,"href":"https:\/\/pos.uel.br\/ppga\/wp-json\/wp\/v2\/pages\/1613\/revisions\/1614"}],"wp:attachment":[{"href":"https:\/\/pos.uel.br\/ppga\/wp-json\/wp\/v2\/media?parent=1613"}],"curies":[{"name":"wp","href":"https:\/\/api.w.org\/{rel}","templated":true}]}}