{"id":1609,"date":"2024-11-11T15:44:14","date_gmt":"2024-11-11T18:44:14","guid":{"rendered":"https:\/\/pos.uel.br\/ppga\/?page_id=1609"},"modified":"2025-02-21T15:47:00","modified_gmt":"2025-02-21T18:47:00","slug":"docentes-visitante-e-pos-doutorado","status":"publish","type":"page","link":"https:\/\/pos.uel.br\/ppga\/docentes-visitante-e-pos-doutorado\/","title":{"rendered":"Docentes &#8211; Visitante e P\u00f3s-Doutorado"},"content":{"rendered":"\n<div class=\"wp-block-uel-card\">\n<h4 class=\"wp-block-heading\">Est\u00e1gio p\u00f3s-doutoral em andamento<\/h4>\n\n\n\n<ul class=\"wp-block-list\">\n<li>P\u00f3s-doutoranda: <strong>Dra. Vania Cristina Pastri Gutierrez<\/strong><\/li>\n\n\n\n<li>Lattes: <a href=\"http:\/\/lattes.cnpq.br\/0872618283695432\">http:\/\/lattes.cnpq.br\/0872618283695432<\/a><\/li>\n\n\n\n<li>ORCID: <a href=\"https:\/\/orcid.org\/0000-0003-1782-6370\">https:\/\/orcid.org\/0000-0003-1782-6370<\/a><\/li>\n\n\n\n<li>Supervisor: <strong>Dr. Eduardo Augusto do Ros\u00e1rio Contani<\/strong><\/li>\n\n\n\n<li>Projeto de Pesquisa Vinculado: Governan\u00e7a e cria\u00e7\u00e3o de valor: formas de operacionaliza\u00e7\u00e3o em contextos de inova\u00e7\u00e3o tecnol\u00f3gica<\/li>\n<\/ul>\n<\/div>\n","protected":false},"excerpt":{"rendered":"","protected":false},"author":8,"featured_media":0,"parent":0,"menu_order":0,"comment_status":"closed","ping_status":"closed","template":"","meta":{"footnotes":""},"class_list":["post-1609","page","type-page","status-publish","hentry"],"acf":[],"_links":{"self":[{"href":"https:\/\/pos.uel.br\/ppga\/wp-json\/wp\/v2\/pages\/1609","targetHints":{"allow":["GET"]}}],"collection":[{"href":"https:\/\/pos.uel.br\/ppga\/wp-json\/wp\/v2\/pages"}],"about":[{"href":"https:\/\/pos.uel.br\/ppga\/wp-json\/wp\/v2\/types\/page"}],"author":[{"embeddable":true,"href":"https:\/\/pos.uel.br\/ppga\/wp-json\/wp\/v2\/users\/8"}],"replies":[{"embeddable":true,"href":"https:\/\/pos.uel.br\/ppga\/wp-json\/wp\/v2\/comments?post=1609"}],"version-history":[{"count":3,"href":"https:\/\/pos.uel.br\/ppga\/wp-json\/wp\/v2\/pages\/1609\/revisions"}],"predecessor-version":[{"id":1891,"href":"https:\/\/pos.uel.br\/ppga\/wp-json\/wp\/v2\/pages\/1609\/revisions\/1891"}],"wp:attachment":[{"href":"https:\/\/pos.uel.br\/ppga\/wp-json\/wp\/v2\/media?parent=1609"}],"curies":[{"name":"wp","href":"https:\/\/api.w.org\/{rel}","templated":true}]}}