{"id":1604,"date":"2024-11-11T15:40:35","date_gmt":"2024-11-11T18:40:35","guid":{"rendered":"https:\/\/pos.uel.br\/ppga\/?page_id=1604"},"modified":"2024-11-11T15:40:35","modified_gmt":"2024-11-11T18:40:35","slug":"documentacao-necessaria","status":"publish","type":"page","link":"https:\/\/pos.uel.br\/ppga\/documentacao-necessaria\/","title":{"rendered":"Documenta\u00e7\u00e3o Necess\u00e1ria"},"content":{"rendered":"\n<div class=\"wp-block-uel-card\">\n<p><strong><a href=\"https:\/\/sites.uel.br\/proppg\/wp-content\/uploads\/2023\/11\/Resolucao-CEPE-no-053-2019-Pos-doutoral.pdf\" data-type=\"link\" data-id=\"https:\/\/sites.uel.br\/proppg\/wp-content\/uploads\/2023\/11\/Resolucao-CEPE-no-053-2019-Pos-doutoral.pdf\">Resolu\u00e7\u00e3o CEPE 053\/2019<\/a><\/strong><\/p>\n<\/div>\n\n\n\n<div class=\"wp-block-uel-card\">\n<p><strong>Documenta\u00e7\u00e3o prevista pela <a href=\"https:\/\/sites.uel.br\/proppg\/wp-content\/uploads\/2023\/11\/Resolucao-CEPE-no-053-2019-Pos-doutoral.pdf\">Resolu\u00e7\u00e3o CEPE 053\/2019<\/a><\/strong>:<\/p>\n\n\n\n<p><a href=\"https:\/\/docs.google.com\/document\/d\/1E3YoObAyoAeRWZJzqODac-V2jIkUUIjE\/edit?usp=sharing&amp;ouid=116366741381915309042&amp;rtpof=true&amp;sd=true\">Anexo I (Google Docs)<\/a><\/p>\n\n\n\n<p><a href=\"https:\/\/pos.uel.br\/ppga\/wp-content\/uploads\/2024\/11\/ANEXO-I-Formulario-de-Inscricao-em-Estagio-Pos-Doutoral.docx\">Anexo I (Word)<\/a><\/p>\n\n\n\n<p><a href=\"https:\/\/pos.uel.br\/ppga\/wp-content\/uploads\/2024\/11\/ANEXO-I-Formulario-de-Inscricao-em-Estagio-Pos-Doutoral.pdf\">Anexo I (PDF)<\/a><\/p>\n<\/div>\n\n\n\n<p><\/p>\n","protected":false},"excerpt":{"rendered":"","protected":false},"author":8,"featured_media":0,"parent":0,"menu_order":0,"comment_status":"closed","ping_status":"closed","template":"","meta":{"footnotes":""},"class_list":["post-1604","page","type-page","status-publish","hentry"],"acf":[],"_links":{"self":[{"href":"https:\/\/pos.uel.br\/ppga\/wp-json\/wp\/v2\/pages\/1604","targetHints":{"allow":["GET"]}}],"collection":[{"href":"https:\/\/pos.uel.br\/ppga\/wp-json\/wp\/v2\/pages"}],"about":[{"href":"https:\/\/pos.uel.br\/ppga\/wp-json\/wp\/v2\/types\/page"}],"author":[{"embeddable":true,"href":"https:\/\/pos.uel.br\/ppga\/wp-json\/wp\/v2\/users\/8"}],"replies":[{"embeddable":true,"href":"https:\/\/pos.uel.br\/ppga\/wp-json\/wp\/v2\/comments?post=1604"}],"version-history":[{"count":1,"href":"https:\/\/pos.uel.br\/ppga\/wp-json\/wp\/v2\/pages\/1604\/revisions"}],"predecessor-version":[{"id":1605,"href":"https:\/\/pos.uel.br\/ppga\/wp-json\/wp\/v2\/pages\/1604\/revisions\/1605"}],"wp:attachment":[{"href":"https:\/\/pos.uel.br\/ppga\/wp-json\/wp\/v2\/media?parent=1604"}],"curies":[{"name":"wp","href":"https:\/\/api.w.org\/{rel}","templated":true}]}}