{"id":1600,"date":"2024-11-11T15:34:47","date_gmt":"2024-11-11T18:34:47","guid":{"rendered":"https:\/\/pos.uel.br\/ppga\/?page_id=1600"},"modified":"2024-11-11T15:37:51","modified_gmt":"2024-11-11T18:37:51","slug":"ingresso-pos-doutorado","status":"publish","type":"page","link":"https:\/\/pos.uel.br\/ppga\/ingresso-pos-doutorado\/","title":{"rendered":"Ingresso (P\u00f3s-Doutorado)"},"content":{"rendered":"\n<div class=\"wp-block-uel-card\">\n<p>Na UEL e no PPGA, o P\u00f3s-Doutorado \u00e9 um conjunto de atividades de estudo e pesquisa e\/ou inova\u00e7\u00e3o tecnol\u00f3gica desenvolvido por doutoras\/doutores n\u00e3o pertencentes ao Quadro de Pessoal Efetivo da UEL. Ele \u00e9 conduzido sob a supervis\u00e3o de um\/a docente com t\u00edtulo de Doutor pertencente ao <a href=\"https:\/\/pos.uel.br\/ppga\/corpo-docente\/\"><strong>Corpo Docente do PPGA<\/strong><\/a>, e pode ocorrer de duas formas:<\/p>\n\n\n\n<ul class=\"wp-block-list\">\n<li><strong>Com bolsa<\/strong>, concorrendo \u00e0 edital espec\u00edfico conforme disponibilidade de bolsas.<\/li>\n\n\n\n<li><strong>Sem bolsa<\/strong>, em sistema de fluxo cont\u00ednuo, conforme normas e condi\u00e7\u00f5es estabelecidas pela <strong><a href=\"https:\/\/sites.uel.br\/proppg\/wp-content\/uploads\/2023\/11\/Resolucao-CEPE-no-053-2019-Pos-doutoral.pdf\">Resolu\u00e7\u00e3o UEL &#8211; CEPE 053\/2019<\/a><\/strong>.<\/li>\n<\/ul>\n<\/div>\n\n\n\n<div class=\"wp-block-uel-card\">\n<h3 class=\"wp-block-heading\">P\u00f3s-Doutorado com Bolsa<\/h3>\n\n\n\n<p>No momento, n\u00e3o h\u00e1 editais para Est\u00e1gio P\u00f3s-Doutoral com bolsa.<\/p>\n<\/div>\n\n\n\n<div class=\"wp-block-uel-card\">\n<h3 class=\"wp-block-heading\">P\u00f3s-Doutorado sem Bolsa<\/h3>\n\n\n\n<p>O Est\u00e1gio P\u00f3s-Doutoral sem bolsa no PPGA ocorre sob sistema de fluxo cont\u00ednuo. A qualquer momento, candidatas\/os podem entrar em contato com o <a href=\"https:\/\/pos.uel.br\/ppga\/corpo-docente\/\"><strong>Corpo Docente<\/strong><\/a> para verificar disponibilidade de orienta\u00e7\u00e3o. O est\u00e1gio tem dura\u00e7\u00e3o m\u00ednima de 6 e m\u00e1xima de 60 meses, conforme Plano de Trabalho estabelecido em comum acordo com a\/o orientador\/a. Consulte a <strong><a href=\"https:\/\/pos.uel.br\/ppenf\/wp-content\/uploads\/2023\/04\/Resolucao-CEPE-no-053-2019-Pos-doutoral.pdf\">Resolu\u00e7\u00e3o UEL &#8211; CEPE 053\/2019<\/a><\/strong> para demais informa\u00e7\u00f5es sobre como proceder com pedido de Est\u00e1gio P\u00f3s-Doutoral.<\/p>\n<\/div>\n\n\n\n<p><strong>No momento, o PPGA conta com as\/os seguintes P\u00f3s-Doutorandos\/as:<\/strong><\/p>\n\n\n\n<figure class=\"wp-block-table\"><table><tbody><tr><td>P\u00f3s-Doutorando\/a<\/td><td>Lattes<\/td><td>ORCID<\/td><td>Supervisor<\/td><td>Projeto de Pesquisa Vinculado<\/td><\/tr><tr><td>Dra. Vania Cristina Pastri Gutierrez<\/td><td><a href=\"http:\/\/lattes.cnpq.br\/0872618283695432\" target=\"_blank\" rel=\"noreferrer noopener\">http:\/\/lattes.cnpq.br\/0872618283695432<\/a><\/td><td><a href=\"https:\/\/orcid.org\/0000-0003-1782-6370\" target=\"_blank\" rel=\"noreferrer noopener\">https:\/\/orcid.org\/0000-0003-1782-6370<\/a><\/td><td>Dr. Eduardo Augusto do Ros\u00e1rio Contani<\/td><td>Governan\u00e7a e cria\u00e7\u00e3o de valor: formas de operacionaliza\u00e7\u00e3o em contextos de inova\u00e7\u00e3o tecnol\u00f3gica<\/td><\/tr><\/tbody><\/table><\/figure>\n\n\n\n<p><\/p>\n","protected":false},"excerpt":{"rendered":"<p>No momento, o PPGA conta com as\/os seguintes P\u00f3s-Doutorandos\/as: P\u00f3s-Doutorando\/a Lattes ORCID Supervisor Projeto de Pesquisa Vinculado Dra. Vania Cristina Pastri Gutierrez http:\/\/lattes.cnpq.br\/0872618283695432 https:\/\/orcid.org\/0000-0003-1782-6370 Dr. Eduardo Augusto do Ros\u00e1rio Contani Governan\u00e7a e cria\u00e7\u00e3o de valor: formas de operacionaliza\u00e7\u00e3o em contextos de inova\u00e7\u00e3o tecnol\u00f3gica<\/p>\n","protected":false},"author":8,"featured_media":0,"parent":0,"menu_order":0,"comment_status":"closed","ping_status":"closed","template":"","meta":{"footnotes":""},"class_list":["post-1600","page","type-page","status-publish","hentry"],"acf":[],"_links":{"self":[{"href":"https:\/\/pos.uel.br\/ppga\/wp-json\/wp\/v2\/pages\/1600","targetHints":{"allow":["GET"]}}],"collection":[{"href":"https:\/\/pos.uel.br\/ppga\/wp-json\/wp\/v2\/pages"}],"about":[{"href":"https:\/\/pos.uel.br\/ppga\/wp-json\/wp\/v2\/types\/page"}],"author":[{"embeddable":true,"href":"https:\/\/pos.uel.br\/ppga\/wp-json\/wp\/v2\/users\/8"}],"replies":[{"embeddable":true,"href":"https:\/\/pos.uel.br\/ppga\/wp-json\/wp\/v2\/comments?post=1600"}],"version-history":[{"count":2,"href":"https:\/\/pos.uel.br\/ppga\/wp-json\/wp\/v2\/pages\/1600\/revisions"}],"predecessor-version":[{"id":1602,"href":"https:\/\/pos.uel.br\/ppga\/wp-json\/wp\/v2\/pages\/1600\/revisions\/1602"}],"wp:attachment":[{"href":"https:\/\/pos.uel.br\/ppga\/wp-json\/wp\/v2\/media?parent=1600"}],"curies":[{"name":"wp","href":"https:\/\/api.w.org\/{rel}","templated":true}]}}