{"id":1543,"date":"2024-10-14T18:09:31","date_gmt":"2024-10-14T21:09:31","guid":{"rendered":"https:\/\/pos.uel.br\/ppga\/?page_id=1543"},"modified":"2024-11-21T16:01:24","modified_gmt":"2024-11-21T19:01:24","slug":"maestria","status":"publish","type":"page","link":"https:\/\/pos.uel.br\/ppga\/es\/maestria\/","title":{"rendered":"Maestr\u00eda"},"content":{"rendered":"\n<div class=\"wp-block-uel-card\">\n<h2 class=\"wp-block-heading\">Maestria en Brasil<\/h2>\n\n\n\n<p>En Brasil, un programa de maestr\u00eda, o <strong>&#8220;mestrado&#8221;<\/strong>, es un programa de posgrado de nivel avanzado dise\u00f1ado para formar profesionales e investigadores en diversas \u00e1reas del conocimiento. Este tipo de programa combina estudios te\u00f3ricos y pr\u00e1cticos para profundizar los conocimientos en un campo espec\u00edfico y, al mismo tiempo, preparar al estudiante para contribuir a la investigaci\u00f3n y la innovaci\u00f3n.<\/p>\n<\/div>\n\n\n\n<div class=\"wp-block-uel-card\">\n<h2 class=\"wp-block-heading\">PPGA &#8211; UEL<\/h2>\n\n\n\n<p>El Programa de P\u00f3s-Gradua\u00e7\u00e3o em Administra\u00e7\u00e3o (PPGA) de la Universidad Estatal de Londrina (UEL)\u00a0est\u00e1 acreditado por CAPES <a href=\"https:\/\/www.gov.br\/capes\/pt-br\">(Coordena\u00e7\u00e3o de Aperfei\u00e7oamento de Pessoal de N\u00edvel Superior)<\/a>, una agencia del gobierno brasile\u00f1o vinculada al Ministerio de Educaci\u00f3n (MEC).<\/p>\n<\/div>\n\n\n\n<div class=\"wp-block-uel-card\">\n<ul class=\"wp-block-list\">\n<li><strong>T\u00edtulo Obtenido<\/strong>: Maestro en Administraci\u00f3n<\/li>\n\n\n\n<li><strong>Duraci\u00f3n<\/strong>: de 18 a 24 meses<\/li>\n\n\n\n<li><strong>Precio<\/strong>: el Programa de P\u00f3s-Gradua\u00e7\u00e3o em Administra\u00e7\u00e3o (PPGA) de la Universidad Estatal de Londrina (UEL) <strong>es completamente gratuito.<\/strong> Al ser parte de una universidad p\u00fablica brasile\u00f1a, no requiere el pago de matr\u00edcula, honorarios ni cuotas mensuales.<\/li>\n\n\n\n<li><strong>Proceso de admisi\u00f3n<\/strong>: El proceso de selecci\u00f3n se realiza anualmente y busca identificar candidatos con potencial acad\u00e9mico y compromiso de investigaci\u00f3n. La evaluaci\u00f3n incluye la presentaci\u00f3n de un proyecto de investigaci\u00f3n, un curr\u00edculo acad\u00e9mico detallado y una entrevista personal, lo cual permite al comit\u00e9 valorar la preparaci\u00f3n y motivaci\u00f3n de cada candidato.<\/li>\n\n\n\n<li>Para m\u00e1s informaci\u00f3n, puedes contactar a trav\u00e9s del correo electr\u00f3nico <strong><a href=\"ppga@uel.br\" data-type=\"link\" data-id=\"ppga@uel.br\">ppga@uel.br<\/a><\/strong>.<\/li>\n<\/ul>\n<\/div>\n\n\n\n<div class=\"wp-block-uel-card\">\n<p><strong>La Maestr\u00eda en Administraci\u00f3n del Programa de P\u00f3s-Gradua\u00e7\u00e3o em Administra\u00e7\u00e3o (PPGA)<\/strong> de la Universidad Estatal de Londrina es un programa presencial, ubicado en la ciudad de Londrina, que ofrece una formaci\u00f3n avanzada en administraci\u00f3n y gesti\u00f3n de organizaciones. El programa se estructura en dos l\u00edneas de investigaci\u00f3n: <em><strong>Gesti\u00f3n de Organizaciones<\/strong><\/em>, enfocada en el desarrollo y mejora de pr\u00e1cticas organizacionales, y <em><strong>Organizaciones, Poder y Sociedad<\/strong><\/em>, que examina cr\u00edticamente las din\u00e1micas de poder y el impacto social de las organizaciones.<\/p>\n<\/div>\n","protected":false},"excerpt":{"rendered":"","protected":false},"author":8,"featured_media":0,"parent":0,"menu_order":0,"comment_status":"closed","ping_status":"closed","template":"","meta":{"footnotes":""},"class_list":["post-1543","page","type-page","status-publish","hentry"],"acf":[],"_links":{"self":[{"href":"https:\/\/pos.uel.br\/ppga\/wp-json\/wp\/v2\/pages\/1543","targetHints":{"allow":["GET"]}}],"collection":[{"href":"https:\/\/pos.uel.br\/ppga\/wp-json\/wp\/v2\/pages"}],"about":[{"href":"https:\/\/pos.uel.br\/ppga\/wp-json\/wp\/v2\/types\/page"}],"author":[{"embeddable":true,"href":"https:\/\/pos.uel.br\/ppga\/wp-json\/wp\/v2\/users\/8"}],"replies":[{"embeddable":true,"href":"https:\/\/pos.uel.br\/ppga\/wp-json\/wp\/v2\/comments?post=1543"}],"version-history":[{"count":11,"href":"https:\/\/pos.uel.br\/ppga\/wp-json\/wp\/v2\/pages\/1543\/revisions"}],"predecessor-version":[{"id":1688,"href":"https:\/\/pos.uel.br\/ppga\/wp-json\/wp\/v2\/pages\/1543\/revisions\/1688"}],"wp:attachment":[{"href":"https:\/\/pos.uel.br\/ppga\/wp-json\/wp\/v2\/media?parent=1543"}],"curies":[{"name":"wp","href":"https:\/\/api.w.org\/{rel}","templated":true}]}}