{"id":1437,"date":"2024-10-10T16:38:59","date_gmt":"2024-10-10T19:38:59","guid":{"rendered":"https:\/\/pos.uel.br\/ppga\/pagina-inicial-espanol\/"},"modified":"2024-11-21T15:57:29","modified_gmt":"2024-11-21T18:57:29","slug":"pagina-inicial-espanol","status":"publish","type":"page","link":"https:\/\/pos.uel.br\/ppga\/es\/pagina-inicial-espanol\/","title":{"rendered":"P\u00e1gina inicial &#8211; Espa\u00f1ol"},"content":{"rendered":"\n<p><strong>Maestr\u00eda en Administraci\u00f3n \u2013 Programa de P\u00f3s-Gradua\u00e7\u00e3o em Administra\u00e7\u00e3o (PPGA)<\/strong><br><strong>Universidad Estadual de Londrina<\/strong><\/p>\n\n\n\n<p>El Programa de P\u00f3s-Gradua\u00e7\u00e3o em Administra\u00e7\u00e3o (PPGA) de la Universidad Estatal de Londrina (UEL) es una opci\u00f3n de excelencia acad\u00e9mica para quienes buscan profundizar sus conocimientos en administraci\u00f3n y contribuir a la investigaci\u00f3n en \u00e1reas estrat\u00e9gicas para el desarrollo sostenible y la innovaci\u00f3n en los sectores p\u00fablico y privado.<\/p>\n\n\n\n<p>El programa ofrece una formaci\u00f3n integral y gratuita, con un enfoque en temas contempor\u00e1neos como la gobernanza, la sostenibilidad y la innovaci\u00f3n tecnol\u00f3gica. Adem\u00e1s, el PPGA se destaca por su enfoque cr\u00edtico hacia el estudio de las organizaciones, investigando en profundidad sus estructuras y din\u00e1micas, especialmente en funci\u00f3n de las relaciones de poder que influyen en sus pr\u00e1cticas y pol\u00edticas.<\/p>\n\n\n\n<p>El PPGA est\u00e1 dirigido tanto a profesionales en activo como a investigadores interesados en contribuir al desarrollo del conocimiento en administraci\u00f3n. Ubicado en la ciudad de Londrina, un importante centro acad\u00e9mico y de innovaci\u00f3n en Brasil, el PPGA de la UEL fomenta un ambiente de aprendizaje colaborativo y multidisciplinario.<\/p>\n\n\n\n<p><strong>\u00danete al PPGA de la UEL y transforma tu carrera en administraci\u00f3n mientras contribuyes al avance del conocimiento en Brasil y en el mundo.<\/strong><\/p>\n\n\n\n<p><\/p>\n","protected":false},"excerpt":{"rendered":"<p>Maestr\u00eda en Administraci\u00f3n \u2013 Programa de P\u00f3s-Gradua\u00e7\u00e3o em Administra\u00e7\u00e3o (PPGA)Universidad Estadual de Londrina El Programa de P\u00f3s-Gradua\u00e7\u00e3o em Administra\u00e7\u00e3o (PPGA) de la Universidad Estatal de Londrina (UEL) es una opci\u00f3n de excelencia acad\u00e9mica para quienes buscan profundizar sus conocimientos en administraci\u00f3n y contribuir a la investigaci\u00f3n en \u00e1reas estrat\u00e9gicas para el desarrollo sostenible y la [&hellip;]<\/p>\n","protected":false},"author":5,"featured_media":1556,"parent":0,"menu_order":0,"comment_status":"closed","ping_status":"closed","template":"","meta":{"footnotes":""},"class_list":["post-1437","page","type-page","status-publish","has-post-thumbnail","hentry"],"acf":[],"_links":{"self":[{"href":"https:\/\/pos.uel.br\/ppga\/wp-json\/wp\/v2\/pages\/1437","targetHints":{"allow":["GET"]}}],"collection":[{"href":"https:\/\/pos.uel.br\/ppga\/wp-json\/wp\/v2\/pages"}],"about":[{"href":"https:\/\/pos.uel.br\/ppga\/wp-json\/wp\/v2\/types\/page"}],"author":[{"embeddable":true,"href":"https:\/\/pos.uel.br\/ppga\/wp-json\/wp\/v2\/users\/5"}],"replies":[{"embeddable":true,"href":"https:\/\/pos.uel.br\/ppga\/wp-json\/wp\/v2\/comments?post=1437"}],"version-history":[{"count":5,"href":"https:\/\/pos.uel.br\/ppga\/wp-json\/wp\/v2\/pages\/1437\/revisions"}],"predecessor-version":[{"id":1687,"href":"https:\/\/pos.uel.br\/ppga\/wp-json\/wp\/v2\/pages\/1437\/revisions\/1687"}],"wp:featuredmedia":[{"embeddable":true,"href":"https:\/\/pos.uel.br\/ppga\/wp-json\/wp\/v2\/media\/1556"}],"wp:attachment":[{"href":"https:\/\/pos.uel.br\/ppga\/wp-json\/wp\/v2\/media?parent=1437"}],"curies":[{"name":"wp","href":"https:\/\/api.w.org\/{rel}","templated":true}]}}